{"id":8072,"date":"2020-08-19T07:30:54","date_gmt":"2020-08-19T07:30:54","guid":{"rendered":"https:\/\/www.royalwingboomerangs.com\/?page_id=8072"},"modified":"2020-08-19T11:48:05","modified_gmt":"2020-08-19T11:48:05","slug":"register","status":"publish","type":"page","link":"https:\/\/www.royalwingboomerangs.com\/en\/register\/","title":{"rendered":"Register"},"content":{"rendered":"[vc_row el_class=&#8221;full-width&#8221;][vc_column width=&#8221;7\/12&#8243; el_class=&#8221;contact-form&#8221; css=&#8221;.vc_custom_1452052994146{padding-top: 100px !important;padding-right: 60px !important;padding-bottom: 20px !important;padding-left: 100px !important;}&#8221;][vc_column_text]\n<h2>WICHTIGER HINWEIS<\/h2>\n[\/vc_column_text][vc_column_text]Unser Angebot richtet sich ausschlie\u00dflich an gewerbliche Kunden, also Shopbetreiber, Verk\u00e4ufer, Grossh\u00e4ndler, Unternehmen, etc. Private Verbraucher finden einen passenden H\u00e4ndler \u00fcber unsere Verk\u00e4ufersuche. Gewerbliche Kunden k\u00f6nnen mit dem Button auf der rechten Seite mit der Registrierung fortfahren. Mit einer erfolgreichen Registrierung k\u00f6nnen Sie die H\u00e4ndlerpreise einsehen. F\u00fcr eine \u00dcberpr\u00fcfung unsererseits ist es erforderlich Firmendaten anzugeben, oder einen Gewerbenachweis zu erbringen. Bei Fragen nutzen Sie bitte unsere Kontaktm\u00f6glichkeiten.[\/vc_column_text][vc_row_inner gap=&#8221;25&#8243; css=&#8221;.vc_custom_1597837175723{padding-right: 20px !important;padding-left: 20px !important;}&#8221;][vc_column_inner width=&#8221;1\/2&#8243;][vc_custom_heading text=&#8221;F\u00fcr private Verbraucher:&#8221; font_container=&#8221;tag:h4|text_align:left&#8221; use_theme_fonts=&#8221;yes&#8221; css=&#8221;.vc_custom_1597837386073{margin-bottom: 10px !important;}&#8221;][vc_btn title=&#8221;ZUR VERK\u00c4UFERSUCHE &gt;&#8221; style=&#8221;custom&#8221; custom_background=&#8221;#bcbcbc&#8221; custom_text=&#8221;#404040&#8243; align=&#8221;center&#8221; link=&#8221;url:%23|||&#8221; el_class=&#8221;rak_registerpage_buttons&#8221; button_block=&#8221;true&#8221;][\/vc_column_inner][vc_column_inner width=&#8221;1\/2&#8243;][vc_custom_heading text=&#8221;F\u00fcr gewerbliche Kunden:&#8221; font_container=&#8221;tag:h4|text_align:left&#8221; use_theme_fonts=&#8221;yes&#8221; css=&#8221;.vc_custom_1597837391278{margin-bottom: 10px !important;}&#8221;][vc_btn title=&#8221;ZUR REGISTRIERUNG &gt;&#8221; style=&#8221;custom&#8221; custom_background=&#8221;#bcbcbc&#8221; custom_text=&#8221;#404040&#8243; align=&#8221;center&#8221; link=&#8221;url:%23|||&#8221; el_class=&#8221;rak_registerpage_buttons&#8221; button_block=&#8221;true&#8221;][\/vc_column_inner][\/vc_row_inner][vc_column_text]* Bei ausschlie\u00dflichem Verkauf an gewerbliche Kunden ist man vom Gesetzgeber verpflichtet, eine klare Abgrenzung zu ziehen, und Privatverk\u00e4ufe im Voraus zu unterbinden. Wir bitten um Ihr Verst\u00e4ndnis.[\/vc_column_text][\/vc_column][vc_column width=&#8221;5\/12&#8243; el_class=&#8221;contact-infor&#8221; css=&#8221;.vc_custom_1452052705035{padding-top: 100px !important;padding-right: 60px !important;padding-bottom: 150px !important;padding-left: 60px !important;background-color: #f2f2f2 !important;}&#8221;][vc_column_text]\n<h2>KONTAKT AUFNEHMEN<\/h2>\n[\/vc_column_text][vc_column_text]Ob H\u00e4ndleranfrage, Kritik, Verbesserungsvorschl\u00e4ge, Fragen zu Produkten von Kunden oder interessierte Medien, jede Mitteilung ist willkommen. Ihr Anliegen wird umgehend von uns bearbeitet[\/vc_column_text][vc_column_text el_class=&#8221;address&#8221;]\n<ul>\n<li><i class=\"fa fa-fax\">\u00a0<\/i> Address: Ifflandstrasse 35<br \/>\n30169 Hanover, Germany<\/li>\n<li><i class=\"fa fa-phone\">\u00a0<\/i> Telephone: +49 (0)511 -16 65 94 68<\/li>\n<li><i class=\"fa fa-envelope\">\u00a0<\/i> Mailadresse: contact@royalwingboomerangs.com<\/li>\n<\/ul>\n[\/vc_column_text][vc_column_text]\n<h3><strong>\u00d6ffnungszeiten<\/strong><\/h3>\n<p>Online 24 Stunden und 7 Tage die Woche ge\u00f6ffnet<\/p>\n<p>Support und Bearbeitung<br \/>\n<strong>Montag und Dienstag:<\/strong> 9:00 \u2013 18:00<br \/>\n<strong>Mittwoch und Freitag:<\/strong> 9:00 \u2013 16:30<br \/>\n<strong>Donnerstag:<\/strong> 9:00 \u2013 18:00[\/vc_column_text][\/vc_column][\/vc_row]\n","protected":false},"excerpt":{"rendered":"<p>[vc_row el_class=&#8221;full-width&#8221;][vc_column width=&#8221;7\/12&#8243; el_class=&#8221;contact-form&#8221; css=&#8221;.vc_custom_1452052994146{padding-top: 100px !important;padding-right: 60px !important;padding-bottom: 20px !important;padding-left: 100px !important;}&#8221;][vc_column_text] WICHTIGER HINWEIS [\/vc_column_text][vc_column_text]Unser Angebot richtet sich ausschlie\u00dflich an gewerbliche<\/p>\n","protected":false},"author":2,"featured_media":0,"parent":0,"menu_order":0,"comment_status":"open","ping_status":"open","template":"page-templates\/contact-page.php","meta":[],"yoast_head":"<!-- This site is optimized with the Yoast SEO plugin v17.1 - https:\/\/yoast.com\/wordpress\/plugins\/seo\/ -->\n<title>Register - Royal Wing Boomerangs<\/title>\n<meta name=\"robots\" content=\"index, follow, max-snippet:-1, max-image-preview:large, max-video-preview:-1\" \/>\n<link rel=\"canonical\" href=\"https:\/\/www.royalwingboomerangs.com\/en\/register\/\" \/>\n<meta property=\"og:locale\" content=\"en_US\" \/>\n<meta property=\"og:type\" content=\"article\" \/>\n<meta property=\"og:title\" content=\"Register - Royal Wing Boomerangs\" \/>\n<meta property=\"og:description\" content=\"[vc_row el_class=&#8221;full-width&#8221;][vc_column width=&#8221;7\/12&#8243; el_class=&#8221;contact-form&#8221; css=&#8221;.vc_custom_1452052994146{padding-top: 100px !important;padding-right: 60px !important;padding-bottom: 20px !important;padding-left: 100px !important;}&#8221;][vc_column_text] WICHTIGER HINWEIS [\/vc_column_text][vc_column_text]Unser Angebot richtet sich ausschlie\u00dflich an gewerbliche\" \/>\n<meta property=\"og:url\" content=\"https:\/\/www.royalwingboomerangs.com\/en\/register\/\" \/>\n<meta property=\"og:site_name\" content=\"Royal Wing Boomerangs\" \/>\n<meta property=\"article:modified_time\" content=\"2020-08-19T11:48:05+00:00\" \/>\n<meta name=\"twitter:card\" content=\"summary_large_image\" \/>\n<meta name=\"twitter:label1\" content=\"Est. reading time\" \/>\n\t<meta name=\"twitter:data1\" content=\"2 minutes\" \/>\n<script type=\"application\/ld+json\" class=\"yoast-schema-graph\">{\"@context\":\"https:\/\/schema.org\",\"@graph\":[{\"@type\":\"WebSite\",\"@id\":\"https:\/\/www.royalwingboomerangs.com\/en\/#website\",\"url\":\"https:\/\/www.royalwingboomerangs.com\/en\/\",\"name\":\"Royal Wing Boomerangs\",\"description\":\"manufacturer of luxury boomerangs, luxury furniture, jewelry, toys for adults, luxury gift, luxury, toys, giveaways\",\"potentialAction\":[{\"@type\":\"SearchAction\",\"target\":{\"@type\":\"EntryPoint\",\"urlTemplate\":\"https:\/\/www.royalwingboomerangs.com\/en\/?s={search_term_string}\"},\"query-input\":\"required name=search_term_string\"}],\"inLanguage\":\"en-US\"},{\"@type\":\"WebPage\",\"@id\":\"https:\/\/www.royalwingboomerangs.com\/en\/register\/#webpage\",\"url\":\"https:\/\/www.royalwingboomerangs.com\/en\/register\/\",\"name\":\"Register - Royal Wing Boomerangs\",\"isPartOf\":{\"@id\":\"https:\/\/www.royalwingboomerangs.com\/en\/#website\"},\"datePublished\":\"2020-08-19T07:30:54+00:00\",\"dateModified\":\"2020-08-19T11:48:05+00:00\",\"breadcrumb\":{\"@id\":\"https:\/\/www.royalwingboomerangs.com\/en\/register\/#breadcrumb\"},\"inLanguage\":\"en-US\",\"potentialAction\":[{\"@type\":\"ReadAction\",\"target\":[\"https:\/\/www.royalwingboomerangs.com\/en\/register\/\"]}]},{\"@type\":\"BreadcrumbList\",\"@id\":\"https:\/\/www.royalwingboomerangs.com\/en\/register\/#breadcrumb\",\"itemListElement\":[{\"@type\":\"ListItem\",\"position\":1,\"name\":\"Home\",\"item\":\"https:\/\/www.royalwingboomerangs.com\/en\/\"},{\"@type\":\"ListItem\",\"position\":2,\"name\":\"Register\"}]}]}<\/script>\n<!-- \/ Yoast SEO plugin. -->","yoast_head_json":{"title":"Register - Royal Wing Boomerangs","robots":{"index":"index","follow":"follow","max-snippet":"max-snippet:-1","max-image-preview":"max-image-preview:large","max-video-preview":"max-video-preview:-1"},"canonical":"https:\/\/www.royalwingboomerangs.com\/en\/register\/","og_locale":"en_US","og_type":"article","og_title":"Register - Royal Wing Boomerangs","og_description":"[vc_row el_class=&#8221;full-width&#8221;][vc_column width=&#8221;7\/12&#8243; el_class=&#8221;contact-form&#8221; css=&#8221;.vc_custom_1452052994146{padding-top: 100px !important;padding-right: 60px !important;padding-bottom: 20px !important;padding-left: 100px !important;}&#8221;][vc_column_text] WICHTIGER HINWEIS [\/vc_column_text][vc_column_text]Unser Angebot richtet sich ausschlie\u00dflich an gewerbliche","og_url":"https:\/\/www.royalwingboomerangs.com\/en\/register\/","og_site_name":"Royal Wing Boomerangs","article_modified_time":"2020-08-19T11:48:05+00:00","twitter_card":"summary_large_image","twitter_misc":{"Est. reading time":"2 minutes"},"schema":{"@context":"https:\/\/schema.org","@graph":[{"@type":"WebSite","@id":"https:\/\/www.royalwingboomerangs.com\/en\/#website","url":"https:\/\/www.royalwingboomerangs.com\/en\/","name":"Royal Wing Boomerangs","description":"manufacturer of luxury boomerangs, luxury furniture, jewelry, toys for adults, luxury gift, luxury, toys, giveaways","potentialAction":[{"@type":"SearchAction","target":{"@type":"EntryPoint","urlTemplate":"https:\/\/www.royalwingboomerangs.com\/en\/?s={search_term_string}"},"query-input":"required name=search_term_string"}],"inLanguage":"en-US"},{"@type":"WebPage","@id":"https:\/\/www.royalwingboomerangs.com\/en\/register\/#webpage","url":"https:\/\/www.royalwingboomerangs.com\/en\/register\/","name":"Register - Royal Wing Boomerangs","isPartOf":{"@id":"https:\/\/www.royalwingboomerangs.com\/en\/#website"},"datePublished":"2020-08-19T07:30:54+00:00","dateModified":"2020-08-19T11:48:05+00:00","breadcrumb":{"@id":"https:\/\/www.royalwingboomerangs.com\/en\/register\/#breadcrumb"},"inLanguage":"en-US","potentialAction":[{"@type":"ReadAction","target":["https:\/\/www.royalwingboomerangs.com\/en\/register\/"]}]},{"@type":"BreadcrumbList","@id":"https:\/\/www.royalwingboomerangs.com\/en\/register\/#breadcrumb","itemListElement":[{"@type":"ListItem","position":1,"name":"Home","item":"https:\/\/www.royalwingboomerangs.com\/en\/"},{"@type":"ListItem","position":2,"name":"Register"}]}]}},"_links":{"self":[{"href":"https:\/\/www.royalwingboomerangs.com\/en\/wp-json\/wp\/v2\/pages\/8072"}],"collection":[{"href":"https:\/\/www.royalwingboomerangs.com\/en\/wp-json\/wp\/v2\/pages"}],"about":[{"href":"https:\/\/www.royalwingboomerangs.com\/en\/wp-json\/wp\/v2\/types\/page"}],"author":[{"embeddable":true,"href":"https:\/\/www.royalwingboomerangs.com\/en\/wp-json\/wp\/v2\/users\/2"}],"replies":[{"embeddable":true,"href":"https:\/\/www.royalwingboomerangs.com\/en\/wp-json\/wp\/v2\/comments?post=8072"}],"version-history":[{"count":10,"href":"https:\/\/www.royalwingboomerangs.com\/en\/wp-json\/wp\/v2\/pages\/8072\/revisions"}],"predecessor-version":[{"id":8083,"href":"https:\/\/www.royalwingboomerangs.com\/en\/wp-json\/wp\/v2\/pages\/8072\/revisions\/8083"}],"wp:attachment":[{"href":"https:\/\/www.royalwingboomerangs.com\/en\/wp-json\/wp\/v2\/media?parent=8072"}],"curies":[{"name":"wp","href":"https:\/\/api.w.org\/{rel}","templated":true}]}}