{"id":8956,"date":"2021-08-22T04:21:56","date_gmt":"2021-10-20T09:50:38","guid":{"rendered":"https:\/\/www.royalwingboomerangs.com\/?post_type=product&#038;p=8956"},"modified":"2021-10-20T11:16:34","modified_gmt":"2021-10-20T11:16:34","slug":"royal-wing-bumerang-crossover","status":"publish","type":"product","link":"https:\/\/www.royalwingboomerangs.com\/de\/produkt\/royal-wing-bumerang-crossover\/","title":{"rendered":"Royal Wing Bumerang &#8220;Crossover&#8221;"},"content":{"rendered":"<p><span class=\"VIiyi\" lang=\"de\"><span class=\"JLqJ4b ChMk0b\" data-language-for-alternatives=\"de\" data-language-to-translate-into=\"en\" data-phrase-index=\"0\" data-number-of-phrases=\"7\">Der Name spricht f\u00fcr sich.<\/span> <span class=\"JLqJ4b ChMk0b\" data-language-for-alternatives=\"de\" data-language-to-translate-into=\"en\" data-phrase-index=\"1\" data-number-of-phrases=\"7\">Es sieht aus wie zwei sich \u00fcberkreuzende H\u00e4lften, kombiniert mit einem komfortablen Griff f\u00fcr einen festen Halt beim Wurf.<\/span> <span class=\"JLqJ4b ChMk0b\" data-language-for-alternatives=\"de\" data-language-to-translate-into=\"en\" data-phrase-index=\"2\" data-number-of-phrases=\"7\">Der Bumerang Crossover sieht im positiven Sinne cool aus, hat aber auch f\u00fcr Anf\u00e4ngerwerfer tolle Flugeigenschaften.<\/span> <span class=\"JLqJ4b ChMk0b\" data-language-for-alternatives=\"de\" data-language-to-translate-into=\"en\" data-phrase-index=\"3\" data-number-of-phrases=\"7\">Der Flugradius ist mittel, so dass man ihn fast \u00fcberall werfen kann.<\/span> <span class=\"JLqJ4b ChMk0b\" data-language-for-alternatives=\"de\" data-language-to-translate-into=\"en\" data-phrase-index=\"4\" data-number-of-phrases=\"7\">Wenn alle Wurfwinkel stimmen, wird man mit einem sch\u00f6nen halbhohen Rundflug belohnt.<\/span> <span class=\"JLqJ4b ChMk0b\" data-language-for-alternatives=\"de\" data-language-to-translate-into=\"en\" data-phrase-index=\"5\" data-number-of-phrases=\"7\">Aufgrund seiner Masse, Gr\u00f6\u00dfe und Geschwindigkeit kann der Crossover auch vom Anf\u00e4nger, Fortgeschrittenen und Experten geworfen werden.<\/span> <span class=\"JLqJ4b ChMk0b\" data-language-for-alternatives=\"de\" data-language-to-translate-into=\"en\" data-phrase-index=\"6\" data-number-of-phrases=\"7\">Neben der Verwendung als Luxus-Sportger\u00e4t kann es flexibel eingesetzt werden f\u00fcr ein wertvolles Geschenk, Preis f\u00fcr einen Wettbewerb oder eine Auszeichnung, Wanddekoration, Sammeln, Statussymbol, &#8230;<\/span><\/span><\/p>\n<p>&nbsp;<\/p>\n<p><span class=\"VIiyi\" lang=\"de\"><span class=\"JLqJ4b\" data-language-for-alternatives=\"de\" data-language-to-translate-into=\"en\" data-phrase-index=\"0\" data-number-of-phrases=\"1\">Dabei werden nur hochwertigste Materialien verwendet. Der Bumerang besteht aus zwei Schichten <\/span><\/span><span class=\"VIiyi\" lang=\"de\"><span class=\"JLqJ4b\" data-language-for-alternatives=\"de\" data-language-to-translate-into=\"en\" data-phrase-index=\"0\" data-number-of-phrases=\"1\">Birkensperrholz <\/span><\/span><span class=\"VIiyi\" lang=\"de\"><span class=\"JLqJ4b\" data-language-for-alternatives=\"de\" data-language-to-translate-into=\"en\" data-phrase-index=\"0\" data-number-of-phrases=\"1\">je mm , wurde mit Spezial\u00f6l versiegelt, mehrere Schichten grundiert, mit Farbe lackiert und mit Klarlack versiegelt. Auf den Fl\u00fcgelspitzen wurde echtes und reines Goldpulver verwendet, ebenso auf der R\u00fcckseite beim Logo und Goldflocken. Es werden hochwertige Moissanite Steine \u200b\u200bin 3mm und 8mm Gr\u00f6\u00dfe (2 Karat) verwendet. Das macht den Luxus-Bumerang zu einem echten \u201eSchmuckst\u00fcck\u201c. Aber auch dank des wertvollen Massivholzrahmens ( Spezialanfertigung ), auf dem alle Metallteile 23,75k vergoldet sind. Auch die Gravurplatte ist etwas Besonderes, denn sie wurde nicht aus einer Metallplatte gestanzt, sondern in einem aufwendigen Verfahren gegossen und anschlie\u00dfend poliert. Auch die luxuri\u00f6se Transporttasche aus echtem Leder rundet das gesamte Sortiment ab.<\/span><\/span><\/p>\n<p>Flugverhalten, Aussehen und mehr Informationen kann man auf unserem Youtubevideo entdecken. <a href=\"https:\/\/www.youtube.com\/watch?v=UdleKpMDMBM\" target=\"_blank\" rel=\"noopener\">Film ansehen<\/a><\/p>\n<p>Beim \u00dcbungsbumerang wurde vergoldetes Metallpulver verwendet in der Goldversion. Der Trainingsbumerang ist daher insgesamt nicht so wertvoll, sodass man beim Werfen nicht vorsichtig sein muss. Weitere Angaben zu den Materialien und Bumerangs k\u00f6nnen Sie hier einsehen. Information (\u00a0 <a href=\"https:\/\/www.royalwingboomerangs.com\/de\/kontakt\/\">Produktinfo<\/a> )<\/p>\n<p>&nbsp;<\/p>\n<p>Ihre und unsere Gesundheit liegt uns am Herzen, weswegen wir nur m\u00f6glichst schadstoffarme Lacke am Bumerang verwenden.<\/p>\n<p>Der Royal Wing Bumerang Crossover ist das ideale Geschenk, Statussymbol, Dekorationsobjekt ( Wandschmuck ) und Sportger\u00e4t f\u00fcr anspruchsvolle Kunden.<\/p>\n<p>&nbsp;<\/p>\n<p><strong>Gr\u00f6\u00dfe:<\/strong> 53 cm Breite x 31 cm H\u00f6he <strong>Gewicht:<\/strong> ungef\u00e4hr 140 Gramm <strong>Flugzeit:<\/strong> ungef\u00e4hr 15 Sekunden <strong>Flugdistanz:<\/strong> mittel<br \/>\n<strong>Windfenster:<\/strong> 0-3 <strong>Altersempfehlung:<\/strong> Erwachsene oder unter Aufsicht von Erwachsenen\u00a0 <strong>Schwierigkeitsgrad:<\/strong> Anf\u00e4nger<br \/>\n<strong>Neigungswinkel:<\/strong> 5-15\u00b0 <strong>Horizontwinkel:<\/strong> 5-15\u00b0<\/p>\n<p>&nbsp;<\/p>\n<h3>Lieferumfang:<\/h3>\n<p>\u2013 Hauptbumerang Crossover in schwarz \/ goldener Farbe. Mit 23,75K echtem Gold vergoldet. Auf der R\u00fcckseite 23K Blattgoldflocken. Enth\u00e4lt 3x 2 Karat sehr hochwertige spezielle handverlesene Moissanite Steine \u200b\u200b( inklusive Zertifikat IGI ), au\u00dferdem 9x 3mm Moissanite Steine. Online haben wir gesehen, dass vergleichbare 2 Karat Edelsteine bis zu je 1200 Dollar ( USA ) verkauft werden.<\/p>\n<p>\u2013 Inklusive Trainingsbumerang in Wei\u00df\/Gold zum \u00dcben (oder wenn Sie den wertvollen schwarzen Bumerang nicht werfen m\u00f6chten). Ohne Juwelen, aber mit 23,75K plattiertem Metallpulver und auf der R\u00fcckseite 23K Blattgoldflocken.<\/p>\n<p>\u2013 Wertvoller massgefertigter Massivholzrahmen mit vielen echt vergoldeten Metallteilen. 2 verschiedene Versionen sind verf\u00fcgbar. Sie k\u00f6nnen diese einfach ausw\u00e4hlen.<\/p>\n<p>\u2013 Edle und sichere Luxusverpackung.<\/p>\n<p>\u2013 Echtledertasche mit 23,75K beschichteten Metallteilen f\u00fcr besseren Schutz, inklusive Staubbeutel.<\/p>\n<p>\u2013 Zusatzausstattung wie Schraubendreher, Reinigungstextil, Rahmenhalter<\/p>\n<p>\u2013 Handbuch<\/p>\n<p>&nbsp;<\/p>\n<p><strong>Hinweis:<\/strong> Royal Wing Bumerangs sind nicht nur besonders Luxuri\u00f6s, sondern auch gr\u00f6\u00dfer und schwerer als \u00dcblich. Eine echte \u201cK\u00f6nigsklasse\u201d f\u00fcr sich. JEDER Bumerang wird von uns als Holzrohling getestet, und ist definitiv gefangen worden.<\/p>\n<p><strong>Tipp:<\/strong> Trotz etwas weniger Gef\u00fchl beim Abwurf sind Fahrradhandschuhe wegen der \u201cVerletzungsgef\u00e4hr\u201d beim Fangen empfehlenswert. Auf ausreichend Abstand zu Hindernissen achten. Ringe, Armketten und Uhren sollte man vorab ablegen, damit der Bumerang beim Fangen nicht besch\u00e4digt wird.<\/p>\n<p>&nbsp;<\/p>\n<p><span style=\"color: #e3af31;\"><strong>*<\/strong><\/span> Bumerangs sind Sportger\u00e4te, und keine Spielger\u00e4te gem. der Spielzeug Richtlinie<br \/>\n<span style=\"color: #e3af31;\">*<\/span> Abstufungen: Anf\u00e4nger, Fortgeschritten, Experte. Jeder kann mit dem Bumerang Eaglewing Spa\u00df haben.<\/p>\n<p>&nbsp;<\/p>\n<p><strong><span style=\"color: #e3af31;\">Important:<\/span><\/strong><\/p>\n<ul>\n<li>Informationen zum geschichtlichen Ursprung von Bumerangs. Auf\u00a0 <a href=\"https:\/\/www.youtube.com\/watch?v=zX4KSqLbQjI\" target=\"_blank\" rel=\"noopener\">Youtube<\/a> oder auf dieser Homepage <a href=\"https:\/\/www.royalwingboomerangs.com\/de\/information\/videos\/\">Ansehen<\/a><\/li>\n<li>Anfragen von Privatkunden oder kommerziellen H\u00e4ndlern f\u00fcr eine Partnerschaft sind jederzeit willkommen.<\/li>\n<li>Versionen mit synthetischen oder echten Diamanten m\u00f6glich auf Anfrage. In dem Fall w\u00e4re auch der komplette Rahmen mit echtem 23,75K Blattgold versehen.<\/li>\n<li>Es ist nur der Anfang, wir haben viele weitere Pl\u00e4ne und Ideen f\u00fcr die Zukunft.<\/li>\n<\/ul>\n<p>&nbsp;<\/p>\n","protected":false},"excerpt":{"rendered":"<p><span class=\"VIiyi\" lang=\"de\"><span class=\"JLqJ4b ChMk0b\" data-language-for-alternatives=\"de\" data-language-to-translate-into=\"en\" data-phrase-index=\"0\" data-number-of-phrases=\"5\">Dieser Luxusbumerang &#8220;CROSSOVER&#8221; hat ein ganz besonderes Design, und sieht zusammen mit dem goldenen Rahmen an der Wand absolut einzigartig aus.<\/span> <span class=\"JLqJ4b ChMk0b\" data-language-for-alternatives=\"de\" data-language-to-translate-into=\"en\" data-phrase-index=\"1\" data-number-of-phrases=\"5\">Er kann vom Anf\u00e4nger bis zum K\u00f6nner geworfen und gefangen werden, macht aber auf jeden Fall viel Spa\u00df.<\/span> <span class=\"JLqJ4b ChMk0b\" data-language-for-alternatives=\"de\" data-language-to-translate-into=\"en\" data-phrase-index=\"2\" data-number-of-phrases=\"5\">Wertvolle Materialien werden verwendet, gemischt mit neuen Innovationen wie speziellen Juwelenhaltern, viel Ausstattung und cleveren Ideen wie dem &#8220;Stealthdesign&#8221; auf der R\u00fcckseite, Trainingsbumerang in wei\u00dfer Farbe (auf der R\u00fcckseite des Rahmens befestigt), usw.<\/span> <span class=\"JLqJ4b ChMk0b\" data-language-for-alternatives=\"de\" data-language-to-translate-into=\"en\" data-phrase-index=\"3\" data-number-of-phrases=\"5\">Dar\u00fcberhinaus achten wir auf hohe Qualit\u00e4t und Kundengesundheit.<\/span> <span class=\"JLqJ4b ChMk0b\" data-language-for-alternatives=\"de\" data-language-to-translate-into=\"en\" data-phrase-index=\"4\" data-number-of-phrases=\"5\">Der Bumerang ist mit umweltfreundlichem Lack bemalt, welcher unter anderem auch f\u00fcr Kinderspielzeug verwendet wird.<\/span><\/span><\/p>\n","protected":false},"featured_media":8343,"comment_status":"closed","ping_status":"closed","template":"","meta":[],"product_cat":[186],"product_tag":[],"yoast_head":"<!-- This site is optimized with the Yoast SEO plugin v17.1 - https:\/\/yoast.com\/wordpress\/plugins\/seo\/ -->\n<title>Royal Wing Bumerang &quot;Crossover&quot; - Royal Wing Boomerangs<\/title>\n<meta name=\"robots\" content=\"index, follow, max-snippet:-1, max-image-preview:large, max-video-preview:-1\" \/>\n<link rel=\"canonical\" href=\"https:\/\/www.royalwingboomerangs.com\/de\/produkt\/royal-wing-bumerang-crossover\/\" \/>\n<meta property=\"og:locale\" content=\"de_DE\" \/>\n<meta property=\"og:type\" content=\"article\" \/>\n<meta property=\"og:title\" content=\"Royal Wing Bumerang &quot;Crossover&quot; - Royal Wing Boomerangs\" \/>\n<meta property=\"og:description\" content=\"Dieser Luxusbumerang &quot;CROSSOVER&quot; hat ein ganz besonderes Design, und sieht zusammen mit dem goldenen Rahmen an der Wand absolut einzigartig aus. Er kann vom Anf\u00e4nger bis zum K\u00f6nner geworfen und gefangen werden, macht aber auf jeden Fall viel Spa\u00df. Wertvolle Materialien werden verwendet, gemischt mit neuen Innovationen wie speziellen Juwelenhaltern, viel Ausstattung und cleveren Ideen wie dem &quot;Stealthdesign&quot; auf der R\u00fcckseite, Trainingsbumerang in wei\u00dfer Farbe (auf der R\u00fcckseite des Rahmens befestigt), usw. Dar\u00fcberhinaus achten wir auf hohe Qualit\u00e4t und Kundengesundheit. Der Bumerang ist mit umweltfreundlichem Lack bemalt, welcher unter anderem auch f\u00fcr Kinderspielzeug verwendet wird.\" \/>\n<meta property=\"og:url\" content=\"https:\/\/www.royalwingboomerangs.com\/de\/produkt\/royal-wing-bumerang-crossover\/\" \/>\n<meta property=\"og:site_name\" content=\"Royal Wing Boomerangs\" \/>\n<meta property=\"article:modified_time\" content=\"2021-10-20T11:16:34+00:00\" \/>\n<meta property=\"og:image\" content=\"https:\/\/www.royalwingboomerangs.com\/wp-content\/uploads\/2014\/10\/crossover-1024x576-1.jpg\" \/>\n\t<meta property=\"og:image:width\" content=\"1067\" \/>\n\t<meta property=\"og:image:height\" content=\"600\" \/>\n<meta name=\"twitter:card\" content=\"summary_large_image\" \/>\n<meta name=\"twitter:label1\" content=\"Gesch\u00e4tzte Lesezeit\" \/>\n\t<meta name=\"twitter:data1\" content=\"3\u00a0Minuten\" \/>\n<script type=\"application\/ld+json\" class=\"yoast-schema-graph\">{\"@context\":\"https:\/\/schema.org\",\"@graph\":[{\"@type\":\"WebSite\",\"@id\":\"https:\/\/www.royalwingboomerangs.com\/en\/#website\",\"url\":\"https:\/\/www.royalwingboomerangs.com\/en\/\",\"name\":\"Royal Wing Boomerangs\",\"description\":\"Manufaktur f\\u00fcr Luxusbumerangs \/ Luxusspielzeug f\\u00fcr Erwachsene, Luxusgeschenk, Luxus, Spielzeug, Werbegeschenke, Wandschmuck, Teuer, Luxusm\\u00f6bel, Kaufen, Hersteller, Unternehmen, Dekoration, Sportartikel\",\"potentialAction\":[{\"@type\":\"SearchAction\",\"target\":{\"@type\":\"EntryPoint\",\"urlTemplate\":\"https:\/\/www.royalwingboomerangs.com\/en\/?s={search_term_string}\"},\"query-input\":\"required name=search_term_string\"}],\"inLanguage\":\"de\"},{\"@type\":\"ImageObject\",\"@id\":\"https:\/\/www.royalwingboomerangs.com\/de\/produkt\/royal-wing-bumerang-crossover\/#primaryimage\",\"inLanguage\":\"de\",\"url\":\"https:\/\/www.royalwingboomerangs.com\/wp-content\/uploads\/2014\/10\/crossover-1024x576-1.jpg\",\"contentUrl\":\"https:\/\/www.royalwingboomerangs.com\/wp-content\/uploads\/2014\/10\/crossover-1024x576-1.jpg\",\"width\":1067,\"height\":600},{\"@type\":\"WebPage\",\"@id\":\"https:\/\/www.royalwingboomerangs.com\/de\/produkt\/royal-wing-bumerang-crossover\/#webpage\",\"url\":\"https:\/\/www.royalwingboomerangs.com\/de\/produkt\/royal-wing-bumerang-crossover\/\",\"name\":\"Royal Wing Bumerang \\\"Crossover\\\" - Royal Wing Boomerangs\",\"isPartOf\":{\"@id\":\"https:\/\/www.royalwingboomerangs.com\/en\/#website\"},\"primaryImageOfPage\":{\"@id\":\"https:\/\/www.royalwingboomerangs.com\/de\/produkt\/royal-wing-bumerang-crossover\/#primaryimage\"},\"datePublished\":\"2021-10-20T09:50:38+00:00\",\"dateModified\":\"2021-10-20T11:16:34+00:00\",\"breadcrumb\":{\"@id\":\"https:\/\/www.royalwingboomerangs.com\/de\/produkt\/royal-wing-bumerang-crossover\/#breadcrumb\"},\"inLanguage\":\"de\",\"potentialAction\":[{\"@type\":\"ReadAction\",\"target\":[\"https:\/\/www.royalwingboomerangs.com\/de\/produkt\/royal-wing-bumerang-crossover\/\"]}]},{\"@type\":\"BreadcrumbList\",\"@id\":\"https:\/\/www.royalwingboomerangs.com\/de\/produkt\/royal-wing-bumerang-crossover\/#breadcrumb\",\"itemListElement\":[{\"@type\":\"ListItem\",\"position\":1,\"name\":\"Home\",\"item\":\"https:\/\/www.royalwingboomerangs.com\/de\/\"},{\"@type\":\"ListItem\",\"position\":2,\"name\":\"LUXUSBUMERANGS\",\"item\":\"https:\/\/www.royalwingboomerangs.com\/de\/shop-2\/\"},{\"@type\":\"ListItem\",\"position\":3,\"name\":\"Royal Wing Bumerang &#8220;Crossover&#8221;\"}]}]}<\/script>\n<!-- \/ Yoast SEO plugin. -->","yoast_head_json":{"title":"Royal Wing Bumerang \"Crossover\" - Royal Wing Boomerangs","robots":{"index":"index","follow":"follow","max-snippet":"max-snippet:-1","max-image-preview":"max-image-preview:large","max-video-preview":"max-video-preview:-1"},"canonical":"https:\/\/www.royalwingboomerangs.com\/de\/produkt\/royal-wing-bumerang-crossover\/","og_locale":"de_DE","og_type":"article","og_title":"Royal Wing Bumerang \"Crossover\" - Royal Wing Boomerangs","og_description":"Dieser Luxusbumerang \"CROSSOVER\" hat ein ganz besonderes Design, und sieht zusammen mit dem goldenen Rahmen an der Wand absolut einzigartig aus. Er kann vom Anf\u00e4nger bis zum K\u00f6nner geworfen und gefangen werden, macht aber auf jeden Fall viel Spa\u00df. Wertvolle Materialien werden verwendet, gemischt mit neuen Innovationen wie speziellen Juwelenhaltern, viel Ausstattung und cleveren Ideen wie dem \"Stealthdesign\" auf der R\u00fcckseite, Trainingsbumerang in wei\u00dfer Farbe (auf der R\u00fcckseite des Rahmens befestigt), usw. Dar\u00fcberhinaus achten wir auf hohe Qualit\u00e4t und Kundengesundheit. Der Bumerang ist mit umweltfreundlichem Lack bemalt, welcher unter anderem auch f\u00fcr Kinderspielzeug verwendet wird.","og_url":"https:\/\/www.royalwingboomerangs.com\/de\/produkt\/royal-wing-bumerang-crossover\/","og_site_name":"Royal Wing Boomerangs","article_modified_time":"2021-10-20T11:16:34+00:00","og_image":[{"width":1067,"height":600,"url":"https:\/\/www.royalwingboomerangs.com\/wp-content\/uploads\/2014\/10\/crossover-1024x576-1.jpg","path":"\/var\/www\/kle124-165\/apps\/royal\/wp-content\/uploads\/2014\/10\/crossover-1024x576-1.jpg","size":"full","id":8343,"alt":"","pixels":640200,"type":"image\/jpeg"}],"twitter_card":"summary_large_image","twitter_misc":{"Gesch\u00e4tzte Lesezeit":"3\u00a0Minuten"},"schema":{"@context":"https:\/\/schema.org","@graph":[{"@type":"WebSite","@id":"https:\/\/www.royalwingboomerangs.com\/en\/#website","url":"https:\/\/www.royalwingboomerangs.com\/en\/","name":"Royal Wing Boomerangs","description":"Manufaktur f\u00fcr Luxusbumerangs \/ Luxusspielzeug f\u00fcr Erwachsene, Luxusgeschenk, Luxus, Spielzeug, Werbegeschenke, Wandschmuck, Teuer, Luxusm\u00f6bel, Kaufen, Hersteller, Unternehmen, Dekoration, Sportartikel","potentialAction":[{"@type":"SearchAction","target":{"@type":"EntryPoint","urlTemplate":"https:\/\/www.royalwingboomerangs.com\/en\/?s={search_term_string}"},"query-input":"required name=search_term_string"}],"inLanguage":"de"},{"@type":"ImageObject","@id":"https:\/\/www.royalwingboomerangs.com\/de\/produkt\/royal-wing-bumerang-crossover\/#primaryimage","inLanguage":"de","url":"https:\/\/www.royalwingboomerangs.com\/wp-content\/uploads\/2014\/10\/crossover-1024x576-1.jpg","contentUrl":"https:\/\/www.royalwingboomerangs.com\/wp-content\/uploads\/2014\/10\/crossover-1024x576-1.jpg","width":1067,"height":600},{"@type":"WebPage","@id":"https:\/\/www.royalwingboomerangs.com\/de\/produkt\/royal-wing-bumerang-crossover\/#webpage","url":"https:\/\/www.royalwingboomerangs.com\/de\/produkt\/royal-wing-bumerang-crossover\/","name":"Royal Wing Bumerang \"Crossover\" - Royal Wing Boomerangs","isPartOf":{"@id":"https:\/\/www.royalwingboomerangs.com\/en\/#website"},"primaryImageOfPage":{"@id":"https:\/\/www.royalwingboomerangs.com\/de\/produkt\/royal-wing-bumerang-crossover\/#primaryimage"},"datePublished":"2021-10-20T09:50:38+00:00","dateModified":"2021-10-20T11:16:34+00:00","breadcrumb":{"@id":"https:\/\/www.royalwingboomerangs.com\/de\/produkt\/royal-wing-bumerang-crossover\/#breadcrumb"},"inLanguage":"de","potentialAction":[{"@type":"ReadAction","target":["https:\/\/www.royalwingboomerangs.com\/de\/produkt\/royal-wing-bumerang-crossover\/"]}]},{"@type":"BreadcrumbList","@id":"https:\/\/www.royalwingboomerangs.com\/de\/produkt\/royal-wing-bumerang-crossover\/#breadcrumb","itemListElement":[{"@type":"ListItem","position":1,"name":"Home","item":"https:\/\/www.royalwingboomerangs.com\/de\/"},{"@type":"ListItem","position":2,"name":"LUXUSBUMERANGS","item":"https:\/\/www.royalwingboomerangs.com\/de\/shop-2\/"},{"@type":"ListItem","position":3,"name":"Royal Wing Bumerang &#8220;Crossover&#8221;"}]}]}},"_links":{"self":[{"href":"https:\/\/www.royalwingboomerangs.com\/de\/wp-json\/wp\/v2\/product\/8956"}],"collection":[{"href":"https:\/\/www.royalwingboomerangs.com\/de\/wp-json\/wp\/v2\/product"}],"about":[{"href":"https:\/\/www.royalwingboomerangs.com\/de\/wp-json\/wp\/v2\/types\/product"}],"replies":[{"embeddable":true,"href":"https:\/\/www.royalwingboomerangs.com\/de\/wp-json\/wp\/v2\/comments?post=8956"}],"wp:featuredmedia":[{"embeddable":true,"href":"https:\/\/www.royalwingboomerangs.com\/de\/wp-json\/wp\/v2\/media\/8343"}],"wp:attachment":[{"href":"https:\/\/www.royalwingboomerangs.com\/de\/wp-json\/wp\/v2\/media?parent=8956"}],"wp:term":[{"taxonomy":"product_cat","embeddable":true,"href":"https:\/\/www.royalwingboomerangs.com\/de\/wp-json\/wp\/v2\/product_cat?post=8956"},{"taxonomy":"product_tag","embeddable":true,"href":"https:\/\/www.royalwingboomerangs.com\/de\/wp-json\/wp\/v2\/product_tag?post=8956"}],"curies":[{"name":"wp","href":"https:\/\/api.w.org\/{rel}","templated":true}]}}