{"id":8872,"date":"2021-08-18T11:26:29","date_gmt":"2021-10-19T14:04:25","guid":{"rendered":"https:\/\/www.royalwingboomerangs.com\/?post_type=product&#038;p=8872"},"modified":"2021-10-21T15:16:54","modified_gmt":"2021-10-21T15:16:54","slug":"royal-wing-bumerang-planum","status":"publish","type":"product","link":"https:\/\/www.royalwingboomerangs.com\/de\/produkt\/royal-wing-bumerang-planum\/","title":{"rendered":"Royal Wing Boomerang &#8220;Planum&#8221;"},"content":{"rendered":"<p>Es gibt kaum einen Namen f\u00fcr diesen Bumerang, welcher besser passen w\u00fcrde. Planum beschreibt normalerweise eine Hochebene. Genau so sieht er vom Design aus, was ihn nebenbei auch wunderbar f\u00fcr die Platzierung von einem Logo pr\u00e4distiniert, welche meistens in die L\u00e4nge gestreckt sind. Auf jeden Fall h\u00e4lt man ordentlich was in der Hand, denn er ist knapp 48 Zentimeter breit und mit \u00fcber 30 Zentimetern auch sehr hoch. Sein Flug ist elegant, stabil und halbhoch, sodass er gut gefangen werden kann. Der Plateau Bumerang macht sich aber auch sehr gut als Geschenk oder an der Wand zur Dekoration. Vom Schwierigkeitsgrad liegt dieser Bumerang zwischen Fortgeschrittenem und Experten, kann mit etwas \u00dcbung aber auch von Anf\u00e4ngern geworfen werden.<\/p>\n<p>&nbsp;<\/p>\n<p>Nur hochwertigste Materialien werden eingesetzt. Er besteht aus 10 schichtigem Birkensperrholz, wurde mit speziellem \u00d6l &#8220;versiegelt, mehrere Schichten grundiert, mit Farbe lackiert und mit Klarlack versiegelt. An den Fl\u00fcgelenden wurde echtes Goldpulver verwendet, ebenso Blattgold beim Logo und Goldflocken auf der R\u00fcckseite. Bei der silbernen Version hingegen Platinpulver. Dar\u00fcberhinaus werden nat\u00fcrliche Schmucksteine, in diesem Fall klare Moissanite in 3mm und 8mm Gr\u00f6\u00dfe verwendet. Das macht den Luxusbumerang zu einem echten &#8220;Schmuckst\u00fcck&#8221;. Allerdings auch durch den wertvollen Massivholzrahmen, an dem alle Metallteile vergoldet sind. Selbst das Gravurschild ist etwas Besonderes, denn es wurde nicht aus einer Metallplatte gestanzt, sondern in einem aufwendigen Verfahren gegossen und danach poliert. Auch die luxuri\u00f6se Transporttasche aus echtem Leder rundet das Gesamtangebot erstklassig ab.<\/p>\n<p>&nbsp;<\/p>\n<p>Flugverhalten, Aussehen und mehr Informationen kann man auf unserem Youtubevideo entdecken. Film ansehen ( In Vorbereitung )<\/p>\n<p>&nbsp;<\/p>\n<p>Beim \u00dcbungsbumerang wurde vergoldetes Metallpulver verwendet in der &#8220;Goldversion&#8221;, in der &#8220;Silberversion&#8221; hingegen versilbertes Metallpulver. Sie sind daher insgesamt nicht so wertvoll, sodass man beim Werfen nicht so vorsichtig sein muss. Weitere Angaben zu den Materialien und Bumerangs k\u00f6nnen Sie hier einsehen. Information (\u00a0 <a href=\"https:\/\/www.royalwingboomerangs.com\/de\/contact\/\">Produktinfo<\/a> )<\/p>\n<p>&nbsp;<\/p>\n<p>Ihre und unsere Gesundheit liegt uns am Herzen, weswegen wir nur m\u00f6glichst schadstoffarme Lacke am Bumerang verwenden.<\/p>\n<p>&nbsp;<\/p>\n<p>Der Royal Wing Bumerang Planum ist das ideale Geschenk, Statussymbol, Dekorationsobjekt ( Wandschmuck ) und Sportger\u00e4t f\u00fcr anspruchsvolle Kunden.<\/p>\n<p>&nbsp;<\/p>\n<p><strong>Gr\u00f6\u00dfe:<\/strong> 47,5 cm Breite x 31 cm H\u00f6he <strong>Gewicht:<\/strong> ungef\u00e4hr 145 Gramm <strong>Flugzeit:<\/strong> ungef\u00e4hr. 16 Sekunden <strong>Flugdistanz:<\/strong> mittel<br \/>\n<strong>Windfenster:<\/strong> 0-3 <strong>Altersempfehlung:<\/strong> Erwachsene oder unter Aufsicht von Erwachsenen\u00a0 <strong>Schwierigkeitsgrad:<\/strong> ab Fortgeschritten<br \/>\n<strong>Neigungswinkel:<\/strong> 5-15\u00b0 <strong>Horizontwinkel:<\/strong> 5-15\u00b0<\/p>\n<p>&nbsp;<\/p>\n<h3>Lieferumfang:<\/h3>\n<p>\u2013 Hauptbumerang Planum in schwarz \/ goldener Farbe. Mit 23,75K echtem Gold vergoldet. Auf der R\u00fcckseite 23K Blattgoldflocken. Enth\u00e4lt 3x 2 Karat sehr hochwertige spezielle handverlesene Moissanite Steine \u200b\u200b( inklusive Zertifikat IGI ), au\u00dferdem 9x 3mm Moissanite Steine. Online haben wir gesehen, dass vergleichbare 2 Karat Edelsteine bis zu je 1200 Dollar ( USA ) verkauft werden.<\/p>\n<p>\u2013 Inklusive Trainingsbumerang in Wei\u00df\/Gold zum \u00dcben (oder wenn Sie den wertvollen schwarzen Bumerang nicht werfen m\u00f6chten). Ohne Juwelen, aber mit 23,75K plattiertem Metallpulver und auf der R\u00fcckseite 23K Blattgoldflocken. ( Bild aktuell nicht verf\u00fcgbar, aber wenn Sie sehen m\u00f6chten, wie es ungef\u00e4hr aussehen wird, k\u00f6nnen Sie ein wei\u00dfes Exemplar auf dem Video zu unserem Bumerang <a href=\"https:\/\/www.youtube.com\/watch?v=UdleKpMDMBM\" target=\"_blank\" rel=\"noopener\">Crossover<\/a> sehen)<\/p>\n<p>\u2013 Wertvoller ma\u00dfgefertigter Massivholzrahmen mit vielen echt vergoldeten Metallteilen. 2 verschiedene Versionen sind verf\u00fcgbar. Sie k\u00f6nnen diese einfach ausw\u00e4hlen.<\/p>\n<p>\u2013 Edle und sichere Luxusverpackung.<\/p>\n<p>\u2013 Echtledertasche mit 23,75K beschichteten Metallteilen f\u00fcr besseren Schutz, inklusive Staubbeutel.<\/p>\n<p>\u2013 Zusatzausstattung wie Schraubendreher, Reinigungstextil, Rahmenhalter<\/p>\n<p>\u2013 Handbuch<\/p>\n<p>&nbsp;<\/p>\n<p><strong>Hinweis:<\/strong> Royal Wing Bumerangs sind nicht nur besonders Luxuri\u00f6s, sondern auch gr\u00f6\u00dfer und schwerer als \u00dcblich. Eine echte \u201cK\u00f6nigsklasse\u201d f\u00fcr sich. JEDER Bumerang wird von uns als Holzrohling getestet, und ist definitiv gefangen worden.<\/p>\n<p><strong>Tipp:<\/strong> Trotz etwas weniger Gef\u00fchl beim Abwurf sind Fahrradhandschuhe wegen der \u201cVerletzungsgef\u00e4hr\u201d beim Fangen empfehlenswert. Auf ausreichend Abstand zu Hindernissen achten. Ringe, Armketten und Uhren sollte man vorab ablegen, damit der Bumerang beim Fangen nicht besch\u00e4digt wird.<\/p>\n<p>&nbsp;<\/p>\n<p><span style=\"color: #e3af31;\"><strong>*<\/strong><\/span> Bumerangs sind Sportger\u00e4te, und keine Spielger\u00e4te gem. der Spielzeug Richtlinie<br \/>\n<span style=\"color: #e3af31;\">*<\/span> Abstufungen: Anf\u00e4nger, Fortgeschritten, Experte. Jeder kann mit dem Bumerang Maxdelta Spa\u00df haben.<\/p>\n<p>&nbsp;<\/p>\n<p><strong><span style=\"color: #e3af31;\">Important:<\/span><\/strong><\/p>\n<ul>\n<li>Informationen zum geschichtlichen Ursprung von Bumerangs. Auf\u00a0 <a href=\"https:\/\/www.youtube.com\/watch?v=zX4KSqLbQjI\" target=\"_blank\" rel=\"noopener\">Youtube<\/a> oder auf dieser Homepage <a href=\"https:\/\/www.royalwingboomerangs.com\/de\/information\/videos\/\">Ansehen<\/a><\/li>\n<li>Anfragen von Privatkunden oder kommerziellen H\u00e4ndlern f\u00fcr eine Partnerschaft sind jederzeit willkommen.<\/li>\n<li>Versionen mit synthetischen oder echten Diamanten m\u00f6glich auf Anfrage. In dem Fall w\u00e4re auch der komplette Rahmen mit echtem 23,75K Blattgold versehen.<\/li>\n<li>Es ist nur der Anfang, wir haben viele weitere Pl\u00e4ne und Ideen f\u00fcr die Zukunft.<\/li>\n<\/ul>\n<p>&nbsp;<\/p>\n","protected":false},"excerpt":{"rendered":"<p><span class=\"VIiyi\" lang=\"de\"><span class=\"JLqJ4b\" data-language-for-alternatives=\"de\" data-language-to-translate-into=\"en\" data-phrase-index=\"0\" data-number-of-phrases=\"1\">Dieser Luxusbumerang &#8220;PLANUM&#8221; hat ein besonderes einzigartiges Design, das an ein flaches Plateau erinnert. Planum kommt aus dem Lateinischen und beschreibt etwas Flaches wie den Kopf dieses Produkts. Es ist ein cooler und gro\u00dfer Bumerang, der sehr gut in der Luft fliegt. Er ist eher f\u00fcr fortgeschrittene und erfahrene Werfer geeignet, aber mit etwas \u00dcbung k\u00f6nnen auch Anf\u00e4nger damit Spa\u00df haben. Au\u00dferdem sieht der Planum Bumerang zusammen mit dem goldenen Rahmen nat\u00fcrlich sehr luxuri\u00f6s aus. Bilder hat jeder an der Wand, aber diese Zusammenstellung ist beeindruckend und fast schon ein Kunstwerk. Perfekt auch um ein edles Geschenk zu machen, zu sammeln, es als Auszeichnung zu verwenden oder eben als Sportger\u00e4t zu benutzen. Es ist ein komplett neues Konzept mit neu entwickelten Teilen, dementsprechend werden auch nur die besten Materialien verwendet wie echtes Gold, Edelsteine, &#8230; Wertvolle Materialien werden verwendet, zusammen mit neuen Innovationen wie speziellen Juwelenhaltern, viel Ausstattung und cleveren Ideen wie Stealthdesign auf der R\u00fcckseite, Trainingsbumerang in wei\u00dfer Farbe (auf der R\u00fcckseite des Rahmens befestigt), &#8230; Dar\u00fcber hinaus achten wir auf hohe Qualit\u00e4t und Kundengesundheit. Der Bumerang ist mit umweltfreundlichem Lack bemalt, welcher z.B. auch f\u00fcr Kinderspielzeug verwendet werden kann.<\/span><\/span><\/p>\n","protected":false},"featured_media":8523,"comment_status":"closed","ping_status":"closed","template":"","meta":[],"product_cat":[187],"product_tag":[],"yoast_head":"<!-- This site is optimized with the Yoast SEO plugin v17.1 - https:\/\/yoast.com\/wordpress\/plugins\/seo\/ -->\n<title>Royal Wing Boomerang &quot;Planum&quot; - Royal Wing Boomerangs<\/title>\n<meta name=\"robots\" content=\"index, follow, max-snippet:-1, max-image-preview:large, max-video-preview:-1\" \/>\n<link rel=\"canonical\" href=\"https:\/\/www.royalwingboomerangs.com\/de\/produkt\/royal-wing-bumerang-planum\/\" \/>\n<meta property=\"og:locale\" content=\"de_DE\" \/>\n<meta property=\"og:type\" content=\"article\" \/>\n<meta property=\"og:title\" content=\"Royal Wing Boomerang &quot;Planum&quot; - Royal Wing Boomerangs\" \/>\n<meta property=\"og:description\" content=\"Dieser Luxusbumerang &quot;PLANUM&quot; hat ein besonderes einzigartiges Design, das an ein flaches Plateau erinnert. Planum kommt aus dem Lateinischen und beschreibt etwas Flaches wie den Kopf dieses Produkts. Es ist ein cooler und gro\u00dfer Bumerang, der sehr gut in der Luft fliegt. Er ist eher f\u00fcr fortgeschrittene und erfahrene Werfer geeignet, aber mit etwas \u00dcbung k\u00f6nnen auch Anf\u00e4nger damit Spa\u00df haben. Au\u00dferdem sieht der Planum Bumerang zusammen mit dem goldenen Rahmen nat\u00fcrlich sehr luxuri\u00f6s aus. Bilder hat jeder an der Wand, aber diese Zusammenstellung ist beeindruckend und fast schon ein Kunstwerk. Perfekt auch um ein edles Geschenk zu machen, zu sammeln, es als Auszeichnung zu verwenden oder eben als Sportger\u00e4t zu benutzen. Es ist ein komplett neues Konzept mit neu entwickelten Teilen, dementsprechend werden auch nur die besten Materialien verwendet wie echtes Gold, Edelsteine, ... Wertvolle Materialien werden verwendet, zusammen mit neuen Innovationen wie speziellen Juwelenhaltern, viel Ausstattung und cleveren Ideen wie Stealthdesign auf der R\u00fcckseite, Trainingsbumerang in wei\u00dfer Farbe (auf der R\u00fcckseite des Rahmens befestigt), ... Dar\u00fcber hinaus achten wir auf hohe Qualit\u00e4t und Kundengesundheit. Der Bumerang ist mit umweltfreundlichem Lack bemalt, welcher z.B. auch f\u00fcr Kinderspielzeug verwendet werden kann.\" \/>\n<meta property=\"og:url\" content=\"https:\/\/www.royalwingboomerangs.com\/de\/produkt\/royal-wing-bumerang-planum\/\" \/>\n<meta property=\"og:site_name\" content=\"Royal Wing Boomerangs\" \/>\n<meta property=\"article:modified_time\" content=\"2021-10-21T15:16:54+00:00\" \/>\n<meta property=\"og:image\" content=\"https:\/\/www.royalwingboomerangs.com\/wp-content\/uploads\/2021\/08\/boomerang-planus.jpg\" \/>\n\t<meta property=\"og:image:width\" content=\"1837\" \/>\n\t<meta property=\"og:image:height\" content=\"1034\" \/>\n<meta name=\"twitter:card\" content=\"summary_large_image\" \/>\n<meta name=\"twitter:label1\" content=\"Gesch\u00e4tzte Lesezeit\" \/>\n\t<meta name=\"twitter:data1\" content=\"3\u00a0Minuten\" \/>\n<script type=\"application\/ld+json\" class=\"yoast-schema-graph\">{\"@context\":\"https:\/\/schema.org\",\"@graph\":[{\"@type\":\"WebSite\",\"@id\":\"https:\/\/www.royalwingboomerangs.com\/en\/#website\",\"url\":\"https:\/\/www.royalwingboomerangs.com\/en\/\",\"name\":\"Royal Wing Boomerangs\",\"description\":\"Manufaktur f\\u00fcr Luxusbumerangs \/ Luxusspielzeug f\\u00fcr Erwachsene, Luxusgeschenk, Luxus, Spielzeug, Werbegeschenke, Wandschmuck, Teuer, Luxusm\\u00f6bel, Kaufen, Hersteller, Unternehmen, Dekoration, Sportartikel\",\"potentialAction\":[{\"@type\":\"SearchAction\",\"target\":{\"@type\":\"EntryPoint\",\"urlTemplate\":\"https:\/\/www.royalwingboomerangs.com\/en\/?s={search_term_string}\"},\"query-input\":\"required name=search_term_string\"}],\"inLanguage\":\"de\"},{\"@type\":\"ImageObject\",\"@id\":\"https:\/\/www.royalwingboomerangs.com\/de\/produkt\/royal-wing-bumerang-planum\/#primaryimage\",\"inLanguage\":\"de\",\"url\":\"https:\/\/www.royalwingboomerangs.com\/wp-content\/uploads\/2021\/08\/boomerang-planus.jpg\",\"contentUrl\":\"https:\/\/www.royalwingboomerangs.com\/wp-content\/uploads\/2021\/08\/boomerang-planus.jpg\",\"width\":1837,\"height\":1034},{\"@type\":\"WebPage\",\"@id\":\"https:\/\/www.royalwingboomerangs.com\/de\/produkt\/royal-wing-bumerang-planum\/#webpage\",\"url\":\"https:\/\/www.royalwingboomerangs.com\/de\/produkt\/royal-wing-bumerang-planum\/\",\"name\":\"Royal Wing Boomerang \\\"Planum\\\" - Royal Wing Boomerangs\",\"isPartOf\":{\"@id\":\"https:\/\/www.royalwingboomerangs.com\/en\/#website\"},\"primaryImageOfPage\":{\"@id\":\"https:\/\/www.royalwingboomerangs.com\/de\/produkt\/royal-wing-bumerang-planum\/#primaryimage\"},\"datePublished\":\"2021-10-19T14:04:25+00:00\",\"dateModified\":\"2021-10-21T15:16:54+00:00\",\"breadcrumb\":{\"@id\":\"https:\/\/www.royalwingboomerangs.com\/de\/produkt\/royal-wing-bumerang-planum\/#breadcrumb\"},\"inLanguage\":\"de\",\"potentialAction\":[{\"@type\":\"ReadAction\",\"target\":[\"https:\/\/www.royalwingboomerangs.com\/de\/produkt\/royal-wing-bumerang-planum\/\"]}]},{\"@type\":\"BreadcrumbList\",\"@id\":\"https:\/\/www.royalwingboomerangs.com\/de\/produkt\/royal-wing-bumerang-planum\/#breadcrumb\",\"itemListElement\":[{\"@type\":\"ListItem\",\"position\":1,\"name\":\"Home\",\"item\":\"https:\/\/www.royalwingboomerangs.com\/de\/\"},{\"@type\":\"ListItem\",\"position\":2,\"name\":\"LUXUSBUMERANGS\",\"item\":\"https:\/\/www.royalwingboomerangs.com\/de\/shop-2\/\"},{\"@type\":\"ListItem\",\"position\":3,\"name\":\"Royal Wing Boomerang &#8220;Planum&#8221;\"}]}]}<\/script>\n<!-- \/ Yoast SEO plugin. -->","yoast_head_json":{"title":"Royal Wing Boomerang \"Planum\" - Royal Wing Boomerangs","robots":{"index":"index","follow":"follow","max-snippet":"max-snippet:-1","max-image-preview":"max-image-preview:large","max-video-preview":"max-video-preview:-1"},"canonical":"https:\/\/www.royalwingboomerangs.com\/de\/produkt\/royal-wing-bumerang-planum\/","og_locale":"de_DE","og_type":"article","og_title":"Royal Wing Boomerang \"Planum\" - Royal Wing Boomerangs","og_description":"Dieser Luxusbumerang \"PLANUM\" hat ein besonderes einzigartiges Design, das an ein flaches Plateau erinnert. Planum kommt aus dem Lateinischen und beschreibt etwas Flaches wie den Kopf dieses Produkts. Es ist ein cooler und gro\u00dfer Bumerang, der sehr gut in der Luft fliegt. Er ist eher f\u00fcr fortgeschrittene und erfahrene Werfer geeignet, aber mit etwas \u00dcbung k\u00f6nnen auch Anf\u00e4nger damit Spa\u00df haben. Au\u00dferdem sieht der Planum Bumerang zusammen mit dem goldenen Rahmen nat\u00fcrlich sehr luxuri\u00f6s aus. Bilder hat jeder an der Wand, aber diese Zusammenstellung ist beeindruckend und fast schon ein Kunstwerk. Perfekt auch um ein edles Geschenk zu machen, zu sammeln, es als Auszeichnung zu verwenden oder eben als Sportger\u00e4t zu benutzen. Es ist ein komplett neues Konzept mit neu entwickelten Teilen, dementsprechend werden auch nur die besten Materialien verwendet wie echtes Gold, Edelsteine, ... Wertvolle Materialien werden verwendet, zusammen mit neuen Innovationen wie speziellen Juwelenhaltern, viel Ausstattung und cleveren Ideen wie Stealthdesign auf der R\u00fcckseite, Trainingsbumerang in wei\u00dfer Farbe (auf der R\u00fcckseite des Rahmens befestigt), ... Dar\u00fcber hinaus achten wir auf hohe Qualit\u00e4t und Kundengesundheit. Der Bumerang ist mit umweltfreundlichem Lack bemalt, welcher z.B. auch f\u00fcr Kinderspielzeug verwendet werden kann.","og_url":"https:\/\/www.royalwingboomerangs.com\/de\/produkt\/royal-wing-bumerang-planum\/","og_site_name":"Royal Wing Boomerangs","article_modified_time":"2021-10-21T15:16:54+00:00","og_image":[{"width":1837,"height":1034,"url":"https:\/\/www.royalwingboomerangs.com\/wp-content\/uploads\/2021\/08\/boomerang-planus.jpg","path":"\/var\/www\/kle124-165\/apps\/royal\/wp-content\/uploads\/2021\/08\/boomerang-planus.jpg","size":"full","id":8523,"alt":"","pixels":1899458,"type":"image\/jpeg"}],"twitter_card":"summary_large_image","twitter_misc":{"Gesch\u00e4tzte Lesezeit":"3\u00a0Minuten"},"schema":{"@context":"https:\/\/schema.org","@graph":[{"@type":"WebSite","@id":"https:\/\/www.royalwingboomerangs.com\/en\/#website","url":"https:\/\/www.royalwingboomerangs.com\/en\/","name":"Royal Wing Boomerangs","description":"Manufaktur f\u00fcr Luxusbumerangs \/ Luxusspielzeug f\u00fcr Erwachsene, Luxusgeschenk, Luxus, Spielzeug, Werbegeschenke, Wandschmuck, Teuer, Luxusm\u00f6bel, Kaufen, Hersteller, Unternehmen, Dekoration, Sportartikel","potentialAction":[{"@type":"SearchAction","target":{"@type":"EntryPoint","urlTemplate":"https:\/\/www.royalwingboomerangs.com\/en\/?s={search_term_string}"},"query-input":"required name=search_term_string"}],"inLanguage":"de"},{"@type":"ImageObject","@id":"https:\/\/www.royalwingboomerangs.com\/de\/produkt\/royal-wing-bumerang-planum\/#primaryimage","inLanguage":"de","url":"https:\/\/www.royalwingboomerangs.com\/wp-content\/uploads\/2021\/08\/boomerang-planus.jpg","contentUrl":"https:\/\/www.royalwingboomerangs.com\/wp-content\/uploads\/2021\/08\/boomerang-planus.jpg","width":1837,"height":1034},{"@type":"WebPage","@id":"https:\/\/www.royalwingboomerangs.com\/de\/produkt\/royal-wing-bumerang-planum\/#webpage","url":"https:\/\/www.royalwingboomerangs.com\/de\/produkt\/royal-wing-bumerang-planum\/","name":"Royal Wing Boomerang \"Planum\" - Royal Wing Boomerangs","isPartOf":{"@id":"https:\/\/www.royalwingboomerangs.com\/en\/#website"},"primaryImageOfPage":{"@id":"https:\/\/www.royalwingboomerangs.com\/de\/produkt\/royal-wing-bumerang-planum\/#primaryimage"},"datePublished":"2021-10-19T14:04:25+00:00","dateModified":"2021-10-21T15:16:54+00:00","breadcrumb":{"@id":"https:\/\/www.royalwingboomerangs.com\/de\/produkt\/royal-wing-bumerang-planum\/#breadcrumb"},"inLanguage":"de","potentialAction":[{"@type":"ReadAction","target":["https:\/\/www.royalwingboomerangs.com\/de\/produkt\/royal-wing-bumerang-planum\/"]}]},{"@type":"BreadcrumbList","@id":"https:\/\/www.royalwingboomerangs.com\/de\/produkt\/royal-wing-bumerang-planum\/#breadcrumb","itemListElement":[{"@type":"ListItem","position":1,"name":"Home","item":"https:\/\/www.royalwingboomerangs.com\/de\/"},{"@type":"ListItem","position":2,"name":"LUXUSBUMERANGS","item":"https:\/\/www.royalwingboomerangs.com\/de\/shop-2\/"},{"@type":"ListItem","position":3,"name":"Royal Wing Boomerang &#8220;Planum&#8221;"}]}]}},"_links":{"self":[{"href":"https:\/\/www.royalwingboomerangs.com\/de\/wp-json\/wp\/v2\/product\/8872"}],"collection":[{"href":"https:\/\/www.royalwingboomerangs.com\/de\/wp-json\/wp\/v2\/product"}],"about":[{"href":"https:\/\/www.royalwingboomerangs.com\/de\/wp-json\/wp\/v2\/types\/product"}],"replies":[{"embeddable":true,"href":"https:\/\/www.royalwingboomerangs.com\/de\/wp-json\/wp\/v2\/comments?post=8872"}],"wp:featuredmedia":[{"embeddable":true,"href":"https:\/\/www.royalwingboomerangs.com\/de\/wp-json\/wp\/v2\/media\/8523"}],"wp:attachment":[{"href":"https:\/\/www.royalwingboomerangs.com\/de\/wp-json\/wp\/v2\/media?parent=8872"}],"wp:term":[{"taxonomy":"product_cat","embeddable":true,"href":"https:\/\/www.royalwingboomerangs.com\/de\/wp-json\/wp\/v2\/product_cat?post=8872"},{"taxonomy":"product_tag","embeddable":true,"href":"https:\/\/www.royalwingboomerangs.com\/de\/wp-json\/wp\/v2\/product_tag?post=8872"}],"curies":[{"name":"wp","href":"https:\/\/api.w.org\/{rel}","templated":true}]}}