{"id":8864,"date":"2021-08-21T09:23:46","date_gmt":"2021-10-19T14:01:45","guid":{"rendered":"https:\/\/www.royalwingboomerangs.com\/?post_type=product&#038;p=8864"},"modified":"2021-10-20T09:10:42","modified_gmt":"2021-10-20T09:10:42","slug":"royal-wing-bumerang-tricopter","status":"publish","type":"product","link":"https:\/\/www.royalwingboomerangs.com\/de\/produkt\/royal-wing-bumerang-tricopter\/","title":{"rendered":"Royal Wing Bumerang &#8220;Tricopter&#8221;"},"content":{"rendered":"<p>Tri bedeutet auf Griechisch soviel wie 3. Aber unser Bumerang hat nicht nur drei Arme, sondern sie rotieren wie beim Hubschrauber durch die Luft. Verbindet man die W\u00f6rter, dann kommt man auf den Namen Tricopter. Schaut man sich den majest\u00e4tischen Flug an, dann versteht man diesen Zusammenhang. F\u00fcr einen Dreifl\u00fcgler ist der Tricopter insgesamt sehr gro\u00df und wuchtig, in der Luft schwebt er hingegen federleicht um die Kurve. Er fliegt einen kleineren Kreis, l\u00e4sst sich einfach werfen sowie fangen, und ist damit auch f\u00fcr Anf\u00e4nger geeignet. Allerdings k\u00f6nnen auch Fortgeschrittene und Profis viel Spa\u00df damit haben. Wegen seiner auff\u00e4lligen Form ist der Tricopter auch an der Wand ein echter Hingucker. Je nach Tuning fliegt er eher flach oder hoch auf den Werfer zu. Beim Gewicht erreicht er fast 100 Gramm, was f\u00fcr Dreifl\u00fcgler ein enormer Wert ist.<\/p>\n<p>&nbsp;<\/p>\n<p>Nur hochwertigste Materialien werden eingesetzt. Er besteht aus 10 schichtigem Birkensperrholz, wurde mit speziellem \u00d6l &#8220;versiegelt, mehrere Schichten grundiert, mit Farbe lackiert und mit Klarlack versiegelt. An den Fl\u00fcgelenden wurde echtes Goldpulver verwendet, ebenso Blattgold beim Logo und Goldflocken auf der R\u00fcckseite. Bei der silbernen Version hingegen Platinpulver. Dar\u00fcberhinaus werden nat\u00fcrliche Schmucksteine, in diesem Fall klare Moissanite in 3mm und 8mm Gr\u00f6\u00dfe verwendet. Das macht den Luxusbumerang zu einem echten &#8220;Schmuckst\u00fcck&#8221;. Allerdings auch durch den wertvollen Massivholzrahmen, an dem alle Metallteile vergoldet sind. Selbst das Gravurschild ist etwas Besonderes, denn es wurde nicht aus einer Metallplatte gestanzt, sondern in einem aufwendigen Verfahren gegossen und danach poliert. Auch die luxuri\u00f6se Transporttasche aus echtem Leder rundet das Gesamtangebot erstklassig ab.<\/p>\n<p><strong>Frage:<\/strong> Warum hat dieser Dreifl\u00fcgler einen h\u00f6heren Preis als andere Modelle ? Bitte denken Sie daran, dass hier 3 qualitativ hochwertige und wertvolle 2 Karat Moissanite Edelsteine.<\/p>\n<p>&nbsp;<\/p>\n<p>Flugverhalten, Aussehen und mehr Informationen kann man auf unserem Youtubevideo entdecken. Film ansehen ( Aktuell in Vorbereitung )<\/p>\n<p>Beim \u00dcbungsbumerang wurde vergoldetes Metallpulver verwendet in der Goldversion. Der Trainingsbumerang ist daher insgesamt nicht so wertvoll, sodass man beim Werfen nicht vorsichtig sein muss. Weitere Angaben zu den Materialien und Bumerangs k\u00f6nnen Sie hier einsehen. Information ( link to <a href=\"https:\/\/www.royalwingboomerangs.com\/de\/contact\/\">Produktinfo<\/a> )<\/p>\n<p>&nbsp;<\/p>\n<p>Ihre und unsere Gesundheit liegt uns am Herzen, weswegen wir nur m\u00f6glichst schadstoffarme Lacke am Bumerang verwenden.<\/p>\n<p>Der Royal Wing Bumerang Tricopter ist das ideale Geschenk, Statussymbol, Dekorationsobjekt ( Wandschmuck ) und Sportger\u00e4t f\u00fcr anspruchsvolle Kunden.<\/p>\n<p>&nbsp;<\/p>\n<p><strong>Gr\u00f6\u00dfe:<\/strong> 40 cm Breite x 35 cm H\u00f6he <strong>Gewicht:<\/strong> ungef\u00e4hr 100 Gramm <strong>Flugzeit:<\/strong> ungef\u00e4hr 13 Sekunden <strong>Flugdistanz:<\/strong> kurz<br \/>\n<strong>Windfenster:<\/strong> 0-3 <strong>Altersempfehlung:<\/strong> Erwachsene oder unter Aufsicht eines Erwachsenen\u00a0 <strong>Schwierigkeitsgrad:<\/strong> Anf\u00e4nger<br \/>\n<strong>Neigungswinkel:<\/strong> 5-15\u00b0 <strong>Horizontwinkel:<\/strong> 5-15\u00b0<\/p>\n<p>&nbsp;<\/p>\n<h3>Lieferumfang:<\/h3>\n<p>\u2013 Hauptbumerang Tricopter in schwarz \/ goldener Farbe. Mit 23,75K echtem Gold vergoldet. Auf der R\u00fcckseite 23K Blattgoldflocken. Enth\u00e4lt 3x 2 Karat sehr hochwertige spezielle handverlesene Moissanite Steine \u200b\u200b( inklusive Zertifikat IGI ), au\u00dferdem 9x 3mm Moissanite Steine. Online haben wir gesehen, dass vergleichbare 2 Karat Edelsteine bis zu je 1200 Dollar ( USA ) verkauft werden.<\/p>\n<p>\u2013 Inklusive Trainingsbumerang in Wei\u00df\/Gold zum \u00dcben (oder wenn Sie den wertvollen schwarzen Bumerang nicht werfen m\u00f6chten). Ohne Juwelen, aber mit 23,75K plattiertem Metallpulver und auf der R\u00fcckseite 23K Blattgoldflocken. ( Bild aktuell nicht verf\u00fcgbar, aber wenn Sie sehen m\u00f6chten, wie es ungef\u00e4hr aussehen wird, k\u00f6nnen Sie ein wei\u00dfes Exemplar auf dem Video zu unserem Bumerang <a href=\"https:\/\/www.youtube.com\/watch?v=UdleKpMDMBM\">Crossover<\/a> sehen)<\/p>\n<p>\u2013 Wertvoller massgefertigter Massivholzrahmen mit vielen echt vergoldeten Metallteilen. 2 verschiedene Versionen sind verf\u00fcgbar. Sie k\u00f6nnen diese einfach ausw\u00e4hlen.<\/p>\n<p>\u2013 Edle und sichere Luxusverpackung.<\/p>\n<p>\u2013 Echtledertasche mit 23,75K beschichteten Metallteilen f\u00fcr besseren Schutz, inklusive Staubbeutel.<\/p>\n<p>\u2013 Zusatzausstattung wie Schraubendreher, Reinigungstextil, Rahmenhalter<\/p>\n<p>\u2013 Handbuch<\/p>\n<p>&nbsp;<\/p>\n<p><strong>Hinweis:<\/strong> Royal Wing Bumerangs sind nicht nur besonders Luxuri\u00f6s, sondern auch gr\u00f6\u00dfer und schwerer als \u00dcblich. Eine echte &#8220;K\u00f6nigsklasse&#8221; f\u00fcr sich. JEDER Bumerang wird von uns als Holzrohling getestet, und ist definitiv gefangen worden.<\/p>\n<p><strong>Tipp:<\/strong> Trotz etwas weniger Gef\u00fchl beim Abwurf sind Fahrradhandschuhe wegen der &#8220;Verletzungsgef\u00e4hr&#8221; beim Fangen empfehlenswert. Auf ausreichend Abstand zu Hindernissen achten. Ringe, Armketten und Uhren sollte man vorab ablegen, damit der Bumerang beim Fangen nicht besch\u00e4digt wird.<\/p>\n<p>&nbsp;<\/p>\n<p><span style=\"color: #e3af31;\"><strong>*<\/strong><\/span> Bumerangs sind Sportger\u00e4te, und keine Spielger\u00e4te gem. der Spielzeug Richtlinie<br \/>\n<span style=\"color: #e3af31;\">*<\/span> Abstufungen: Anf\u00e4nger, Fortgeschritten, Experte. Jeder kann mit dem Bumerang Tricopter Spa\u00df haben.<\/p>\n<p>&nbsp;<\/p>\n<p><strong><span style=\"color: #e3af31;\">Important:<\/span><\/strong><\/p>\n<ul>\n<li>Informationen zum geschichtlichen Ursprung von Bumerangs. Auf\u00a0 <a href=\"https:\/\/www.youtube.com\/watch?v=zX4KSqLbQjI\" target=\"_blank\" rel=\"noopener\">Youtube<\/a> oder auf dieser Homepage <a href=\"https:\/\/www.royalwingboomerangs.com\/de\/information\/videos\/\">Ansehen<\/a><\/li>\n<li>Anfragen von Privatkunden oder kommerziellen H\u00e4ndlern f\u00fcr eine Partnerschaft sind jederzeit willkommen.<\/li>\n<li>Versionen mit synthetischen oder echten Diamanten m\u00f6glich auf Anfrage. In dem Fall w\u00e4re auch der komplette Rahmen mit echtem 23,75K Blattgold versehen.<\/li>\n<li>Es ist nur der Anfang, wir haben viele weitere Pl\u00e4ne und Ideen f\u00fcr die Zukunft.<\/li>\n<\/ul>\n<p>&nbsp;<\/p>\n","protected":false},"excerpt":{"rendered":"<p><span class=\"VIiyi\" lang=\"de\"><span class=\"JLqJ4b ChMk0b\" data-language-for-alternatives=\"de\" data-language-to-translate-into=\"en\" data-phrase-index=\"0\" data-number-of-phrases=\"8\">Dieser besondere Luxusbumerang &#8220;TRICOPTER&#8221; ist ein typischer Dreifl\u00fcgler.<\/span> <span class=\"JLqJ4b ChMk0b\" data-language-for-alternatives=\"de\" data-language-to-translate-into=\"en\" data-phrase-index=\"1\" data-number-of-phrases=\"8\">Zusammen mit dem wertvollen goldenen Rahmen sieht er absolut einzigartig und beeindruckend aus.<\/span> <span class=\"JLqJ4b ChMk0b\" data-language-for-alternatives=\"de\" data-language-to-translate-into=\"en\" data-phrase-index=\"2\" data-number-of-phrases=\"8\">Aber nicht nur als edle Wanddekoration kann er verwendet werden, auch zum Verschenken, Sammeln, als Statussymbol und nat\u00fcrlich als Sportger\u00e4t.<\/span> <span class=\"JLqJ4b ChMk0b\" data-language-for-alternatives=\"de\" data-language-to-translate-into=\"en\" data-phrase-index=\"3\" data-number-of-phrases=\"8\">Sie werden viel Spa\u00df damit haben, in der freien Natur etwas f\u00fcr Ihre eigene Gesundheit und Fitness zu tun.<\/span> <span class=\"JLqJ4b ChMk0b\" data-language-for-alternatives=\"de\" data-language-to-translate-into=\"en\" data-phrase-index=\"4\" data-number-of-phrases=\"8\">Das Design ist spektakul\u00e4r, kombiniert mit hochwertigen Materialien, speziell entwickelten Schmuckhaltern und Zusatzausstattungen wie edlem Spezialrahmen, Echtledertasche, &#8230; Hinzu kommt noch ein wei\u00dfer Trainingsbumerang ( derzeit kein Bild vorhanden ).<\/span> <span class=\"JLqJ4b ChMk0b\" data-language-for-alternatives=\"de\" data-language-to-translate-into=\"en\" data-phrase-index=\"5\" data-number-of-phrases=\"8\">Dieses Exemplar ist hinter dem Rahmen befestigt und ist nicht sichtbar, sodass Sie sich keine Sorgen machen m\u00fcssen, den Trainingsbumerang m\u00f6glicherweise beim Wurf zu besch\u00e4digen.<\/span> <span class=\"JLqJ4b ChMk0b\" data-language-for-alternatives=\"de\" data-language-to-translate-into=\"en\" data-phrase-index=\"6\" data-number-of-phrases=\"8\">Dar\u00fcberhinaus achten wir auf hohe Qualit\u00e4t und Kundengesundheit.<\/span> Beispielsweise ist der<span class=\"JLqJ4b ChMk0b\" data-language-for-alternatives=\"de\" data-language-to-translate-into=\"en\" data-phrase-index=\"7\" data-number-of-phrases=\"8\"> Bumerang mit umweltfreundlichem Lack bemalt, welcher zum Beispiel auch f\u00fcr Kinderspielzeug verwendet wird.<\/span><\/span><\/p>\n","protected":false},"featured_media":8385,"comment_status":"closed","ping_status":"closed","template":"","meta":[],"product_cat":[186],"product_tag":[],"yoast_head":"<!-- This site is optimized with the Yoast SEO plugin v17.1 - https:\/\/yoast.com\/wordpress\/plugins\/seo\/ -->\n<title>Royal Wing Bumerang &quot;Tricopter&quot; - Royal Wing Boomerangs<\/title>\n<meta name=\"robots\" content=\"index, follow, max-snippet:-1, max-image-preview:large, max-video-preview:-1\" \/>\n<link rel=\"canonical\" href=\"https:\/\/www.royalwingboomerangs.com\/de\/produkt\/royal-wing-bumerang-tricopter\/\" \/>\n<meta property=\"og:locale\" content=\"de_DE\" \/>\n<meta property=\"og:type\" content=\"article\" \/>\n<meta property=\"og:title\" content=\"Royal Wing Bumerang &quot;Tricopter&quot; - Royal Wing Boomerangs\" \/>\n<meta property=\"og:description\" content=\"Dieser besondere Luxusbumerang &quot;TRICOPTER&quot; ist ein typischer Dreifl\u00fcgler. Zusammen mit dem wertvollen goldenen Rahmen sieht er absolut einzigartig und beeindruckend aus. Aber nicht nur als edle Wanddekoration kann er verwendet werden, auch zum Verschenken, Sammeln, als Statussymbol und nat\u00fcrlich als Sportger\u00e4t. Sie werden viel Spa\u00df damit haben, in der freien Natur etwas f\u00fcr Ihre eigene Gesundheit und Fitness zu tun. Das Design ist spektakul\u00e4r, kombiniert mit hochwertigen Materialien, speziell entwickelten Schmuckhaltern und Zusatzausstattungen wie edlem Spezialrahmen, Echtledertasche, ... Hinzu kommt noch ein wei\u00dfer Trainingsbumerang ( derzeit kein Bild vorhanden ). Dieses Exemplar ist hinter dem Rahmen befestigt und ist nicht sichtbar, sodass Sie sich keine Sorgen machen m\u00fcssen, den Trainingsbumerang m\u00f6glicherweise beim Wurf zu besch\u00e4digen. Dar\u00fcberhinaus achten wir auf hohe Qualit\u00e4t und Kundengesundheit. Beispielsweise ist der Bumerang mit umweltfreundlichem Lack bemalt, welcher zum Beispiel auch f\u00fcr Kinderspielzeug verwendet wird.\" \/>\n<meta property=\"og:url\" content=\"https:\/\/www.royalwingboomerangs.com\/de\/produkt\/royal-wing-bumerang-tricopter\/\" \/>\n<meta property=\"og:site_name\" content=\"Royal Wing Boomerangs\" \/>\n<meta property=\"article:modified_time\" content=\"2021-10-20T09:10:42+00:00\" \/>\n<meta property=\"og:image\" content=\"https:\/\/www.royalwingboomerangs.com\/wp-content\/uploads\/2021\/08\/boomerang-tricopter.jpg\" \/>\n\t<meta property=\"og:image:width\" content=\"1837\" \/>\n\t<meta property=\"og:image:height\" content=\"1034\" \/>\n<meta name=\"twitter:card\" content=\"summary_large_image\" \/>\n<meta name=\"twitter:label1\" content=\"Gesch\u00e4tzte Lesezeit\" \/>\n\t<meta name=\"twitter:data1\" content=\"4\u00a0Minuten\" \/>\n<script type=\"application\/ld+json\" class=\"yoast-schema-graph\">{\"@context\":\"https:\/\/schema.org\",\"@graph\":[{\"@type\":\"WebSite\",\"@id\":\"https:\/\/www.royalwingboomerangs.com\/en\/#website\",\"url\":\"https:\/\/www.royalwingboomerangs.com\/en\/\",\"name\":\"Royal Wing Boomerangs\",\"description\":\"Manufaktur f\\u00fcr Luxusbumerangs \/ Luxusspielzeug f\\u00fcr Erwachsene, Luxusgeschenk, Luxus, Spielzeug, Werbegeschenke, Wandschmuck, Teuer, Luxusm\\u00f6bel, Kaufen, Hersteller, Unternehmen, Dekoration, Sportartikel\",\"potentialAction\":[{\"@type\":\"SearchAction\",\"target\":{\"@type\":\"EntryPoint\",\"urlTemplate\":\"https:\/\/www.royalwingboomerangs.com\/en\/?s={search_term_string}\"},\"query-input\":\"required name=search_term_string\"}],\"inLanguage\":\"de\"},{\"@type\":\"ImageObject\",\"@id\":\"https:\/\/www.royalwingboomerangs.com\/de\/produkt\/royal-wing-bumerang-tricopter\/#primaryimage\",\"inLanguage\":\"de\",\"url\":\"https:\/\/www.royalwingboomerangs.com\/wp-content\/uploads\/2021\/08\/boomerang-tricopter.jpg\",\"contentUrl\":\"https:\/\/www.royalwingboomerangs.com\/wp-content\/uploads\/2021\/08\/boomerang-tricopter.jpg\",\"width\":1837,\"height\":1034,\"caption\":\"luxury boomerang tricopter\"},{\"@type\":\"WebPage\",\"@id\":\"https:\/\/www.royalwingboomerangs.com\/de\/produkt\/royal-wing-bumerang-tricopter\/#webpage\",\"url\":\"https:\/\/www.royalwingboomerangs.com\/de\/produkt\/royal-wing-bumerang-tricopter\/\",\"name\":\"Royal Wing Bumerang \\\"Tricopter\\\" - Royal Wing Boomerangs\",\"isPartOf\":{\"@id\":\"https:\/\/www.royalwingboomerangs.com\/en\/#website\"},\"primaryImageOfPage\":{\"@id\":\"https:\/\/www.royalwingboomerangs.com\/de\/produkt\/royal-wing-bumerang-tricopter\/#primaryimage\"},\"datePublished\":\"2021-10-19T14:01:45+00:00\",\"dateModified\":\"2021-10-20T09:10:42+00:00\",\"breadcrumb\":{\"@id\":\"https:\/\/www.royalwingboomerangs.com\/de\/produkt\/royal-wing-bumerang-tricopter\/#breadcrumb\"},\"inLanguage\":\"de\",\"potentialAction\":[{\"@type\":\"ReadAction\",\"target\":[\"https:\/\/www.royalwingboomerangs.com\/de\/produkt\/royal-wing-bumerang-tricopter\/\"]}]},{\"@type\":\"BreadcrumbList\",\"@id\":\"https:\/\/www.royalwingboomerangs.com\/de\/produkt\/royal-wing-bumerang-tricopter\/#breadcrumb\",\"itemListElement\":[{\"@type\":\"ListItem\",\"position\":1,\"name\":\"Home\",\"item\":\"https:\/\/www.royalwingboomerangs.com\/de\/\"},{\"@type\":\"ListItem\",\"position\":2,\"name\":\"LUXUSBUMERANGS\",\"item\":\"https:\/\/www.royalwingboomerangs.com\/de\/shop-2\/\"},{\"@type\":\"ListItem\",\"position\":3,\"name\":\"Royal Wing Bumerang &#8220;Tricopter&#8221;\"}]}]}<\/script>\n<!-- \/ Yoast SEO plugin. -->","yoast_head_json":{"title":"Royal Wing Bumerang \"Tricopter\" - Royal Wing Boomerangs","robots":{"index":"index","follow":"follow","max-snippet":"max-snippet:-1","max-image-preview":"max-image-preview:large","max-video-preview":"max-video-preview:-1"},"canonical":"https:\/\/www.royalwingboomerangs.com\/de\/produkt\/royal-wing-bumerang-tricopter\/","og_locale":"de_DE","og_type":"article","og_title":"Royal Wing Bumerang \"Tricopter\" - Royal Wing Boomerangs","og_description":"Dieser besondere Luxusbumerang \"TRICOPTER\" ist ein typischer Dreifl\u00fcgler. Zusammen mit dem wertvollen goldenen Rahmen sieht er absolut einzigartig und beeindruckend aus. Aber nicht nur als edle Wanddekoration kann er verwendet werden, auch zum Verschenken, Sammeln, als Statussymbol und nat\u00fcrlich als Sportger\u00e4t. Sie werden viel Spa\u00df damit haben, in der freien Natur etwas f\u00fcr Ihre eigene Gesundheit und Fitness zu tun. Das Design ist spektakul\u00e4r, kombiniert mit hochwertigen Materialien, speziell entwickelten Schmuckhaltern und Zusatzausstattungen wie edlem Spezialrahmen, Echtledertasche, ... Hinzu kommt noch ein wei\u00dfer Trainingsbumerang ( derzeit kein Bild vorhanden ). Dieses Exemplar ist hinter dem Rahmen befestigt und ist nicht sichtbar, sodass Sie sich keine Sorgen machen m\u00fcssen, den Trainingsbumerang m\u00f6glicherweise beim Wurf zu besch\u00e4digen. Dar\u00fcberhinaus achten wir auf hohe Qualit\u00e4t und Kundengesundheit. Beispielsweise ist der Bumerang mit umweltfreundlichem Lack bemalt, welcher zum Beispiel auch f\u00fcr Kinderspielzeug verwendet wird.","og_url":"https:\/\/www.royalwingboomerangs.com\/de\/produkt\/royal-wing-bumerang-tricopter\/","og_site_name":"Royal Wing Boomerangs","article_modified_time":"2021-10-20T09:10:42+00:00","og_image":[{"width":1837,"height":1034,"url":"https:\/\/www.royalwingboomerangs.com\/wp-content\/uploads\/2021\/08\/boomerang-tricopter.jpg","path":"\/var\/www\/kle124-165\/apps\/royal\/wp-content\/uploads\/2021\/08\/boomerang-tricopter.jpg","size":"full","id":8385,"alt":"luxury boomerang tricopter","pixels":1899458,"type":"image\/jpeg"}],"twitter_card":"summary_large_image","twitter_misc":{"Gesch\u00e4tzte Lesezeit":"4\u00a0Minuten"},"schema":{"@context":"https:\/\/schema.org","@graph":[{"@type":"WebSite","@id":"https:\/\/www.royalwingboomerangs.com\/en\/#website","url":"https:\/\/www.royalwingboomerangs.com\/en\/","name":"Royal Wing Boomerangs","description":"Manufaktur f\u00fcr Luxusbumerangs \/ Luxusspielzeug f\u00fcr Erwachsene, Luxusgeschenk, Luxus, Spielzeug, Werbegeschenke, Wandschmuck, Teuer, Luxusm\u00f6bel, Kaufen, Hersteller, Unternehmen, Dekoration, Sportartikel","potentialAction":[{"@type":"SearchAction","target":{"@type":"EntryPoint","urlTemplate":"https:\/\/www.royalwingboomerangs.com\/en\/?s={search_term_string}"},"query-input":"required name=search_term_string"}],"inLanguage":"de"},{"@type":"ImageObject","@id":"https:\/\/www.royalwingboomerangs.com\/de\/produkt\/royal-wing-bumerang-tricopter\/#primaryimage","inLanguage":"de","url":"https:\/\/www.royalwingboomerangs.com\/wp-content\/uploads\/2021\/08\/boomerang-tricopter.jpg","contentUrl":"https:\/\/www.royalwingboomerangs.com\/wp-content\/uploads\/2021\/08\/boomerang-tricopter.jpg","width":1837,"height":1034,"caption":"luxury boomerang tricopter"},{"@type":"WebPage","@id":"https:\/\/www.royalwingboomerangs.com\/de\/produkt\/royal-wing-bumerang-tricopter\/#webpage","url":"https:\/\/www.royalwingboomerangs.com\/de\/produkt\/royal-wing-bumerang-tricopter\/","name":"Royal Wing Bumerang \"Tricopter\" - Royal Wing Boomerangs","isPartOf":{"@id":"https:\/\/www.royalwingboomerangs.com\/en\/#website"},"primaryImageOfPage":{"@id":"https:\/\/www.royalwingboomerangs.com\/de\/produkt\/royal-wing-bumerang-tricopter\/#primaryimage"},"datePublished":"2021-10-19T14:01:45+00:00","dateModified":"2021-10-20T09:10:42+00:00","breadcrumb":{"@id":"https:\/\/www.royalwingboomerangs.com\/de\/produkt\/royal-wing-bumerang-tricopter\/#breadcrumb"},"inLanguage":"de","potentialAction":[{"@type":"ReadAction","target":["https:\/\/www.royalwingboomerangs.com\/de\/produkt\/royal-wing-bumerang-tricopter\/"]}]},{"@type":"BreadcrumbList","@id":"https:\/\/www.royalwingboomerangs.com\/de\/produkt\/royal-wing-bumerang-tricopter\/#breadcrumb","itemListElement":[{"@type":"ListItem","position":1,"name":"Home","item":"https:\/\/www.royalwingboomerangs.com\/de\/"},{"@type":"ListItem","position":2,"name":"LUXUSBUMERANGS","item":"https:\/\/www.royalwingboomerangs.com\/de\/shop-2\/"},{"@type":"ListItem","position":3,"name":"Royal Wing Bumerang &#8220;Tricopter&#8221;"}]}]}},"_links":{"self":[{"href":"https:\/\/www.royalwingboomerangs.com\/de\/wp-json\/wp\/v2\/product\/8864"}],"collection":[{"href":"https:\/\/www.royalwingboomerangs.com\/de\/wp-json\/wp\/v2\/product"}],"about":[{"href":"https:\/\/www.royalwingboomerangs.com\/de\/wp-json\/wp\/v2\/types\/product"}],"replies":[{"embeddable":true,"href":"https:\/\/www.royalwingboomerangs.com\/de\/wp-json\/wp\/v2\/comments?post=8864"}],"wp:featuredmedia":[{"embeddable":true,"href":"https:\/\/www.royalwingboomerangs.com\/de\/wp-json\/wp\/v2\/media\/8385"}],"wp:attachment":[{"href":"https:\/\/www.royalwingboomerangs.com\/de\/wp-json\/wp\/v2\/media?parent=8864"}],"wp:term":[{"taxonomy":"product_cat","embeddable":true,"href":"https:\/\/www.royalwingboomerangs.com\/de\/wp-json\/wp\/v2\/product_cat?post=8864"},{"taxonomy":"product_tag","embeddable":true,"href":"https:\/\/www.royalwingboomerangs.com\/de\/wp-json\/wp\/v2\/product_tag?post=8864"}],"curies":[{"name":"wp","href":"https:\/\/api.w.org\/{rel}","templated":true}]}}