{"id":9149,"date":"2022-09-22T08:53:59","date_gmt":"2022-09-22T08:53:59","guid":{"rendered":"https:\/\/www.royalwingboomerangs.com\/?page_id=9149"},"modified":"2022-09-23T11:17:47","modified_gmt":"2022-09-23T11:17:47","slug":"investorensuche","status":"publish","type":"page","link":"https:\/\/www.royalwingboomerangs.com\/de\/information\/investorensuche\/","title":{"rendered":"Investorensuche"},"content":{"rendered":"<h2><\/h2>\n<p>&nbsp;<\/p>\n<h2><span style=\"color: #666666;\"><strong>Investor \/ Investoren gesucht f\u00fcr einzigartige Produkte !<\/strong><\/span><\/h2>\n<p>Seien Sie mit dabei, wenn es darum geht ein Unternehmen weltweit zu etablieren. All die neuartigen Produkte sowohl im Luxusbereich wie auch f\u00fcr Jedermann bieten enormes Potential, wenn man die richtigen Hebel in Bewegung setzt. Im Prinzip ist alles f\u00fcr eine erfolgreiche Skalierung und &#8220;Offensive&#8221; bereit, es fehlt allerdings die tatkr\u00e4ftige Unterst\u00fctzung eines oder mehreren Investoren. Gemeinsam ist die Vision des absoluten Marktf\u00fchrers f\u00fcr hochwertige Bumerangs und Wurfh\u00f6lzer absolut realistisch. Daf\u00fcr sprechen mehrere Faktoren, welche nun n\u00e4her erl\u00e4utert werden.<\/p>\n<h3>Zum Gr\u00fcnder:<\/h3>\n<p>Ein solches Projekt macht nat\u00fcrlich nur Sinn, wenn man zu 100% dahinter steht und entsprechend Erfahrung vorzuweisen hat. Aus dem Grunde gibt es niemanden, der f\u00fcr ein solches Unternehmen besser geeignet w\u00e4re. Daf\u00fcr sprechen folgende Aspekte.<\/p>\n<p>&#8211; wirft und entwickelt Bumerangs seit \u00fcber 30 Jahren<br \/>\n&#8211; entwickelt insbesondere gerne Produkte, welche sich stark von der Konkurrenz abheben<br \/>\n&#8211; kennt sich mit s\u00e4mtlichen Produktionsprozessen aus<br \/>\n&#8211; kommt urspr\u00fcnglich aus dem Marketing<br \/>\n&#8211; hat alles f\u00fcr eine erfolgreiche Skalierung vorbereitet<br \/>\n&#8211; viele weitere Produktideen warten auf Umsetzung<br \/>\n&#8211; einer der weltbesten Bumerangentwickler<\/p>\n<h3>Gesch\u00e4ftsfeld<\/h3>\n<p>Nat\u00fcrlich kann man bereits weltweit Bumerangs kaufen. Es w\u00fcrde keinen Sinn machen nahezu identische Produkte zu verkaufen. Royal Wing Boomerangs erschlie\u00dft hingegen zum gro\u00dfen Teil auch v\u00f6llig neue M\u00e4rkte, denn Luxusbumerangs k\u00f6nnen vielseitig verwendet werden. Als Sportger\u00e4t, Wandschmuck, Kunstobjekt, edles Geschenk, Investitionsobjekt, Alternative zum Gem\u00e4lde, &#8230; Es gibt KEINE Konkurrenz. Das ist allerdings nur ein Bereich, den man hiermit bedienen kann.<\/p>\n<p>Aber auch bei den g\u00fcnstigen Produkten f\u00fcr Jedermann kann man sich erfolgreich etablieren. Diverse Bumerangs wurden entwickelt, welche es in der Form so noch nicht gab. Auch hier setzt man sich stark von der Konkurrenz ab und erschlie\u00dft neue Marktm\u00f6glichkeiten. So kann man die Produkte ( je nach Modell ) auch durchaus etwas h\u00f6her als \u00dcblich verkaufen.<\/p>\n<p>Ein weiteres Gesch\u00e4ftsfeld sind Jagdwurfh\u00f6lzer, welche man ebenfalls verkaufen k\u00f6nnte. Aktuell sind hier 2 Modelle verf\u00fcgbar.<\/p>\n<p>Alle Bumerangs und Wurfh\u00f6lzer sind aus Holz gebaut worden. Man k\u00f6nnte mit Kopien aus Kunststoff, welche im Spritzgussverfahren hergestellt werden, allerdings auch den Billigmarkt bediehnen.<\/p>\n<p>Spezielle Werbebumerangs k\u00f6nnen ebenfalls nach Kundenwunsch produziert werden.<\/p>\n<p>Weitere Bumerangs sind f\u00fcr Airbrush konzipiert und k\u00f6nnten von einem K\u00fcnstler bemalt werden. Solche Einzelst\u00fccke kann man ebenfalls f\u00fcr viel Geld verkaufen.<\/p>\n<p>2 weitere absolut innovative Ideen befinden sich in der Entwicklungsphase. Es ist insgesamt einfach unglaublich viel Potential vorhanden, um das Unternehmen weiter auszubauen und Zukunftsf\u00e4hig zu machen.<\/p>\n<p>Merchandising: Hat man sich erst einmal etabliert, dann bieten sich ungeahnte M\u00f6glichkeiten. Zum Beispiel im Schmuckbereich. Uhr mit Bumerangzeiger, Bekleidung, &#8230;<\/p>\n<p><strong>Hinweis:<\/strong> Man denke nur an die M\u00f6glichkeiten. In einigen L\u00e4ndern werden buchst\u00e4blich Unsummern ausgegeben, um sich ein Bild an die Wand zu h\u00e4ngen. Bilder kennt jeder, aber so einen Luxusbumerang mit Goldrahmen etc. w\u00e4re \u00fcberall ein Eyecatcher. Dabei k\u00f6nnte man durchaus in die Bumerangs auch richtig teure Juwelen einsetzen. Wie w\u00e4re es mit einem Luxusbumerang in Sonderfarbe auf blauem Samt mit blauen Diamanten zum sechsstelligen Preis ? Was z.B. in den USA verkauft wird ist der Wahnsinn, hauptsache cool, teuer und exklusiv.<\/p>\n<h3>Marktsituation<\/h3>\n<p>Es herrscht wie \u00fcberall ein harter Wettbewerb, bei dem man in weltweiter Konkurrenz steht. Das ist ein echtes Problem, zumindest wenn man eher normale Bumerangs und Wurfh\u00f6lzer anbietet. Nicht so sehr betroffen davon sind die Luxusbumerangs und noch kommenden 2 innovativen Produkte, da hier die Marge insgesamt gr\u00f6\u00dfer ist. St\u00e4rker ins Gewicht fallen w\u00fcrde es bei den normalpreisigen Produkten. Um dem zu begegnen gibt es 2 L\u00f6sungen.<\/p>\n<p>&#8211; besonders viel verkaufen<br \/>\n&#8211; im g\u00fcnstigen Ausland produzieren lassen<br \/>\n&#8211; Massenproduktion<\/p>\n<p>Entwickelt in Deutschland, aber produziert im g\u00fcnstigen EU Ausland w\u00e4re die perfekteste L\u00f6sung. Ein kleines &#8220;Kernteam&#8221; in Deutschland und ein Produktions \/ Vertriebsteam im Ausland. Die Kosten sollten hierbei insgesamt so niedrig wie m\u00f6glich gehalten werden.<\/p>\n<p>Verkauft werden k\u00f6nnen die Produkte vielf\u00e4ltig. \u00dcber H\u00e4ndler aus verschiedensten Branchen, aber auch in Selbstvermarktung \u00fcber Marktpl\u00e4tze und die eigene Homepage. Teilweise w\u00fcrde online verkauft werden, aber es bieten sich auch M\u00f6glichkeiten z.B. \u00fcber Souvenirshops, an Flugh\u00e4fen, in Sportl\u00e4den Luxusgesch\u00e4fte, Luxushotels, usw.<\/p>\n<h3>Investoren<\/h3>\n<p>Alles ist f\u00fcr den Start vorbereitet, aber dieser ist nur mit finanzieller Unterst\u00fctzung m\u00f6glich. Um wirklich in der oberen Liga mitspielen zu k\u00f6nnen, w\u00e4re eine Investition von 150.000 EUR notwendig. Ideal w\u00e4re ein einzelner Investor, aber auch 3 a 50.000 EUR w\u00e4ren vorstellbar. Von Vorteil w\u00e4re nat\u00fcrlich, wenn man evtl. weitergehende Unterst\u00fctzung anbieten k\u00f6nnte. Zum Beispiel wenn bereits \u00fcber ein Vertriebsteam verf\u00fcgt wird, man aus einer \u00e4hnlichen Branche wie Sportartikel, Luxusartikel, Geschenke, Dekoration, M\u00f6bel, etc. kommt. Das ist allerdings keine Bedingung. In erster Linie geht es rein um die finanzielle Unterst\u00fctzung. Eventuell &#8220;verliebt&#8221; sich ja auch ein Investor in dieses Hobby bei einer &#8220;Demonstration&#8221;. Das ist ohnehin Empfehlenswert, denn DIESE Produkte heben sich stark von normalen Bumerangs und Wurfh\u00f6lzern ab, welche man als Kind vielleicht kennengelernt hat. Muss man einfach gesehen und geworfen haben. Gerne stelle ich Ihnen die Produkte bei einem Meeting n\u00e4her vor.<\/p>\n<p>Im Gegenzug w\u00fcrden Unternehmensanteile abgegeben werden.<\/p>\n<h3>Wof\u00fcr w\u00fcrde die Investition ausgegeben werden ?<\/h3>\n<p>&#8211; Vorproduktion der Produkte<br \/>\n&#8211; Unternehmensgr\u00fcndung GmbH<br \/>\n&#8211; Vertriebs und Produktionsst\u00e4tte im Ausland aufbauen<br \/>\n&#8211; Kauf von modernen Produktionsmaschinen, um effizienter produzieren zu k\u00f6nnen ( die Maschinen kann man auch g\u00fcnstig in Asien bekommen )<br \/>\n&#8211; Mitarbeiter ( im Ausland w\u00fcrden diese nur ein Bruchteil kosten, ca. 1\/3 oder 1\/4 )<br \/>\n&#8211; Werbekampagne z.B. Anzeigen bei Google und Bing Shopping, Geb\u00fchr f\u00fcr Vermarktung in speziellen Onlinemarktpl\u00e4tzen, Google und Bing Ads, &#8230;<br \/>\n&#8211; Fertigstellung der 2 weiteren innovativen Ideen<br \/>\n&#8211; Neuentwicklungen<br \/>\n&#8211; Designschutzanmeldungen, damit niemand diese Designs kopieren kann<br \/>\n&#8211; Abdeckung sonstiger Betriebskosten wie Energiekosten, Steuerberater, B\u00fcromiete, &#8230;<br \/>\n&#8211; Materialeinkauf im gr\u00f6\u00dferen Umfang, wodurch man die Kosten weiter senken k\u00f6nnte<\/p>\n<p>Langfristig sollte man eigene Immobilien kaufen, um die Kosten weiter zu reduzieren. Miete sollte man immer vermeiden. Auch die ben\u00f6tigte Energie liesse sich auf Dauer vielleicht \u00fcber Solaranlagen etc. realisieren. Nicht nur viel verkaufen ist wichtig, sondern auch die Kosten m\u00f6glichst niedrig zu halten.<\/p>\n<h3>Kann man damit Geld verdienen als Investor ?<\/h3>\n<p>Wenn es sich um normale Bumerangs und Wurfh\u00f6lzer handeln w\u00fcrde, dann auf keinen Fall. Es funktioniert nur \u00fcber einzigartige Produkte, die man dann zu einem h\u00f6heren Preis verkaufen kann. Au\u00dferdem gibt es M\u00f6glichkeiten viele Produkte zu verkaufen und die Produktionskosten stark zu senken, sodass der Gewinn h\u00f6her ausf\u00e4llt. Zudem sollte man nicht untersch\u00e4tzen, dass nahezu jeder Bumerangs und Wurfh\u00f6lzer kennt. Es ist alles eine Frage des Marketings. Zum Beispiel w\u00e4re auch der Gesundheitsaspekt in Zeiten von Corona hervorzuheben, um das eigene Immunsystem zu st\u00e4rken. Bewegung und frische Luft sind gut f\u00fcr die Gesundheit. Nur als Beispiel.<\/p>\n<h3>Aktueller Status<\/h3>\n<p>Vieles ist in m\u00fchsamer Kleinarbeit bereits vorbereitet worden. Mit finanzieller und evtl. weiterer Unterst\u00fctzung vom Investor k\u00f6nnte man z\u00fcgig starten. Was ist bereits vorhanden ?<\/p>\n<p>&#8211; Starker Markennamen<br \/>\n&#8211; Edles Logo<br \/>\n&#8211; Homepage<br \/>\n&#8211; Diverse Videos https:\/\/www.royalwingboomerangs.com\/en\/information\/videos\/<br \/>\n&#8211; Viele fertige Prototypen<br \/>\n&#8211; vorhandener Designschutz f\u00fcr Luxusbumerangs<br \/>\n&#8211; weitere innovative Ideen in der Entwicklungsphase<\/p>\n<h3>Produktinformation<\/h3>\n<p>Es wurde viel Wert auf ungef\u00e4hrliche Materialien gelegt. Zum Beispiel ist der Lack sogar f\u00fcr Kinderspielzeug geeignet. Spritzpistolen k\u00f6nnen mit Wasser statt giftigen L\u00f6sungsmitteln gereinigt werden. Das Holz stammt aus nachwachsenden europ\u00e4ischen W\u00e4ldern.<\/p>\n<p>Ansonsten spielen diese Produkte in einer ganz anderen qualitativen Liga. Das f\u00fchlt und sieht man. Normale Bumerangs haben meist eine Spannweite von 35 -40cm und Gewicht um die 40 &#8211; 50 Gramm. Royal Wing Boomerangs hingegen besitzen eine Spannweite von bis zu \u00fcber 60cm und ein Gewicht bis 150 Gramm. Statt Spatzen sind es die Adler der L\u00fcfte, deshalb unter anderem auch der Name. Die minderwertigen Produkte aus der Kindheit sollte man nicht mit diesen Produkten vergleichen. Teilweise sind auch echte Kunstwerke darunter, also nicht die bekannten Standardformen. Z.B. Herzbumerangs, Totenkopfbumerang, Megalodonbumerang, Goldaderbumerang, Oktopusbumerang, &#8230;.<\/p>\n<p>Desweiteren finden sich beim Produkt auch weitere Innovationen wie der Juwelenhalter, Tarnmuster, Befestigung, usw.<\/p>\n<h3>Weitere Highlights<\/h3>\n<p>&#8211; absolute Qualit\u00e4tsprodukte<br \/>\n&#8211; Innovativ<br \/>\n&#8211; Wachstumsm\u00f6glichkeiten<br \/>\n&#8211; Voller Einsatz vom Gr\u00fcnder<\/p>\n<h3>Das Team<\/h3>\n<p>Theoretisch k\u00f6nnte eine einzelne Person alle Arbeitsschritte abdecken. Lohnenswert ist das nat\u00fcrlich nicht, weil die St\u00fcckzahlen dann zu niedrig w\u00e4ren. Nat\u00fcrlich wurden hierzu bereits \u00dcberlegungen angestellt, welche auf Anfrage auch gerne weiter erl\u00e4utert werden. Kleines Kernteam in Deutschland plus gr\u00f6\u00dferes Produktions und Vertriebsteam in Osteuropa w\u00e4re ideal.<\/p>\n<h3>Ziele und Zukunft<\/h3>\n<p>&#8211; Erfolgreichen Ausbau des Unternehmens<br \/>\n&#8211; St\u00e4rkung der Marke<br \/>\n&#8211; Marktf\u00fchrerschaft<br \/>\n&#8211; Stetige Weiterentwicklungen<br \/>\n&#8211; Noch effizienter und kosteng\u00fcnstiger zu produzieren<br \/>\n&#8211; Arbeitsabl\u00e4ufe zu optimieren<br \/>\n&#8211; Netzwerk vergr\u00f6\u00dfern<br \/>\n&#8211; Weiterhin gute Zusammenarbeit mit dem Investor<\/p>\n<h3>Weitere Informationen auf Anfrage<\/h3>\n<p>Hier wurden bereits viele Informationen aufgez\u00e4hlt, aber dennoch ist es nur ein Bruchteil dessen, was man zu diesem Projekt sagen m\u00fcsste. Wie bereits erw\u00e4hnt, man muss es einfach gesehen haben. Bei Interesse sollte man miteinander telefonieren, oder sich gleich zu einem Meeting verabreden.<\/p>\n<p>&nbsp;<\/p>\n<a href=\"https:\/\/www.royalwingboomerangs.com\/de\/kontakt\/\" class=\"su-button su-button-style-default\" style=\"color:#FFFFFF;background-color:#ebcf4d;border-color:#bca63e;border-radius:7px;-moz-border-radius:7px;-webkit-border-radius:7px\" target=\"_self\"><span style=\"color:#FFFFFF;padding:0px 20px;font-size:16px;line-height:32px;border-color:#f1de83;border-radius:7px;-moz-border-radius:7px;-webkit-border-radius:7px;text-shadow:none;-moz-text-shadow:none;-webkit-text-shadow:none\"> ANFRAGE STELLEN<\/span><\/a>\n<p>&nbsp;<\/p>\n<p>Marco Sa\u00df &#8211; Inhaber und Gr\u00fcnder<\/p>\n","protected":false},"excerpt":{"rendered":"<p>&nbsp; Investor \/ Investoren gesucht f\u00fcr einzigartige Produkte ! Seien Sie mit dabei, wenn es darum geht ein Unternehmen weltweit zu etablieren.<\/p>\n","protected":false},"author":2,"featured_media":9152,"parent":7748,"menu_order":0,"comment_status":"closed","ping_status":"closed","template":"","meta":[],"yoast_head":"<!-- This site is optimized with the Yoast SEO plugin v17.1 - https:\/\/yoast.com\/wordpress\/plugins\/seo\/ -->\n<title>Investor gesucht f\u00fcr einzigartiges Projekt mit Bumerangs und Wurfh\u00f6lzern ! Startup, Unternehmen, Luxusprodukt, Sportprodukt, Dekoration, Luxusgeschenk,<\/title>\n<meta name=\"description\" content=\"Es lohnt sich angesichts der M\u00f6glichkeiten zu investieren. Informieren Sie sich im Detail \u00fcber die einzigartigen Produkte &amp; das Unternehmen.\" \/>\n<meta name=\"robots\" content=\"index, follow, max-snippet:-1, max-image-preview:large, max-video-preview:-1\" \/>\n<link rel=\"canonical\" href=\"https:\/\/www.royalwingboomerangs.com\/de\/information\/investorensuche\/\" \/>\n<meta property=\"og:locale\" content=\"de_DE\" \/>\n<meta property=\"og:type\" content=\"article\" \/>\n<meta property=\"og:title\" content=\"Investor gesucht f\u00fcr einzigartiges Projekt mit Bumerangs und Wurfh\u00f6lzern ! Startup, Unternehmen, Luxusprodukt, Sportprodukt, Dekoration, Luxusgeschenk,\" \/>\n<meta property=\"og:description\" content=\"Es lohnt sich angesichts der M\u00f6glichkeiten zu investieren. Informieren Sie sich im Detail \u00fcber die einzigartigen Produkte &amp; das Unternehmen.\" \/>\n<meta property=\"og:url\" content=\"https:\/\/www.royalwingboomerangs.com\/de\/information\/investorensuche\/\" \/>\n<meta property=\"og:site_name\" content=\"Royal Wing Boomerangs\" \/>\n<meta property=\"article:modified_time\" content=\"2022-09-23T11:17:47+00:00\" \/>\n<meta property=\"og:image\" content=\"https:\/\/www.royalwingboomerangs.com\/wp-content\/uploads\/2022\/09\/unternehmen-investor-gesucht-projekte.jpg\" \/>\n\t<meta property=\"og:image:width\" content=\"1170\" \/>\n\t<meta property=\"og:image:height\" content=\"659\" \/>\n<meta name=\"twitter:card\" content=\"summary_large_image\" \/>\n<meta name=\"twitter:label1\" content=\"Gesch\u00e4tzte Lesezeit\" \/>\n\t<meta name=\"twitter:data1\" content=\"7\u00a0Minuten\" \/>\n<script type=\"application\/ld+json\" class=\"yoast-schema-graph\">{\"@context\":\"https:\/\/schema.org\",\"@graph\":[{\"@type\":\"WebSite\",\"@id\":\"https:\/\/www.royalwingboomerangs.com\/en\/#website\",\"url\":\"https:\/\/www.royalwingboomerangs.com\/en\/\",\"name\":\"Royal Wing Boomerangs\",\"description\":\"Manufaktur f\\u00fcr Luxusbumerangs \/ Luxusspielzeug f\\u00fcr Erwachsene, Luxusgeschenk, Luxus, Spielzeug, Werbegeschenke, Wandschmuck, Teuer, Luxusm\\u00f6bel, Kaufen, Hersteller, Unternehmen, Dekoration, Sportartikel\",\"potentialAction\":[{\"@type\":\"SearchAction\",\"target\":{\"@type\":\"EntryPoint\",\"urlTemplate\":\"https:\/\/www.royalwingboomerangs.com\/en\/?s={search_term_string}\"},\"query-input\":\"required name=search_term_string\"}],\"inLanguage\":\"de\"},{\"@type\":\"ImageObject\",\"@id\":\"https:\/\/www.royalwingboomerangs.com\/de\/information\/investorensuche\/#primaryimage\",\"inLanguage\":\"de\",\"url\":\"https:\/\/www.royalwingboomerangs.com\/wp-content\/uploads\/2022\/09\/unternehmen-investor-gesucht-projekte.jpg\",\"contentUrl\":\"https:\/\/www.royalwingboomerangs.com\/wp-content\/uploads\/2022\/09\/unternehmen-investor-gesucht-projekte.jpg\",\"width\":1170,\"height\":659,\"caption\":\"Investor gesucht f\\u00fcr Unternehmen und Projekte\"},{\"@type\":\"WebPage\",\"@id\":\"https:\/\/www.royalwingboomerangs.com\/de\/information\/investorensuche\/#webpage\",\"url\":\"https:\/\/www.royalwingboomerangs.com\/de\/information\/investorensuche\/\",\"name\":\"Investor gesucht f\\u00fcr einzigartiges Projekt mit Bumerangs und Wurfh\\u00f6lzern ! Startup, Unternehmen, Luxusprodukt, Sportprodukt, Dekoration, Luxusgeschenk,\",\"isPartOf\":{\"@id\":\"https:\/\/www.royalwingboomerangs.com\/en\/#website\"},\"primaryImageOfPage\":{\"@id\":\"https:\/\/www.royalwingboomerangs.com\/de\/information\/investorensuche\/#primaryimage\"},\"datePublished\":\"2022-09-22T08:53:59+00:00\",\"dateModified\":\"2022-09-23T11:17:47+00:00\",\"description\":\"Es lohnt sich angesichts der M\\u00f6glichkeiten zu investieren. Informieren Sie sich im Detail \\u00fcber die einzigartigen Produkte & das Unternehmen.\",\"breadcrumb\":{\"@id\":\"https:\/\/www.royalwingboomerangs.com\/de\/information\/investorensuche\/#breadcrumb\"},\"inLanguage\":\"de\",\"potentialAction\":[{\"@type\":\"ReadAction\",\"target\":[\"https:\/\/www.royalwingboomerangs.com\/de\/information\/investorensuche\/\"]}]},{\"@type\":\"BreadcrumbList\",\"@id\":\"https:\/\/www.royalwingboomerangs.com\/de\/information\/investorensuche\/#breadcrumb\",\"itemListElement\":[{\"@type\":\"ListItem\",\"position\":1,\"name\":\"Home\",\"item\":\"https:\/\/www.royalwingboomerangs.com\/de\/\"},{\"@type\":\"ListItem\",\"position\":2,\"name\":\"Information\",\"item\":\"https:\/\/www.royalwingboomerangs.com\/de\/information\/\"},{\"@type\":\"ListItem\",\"position\":3,\"name\":\"Investorensuche\"}]}]}<\/script>\n<!-- \/ Yoast SEO plugin. -->","yoast_head_json":{"title":"Investor gesucht f\u00fcr einzigartiges Projekt mit Bumerangs und Wurfh\u00f6lzern ! Startup, Unternehmen, Luxusprodukt, Sportprodukt, Dekoration, Luxusgeschenk,","description":"Es lohnt sich angesichts der M\u00f6glichkeiten zu investieren. Informieren Sie sich im Detail \u00fcber die einzigartigen Produkte & das Unternehmen.","robots":{"index":"index","follow":"follow","max-snippet":"max-snippet:-1","max-image-preview":"max-image-preview:large","max-video-preview":"max-video-preview:-1"},"canonical":"https:\/\/www.royalwingboomerangs.com\/de\/information\/investorensuche\/","og_locale":"de_DE","og_type":"article","og_title":"Investor gesucht f\u00fcr einzigartiges Projekt mit Bumerangs und Wurfh\u00f6lzern ! Startup, Unternehmen, Luxusprodukt, Sportprodukt, Dekoration, Luxusgeschenk,","og_description":"Es lohnt sich angesichts der M\u00f6glichkeiten zu investieren. Informieren Sie sich im Detail \u00fcber die einzigartigen Produkte & das Unternehmen.","og_url":"https:\/\/www.royalwingboomerangs.com\/de\/information\/investorensuche\/","og_site_name":"Royal Wing Boomerangs","article_modified_time":"2022-09-23T11:17:47+00:00","og_image":[{"width":1170,"height":659,"url":"https:\/\/www.royalwingboomerangs.com\/wp-content\/uploads\/2022\/09\/unternehmen-investor-gesucht-projekte.jpg","path":"\/var\/www\/kle124-165\/apps\/royal\/wp-content\/uploads\/2022\/09\/unternehmen-investor-gesucht-projekte.jpg","size":"full","id":9152,"alt":"Investor gesucht f\u00fcr Unternehmen und Projekte","pixels":771030,"type":"image\/jpeg"}],"twitter_card":"summary_large_image","twitter_misc":{"Gesch\u00e4tzte Lesezeit":"7\u00a0Minuten"},"schema":{"@context":"https:\/\/schema.org","@graph":[{"@type":"WebSite","@id":"https:\/\/www.royalwingboomerangs.com\/en\/#website","url":"https:\/\/www.royalwingboomerangs.com\/en\/","name":"Royal Wing Boomerangs","description":"Manufaktur f\u00fcr Luxusbumerangs \/ Luxusspielzeug f\u00fcr Erwachsene, Luxusgeschenk, Luxus, Spielzeug, Werbegeschenke, Wandschmuck, Teuer, Luxusm\u00f6bel, Kaufen, Hersteller, Unternehmen, Dekoration, Sportartikel","potentialAction":[{"@type":"SearchAction","target":{"@type":"EntryPoint","urlTemplate":"https:\/\/www.royalwingboomerangs.com\/en\/?s={search_term_string}"},"query-input":"required name=search_term_string"}],"inLanguage":"de"},{"@type":"ImageObject","@id":"https:\/\/www.royalwingboomerangs.com\/de\/information\/investorensuche\/#primaryimage","inLanguage":"de","url":"https:\/\/www.royalwingboomerangs.com\/wp-content\/uploads\/2022\/09\/unternehmen-investor-gesucht-projekte.jpg","contentUrl":"https:\/\/www.royalwingboomerangs.com\/wp-content\/uploads\/2022\/09\/unternehmen-investor-gesucht-projekte.jpg","width":1170,"height":659,"caption":"Investor gesucht f\u00fcr Unternehmen und Projekte"},{"@type":"WebPage","@id":"https:\/\/www.royalwingboomerangs.com\/de\/information\/investorensuche\/#webpage","url":"https:\/\/www.royalwingboomerangs.com\/de\/information\/investorensuche\/","name":"Investor gesucht f\u00fcr einzigartiges Projekt mit Bumerangs und Wurfh\u00f6lzern ! Startup, Unternehmen, Luxusprodukt, Sportprodukt, Dekoration, Luxusgeschenk,","isPartOf":{"@id":"https:\/\/www.royalwingboomerangs.com\/en\/#website"},"primaryImageOfPage":{"@id":"https:\/\/www.royalwingboomerangs.com\/de\/information\/investorensuche\/#primaryimage"},"datePublished":"2022-09-22T08:53:59+00:00","dateModified":"2022-09-23T11:17:47+00:00","description":"Es lohnt sich angesichts der M\u00f6glichkeiten zu investieren. Informieren Sie sich im Detail \u00fcber die einzigartigen Produkte & das Unternehmen.","breadcrumb":{"@id":"https:\/\/www.royalwingboomerangs.com\/de\/information\/investorensuche\/#breadcrumb"},"inLanguage":"de","potentialAction":[{"@type":"ReadAction","target":["https:\/\/www.royalwingboomerangs.com\/de\/information\/investorensuche\/"]}]},{"@type":"BreadcrumbList","@id":"https:\/\/www.royalwingboomerangs.com\/de\/information\/investorensuche\/#breadcrumb","itemListElement":[{"@type":"ListItem","position":1,"name":"Home","item":"https:\/\/www.royalwingboomerangs.com\/de\/"},{"@type":"ListItem","position":2,"name":"Information","item":"https:\/\/www.royalwingboomerangs.com\/de\/information\/"},{"@type":"ListItem","position":3,"name":"Investorensuche"}]}]}},"_links":{"self":[{"href":"https:\/\/www.royalwingboomerangs.com\/de\/wp-json\/wp\/v2\/pages\/9149"}],"collection":[{"href":"https:\/\/www.royalwingboomerangs.com\/de\/wp-json\/wp\/v2\/pages"}],"about":[{"href":"https:\/\/www.royalwingboomerangs.com\/de\/wp-json\/wp\/v2\/types\/page"}],"author":[{"embeddable":true,"href":"https:\/\/www.royalwingboomerangs.com\/de\/wp-json\/wp\/v2\/users\/2"}],"replies":[{"embeddable":true,"href":"https:\/\/www.royalwingboomerangs.com\/de\/wp-json\/wp\/v2\/comments?post=9149"}],"version-history":[{"count":8,"href":"https:\/\/www.royalwingboomerangs.com\/de\/wp-json\/wp\/v2\/pages\/9149\/revisions"}],"predecessor-version":[{"id":9159,"href":"https:\/\/www.royalwingboomerangs.com\/de\/wp-json\/wp\/v2\/pages\/9149\/revisions\/9159"}],"up":[{"embeddable":true,"href":"https:\/\/www.royalwingboomerangs.com\/de\/wp-json\/wp\/v2\/pages\/7748"}],"wp:featuredmedia":[{"embeddable":true,"href":"https:\/\/www.royalwingboomerangs.com\/de\/wp-json\/wp\/v2\/media\/9152"}],"wp:attachment":[{"href":"https:\/\/www.royalwingboomerangs.com\/de\/wp-json\/wp\/v2\/media?parent=9149"}],"curies":[{"name":"wp","href":"https:\/\/api.w.org\/{rel}","templated":true}]}}