{"id":8897,"date":"2021-10-19T14:13:30","date_gmt":"2021-10-19T14:13:30","guid":{"rendered":"https:\/\/www.royalwingboomerangs.com\/?page_id=8897"},"modified":"2021-10-22T13:42:41","modified_gmt":"2021-10-22T13:42:41","slug":"presse","status":"publish","type":"page","link":"https:\/\/www.royalwingboomerangs.com\/de\/presse\/","title":{"rendered":"PRESSE"},"content":{"rendered":"[vc_row][vc_column][vc_column_text]<span class=\"VIiyi\" lang=\"en\"><span class=\"JLqJ4b ChMk0b\" data-language-for-alternatives=\"en\" data-language-to-translate-into=\"de\" data-phrase-index=\"3\"><span class=\"VIiyi\" lang=\"de\">Egal, ob Sie von einem gro\u00dfen Medienunternehmen, einem Fernsehsender, einem Radio, einem Online-Nachrichtendienst oder einem pers\u00f6nlichen Blog kommen, jeder ist willkommen. Wir freuen uns \u00fcber Beitr\u00e4ge zu unserem Unternehmen und unseren Produkten. Gerade in der Gr\u00fcndungsphase ist ein reichweitenstarkes Reporting hilfreich, um Kunden und Vertriebspartner zu finden. Wir hoffen, Sie finden alle Informationen, die Sie ben\u00f6tigen, ansonsten<\/span> <a href=\"https:\/\/www.royalwingboomerangs.com\/de\/kontakt\/\">kontaktieren Sie uns<\/a>.<\/span><\/span>[\/vc_column_text][\/vc_column][\/vc_row][vc_row][vc_column][vc_gallery type=&#8221;image_grid&#8221; images=&#8221;8634,8636,8638,8640,8642,8644,8648,8650,8652,8654,8656,8658,8660,8675,8678,8682,8684,8686,8688,8690&#8243; onclick=&#8221;img_link_large&#8221; custom_links_target=&#8221;_blank&#8221; title=&#8221;BILDERGALERIE&#8221;][\/vc_column][\/vc_row][vc_row][vc_column][vc_column_text]\n<h2>Einige Zusatzinformationen<\/h2>\n<p>Entwicklungszeit: 3,5 Jahre<br \/>\nInhaber: <span class=\"VIiyi\" lang=\"en\"><span class=\"JLqJ4b ChMk0b\" data-language-for-alternatives=\"en\" data-language-to-translate-into=\"de\" data-phrase-index=\"0\">Wirft und entwickelt Bumerangs bereits seit 35 Jahren<br \/>\n<\/span><\/span>Angebot: 10 verschiedene Bumerangs<br \/>\nZukunft: Viele neue Designs und Ideen befinden sich in Planung sowie Umsetzung. Momentan ist es nur der Anfang, aber viel mehr ist geplant.<br \/>\nVorbestellung: F\u00fcr einen besseren Start und Organisation der Produktion ist es besser sowie einfacher den Umfang vom Bedarf zu kennen.[\/vc_column_text][\/vc_column][\/vc_row][vc_row][vc_column][vc_toggle title=&#8221;Wie sind Sie auf die Idee gekommen, Luxusbumerangs herzustellen?&#8221; class=&#8221;JLqJ4b ChMk0b&#8221; data-language-for-alternatives=&#8221;de&#8221; data-language-to-translate-into=&#8221;en&#8221; data-phrase-index=&#8221;0&#8243; el_id=&#8221;1630602687488-ada25585-121b&#8221;]<span class=\"VIiyi\" lang=\"de\"><span class=\"JLqJ4b\" data-language-for-alternatives=\"de\" data-language-to-translate-into=\"en\" data-phrase-index=\"0\" data-number-of-phrases=\"1\">Bumerangs haben mich seit meiner Kindheit fasziniert und nie mehr losgelassen. Was liegt da n\u00e4her, als irgendwann das Hobby zum Beruf zu machen. In Industrienationen hat man jedoch keine Chance, die Billigkonkurrenz zu \u00fcberleben. In Indien kann man f\u00fcr 50 Dollar im Monat ein gro\u00dfes Haus der Oberklasse mieten, in Deutschland bekommt man daf\u00fcr nicht einmal eine Autogarage. Jemand aus Indien kann sicher davon leben, aber hier hat man keine Chance. Viele Bastler und Firmen sind gekommen und schnell wieder gegangen, weil es sich einfach nicht lohnt. Bei Preisen um die 30-50 Euro kann man keine Mitarbeiter einstellen, in moderne Maschinen investieren, Urlaub machen, krank werden, genug in die Rentenkasse einzahlen, sich wahrscheinlich nicht einmal ein Auto leisten usw. Die Gewinnspanne ist einfach zu gering. Daraus entstand die Idee, etwas Einzigartiges und Luxuri\u00f6ses zu schaffen, das es noch nie zuvor gegeben hat. Daf\u00fcr k\u00f6nnen Sie dann h\u00f6here Preise verlangen und mit Mitarbeitern ein \u201erichtiges\u201c Unternehmen aufbauen. Aber das ist ein ehrgeiziges Unterfangen, das viel Zeit, Geld und Nerven kostet. Was dahinter steckt, bis man ein fertiges Produkt pr\u00e4sentieren kann, wird meist v\u00f6llig untersch\u00e4tzt.<\/span><\/span>[\/vc_toggle][vc_toggle title=&#8221;Wie kommt der &#8220;hohe Preis&#8220; zustande ?&#8221; el_id=&#8221;1630602776668-c4540b61-5a2a&#8221;]<span class=\"VIiyi\" lang=\"en\"><span class=\"JLqJ4b\" data-language-for-alternatives=\"en\" data-language-to-translate-into=\"de\" data-phrase-index=\"0\"><span class=\"VIiyi\" lang=\"de\"><span class=\"JLqJ4b ChMk0b\" data-language-for-alternatives=\"de\" data-language-to-translate-into=\"en\" data-phrase-index=\"0\" data-number-of-phrases=\"6\">Es ist kein normaler Bumerang, sondern im wahrsten Sinne des Wortes ein einzigartiges Schmuckst\u00fcck (es gibt nichts Vergleichbares) f\u00fcr die Wand.<\/span> <span class=\"JLqJ4b ChMk0b\" data-language-for-alternatives=\"de\" data-language-to-translate-into=\"en\" data-phrase-index=\"1\" data-number-of-phrases=\"6\">Ein durchdachtes und stimmiges Gesamtkonzept, bei dem nur die besten Materialien verwendet werden.<\/span> <span class=\"JLqJ4b ChMk0b\" data-language-for-alternatives=\"de\" data-language-to-translate-into=\"en\" data-phrase-index=\"2\" data-number-of-phrases=\"6\">Echtes Leder, echtes Gold in verschiedenen Variationen f\u00fcr die Vergoldung, ein hochwertiger Rahmen in besserer Qualit\u00e4t als manche Museen verwenden, wertvolle Edelsteine (in den USA werden Moissanit-Edelsteine in gleicher Qualit\u00e4t bis zu 1200 Dollar verkauft), viel Zubeh\u00f6r,<\/span> <span class=\"JLqJ4b ChMk0b\" data-language-for-alternatives=\"de\" data-language-to-translate-into=\"en\" data-phrase-index=\"3\" data-number-of-phrases=\"6\">usw. Die Liebe steckt buchst\u00e4blich im Detail.<\/span> <span class=\"JLqJ4b ChMk0b\" data-language-for-alternatives=\"de\" data-language-to-translate-into=\"en\" data-phrase-index=\"4\" data-number-of-phrases=\"6\">Nat\u00fcrlich Dinge wie Entwicklung, Marketing, Produktionskosten, Investitionen in Maschinen, Mitarbeiter, Importkosten von Lieferanten, \u2026.. Die Liste der Kostenfaktoren ist bei einem so komplexen Produkt sehr lang.<\/span> <span class=\"JLqJ4b ChMk0b\" data-language-for-alternatives=\"de\" data-language-to-translate-into=\"en\" data-phrase-index=\"5\" data-number-of-phrases=\"6\">Letztlich will der Staat nicht zu wenig Steuern haben und H\u00e4ndler wollen mit dem Verkauf Geld verdienen.<\/span><\/span> <\/span><\/span>[\/vc_toggle][vc_toggle title=&#8221;An welche Zielgruppe richtet sich unser Angebot ?&#8221; el_id=&#8221;1630602807078-0865415e-4ab1&#8243;]<span class=\"VIiyi\" lang=\"en\"><span class=\"JLqJ4b\" data-language-for-alternatives=\"en\" data-language-to-translate-into=\"de\" data-phrase-index=\"0\"><span class=\"VIiyi\" lang=\"de\"><span class=\"JLqJ4b ChMk0b\" data-language-for-alternatives=\"de\" data-language-to-translate-into=\"en\" data-phrase-index=\"0\" data-number-of-phrases=\"6\">Bei wohlhabenden Menschen haben wir eine ganz klar definierte Zielgruppe.<\/span> <span class=\"JLqJ4b ChMk0b\" data-language-for-alternatives=\"de\" data-language-to-translate-into=\"en\" data-phrase-index=\"1\" data-number-of-phrases=\"6\">Wer sich ein Auto f\u00fcr 100.000 Euro, eine Uhr f\u00fcr 20.000 Euro, eine Villa f\u00fcr eine Million, eine Luxusyacht usw. leisten kann, kann sich auch unsere Luxusbumerangs problemlos leisten.<\/span> <span class=\"JLqJ4b ChMk0b\" data-language-for-alternatives=\"de\" data-language-to-translate-into=\"en\" data-phrase-index=\"2\" data-number-of-phrases=\"6\">Allein in Deutschland gibt es satte 1,535 Millionen Million\u00e4re.<\/span> <span class=\"JLqJ4b ChMk0b\" data-language-for-alternatives=\"de\" data-language-to-translate-into=\"en\" data-phrase-index=\"3\" data-number-of-phrases=\"6\">Es gibt weltweit fast 25 Millionen Menschen mit einem Verm\u00f6gen von 1 Million US-Dollar oder mehr.<\/span> <span class=\"JLqJ4b ChMk0b\" data-language-for-alternatives=\"de\" data-language-to-translate-into=\"en\" data-phrase-index=\"4\" data-number-of-phrases=\"6\">Gen\u00fcgend potenzielle Kunden f\u00fcr unsere Produkte.<\/span> <span class=\"JLqJ4b ChMk0b\" data-language-for-alternatives=\"de\" data-language-to-translate-into=\"en\" data-phrase-index=\"5\" data-number-of-phrases=\"6\">Normalverdiener m\u00fcssen nicht traurig sein und auf Bumerangs verzichten, denn Angebote im Niedrigpreissegment von rund 30-50 EUR gibt es genug auf dem Markt.<\/span><\/span> <\/span><\/span>[\/vc_toggle][vc_toggle title=&#8221;Welche Zukunftspl\u00e4ne haben Sie ?&#8221; el_id=&#8221;1630602856389-b0bde1e1-4764&#8243;]<span class=\"VIiyi\" lang=\"en\"><span class=\"JLqJ4b\" data-language-for-alternatives=\"en\" data-language-to-translate-into=\"de\" data-phrase-index=\"0\"><span class=\"VIiyi\" lang=\"de\"><span class=\"JLqJ4b ChMk0b\" data-language-for-alternatives=\"de\" data-language-to-translate-into=\"en\" data-phrase-index=\"0\" data-number-of-phrases=\"6\">Das Angebot soll kontinuierlich ausgebaut werden, daran arbeiten wir bereits.<\/span> <span class=\"JLqJ4b ChMk0b\" data-language-for-alternatives=\"de\" data-language-to-translate-into=\"en\" data-phrase-index=\"1\" data-number-of-phrases=\"6\">Wie gesagt, die 10 Bumerangs sind erst der Anfang.<\/span> <span class=\"JLqJ4b ChMk0b\" data-language-for-alternatives=\"de\" data-language-to-translate-into=\"en\" data-phrase-index=\"2\" data-number-of-phrases=\"6\">Es werden weitere Bumerang-Designs und die Umsetzung einiger spektakul\u00e4rerer Ideen folgen.<\/span> <span class=\"JLqJ4b ChMk0b\" data-language-for-alternatives=\"de\" data-language-to-translate-into=\"en\" data-phrase-index=\"3\" data-number-of-phrases=\"6\">Wenn man etwas erreichen will, macht es keinen Sinn, das zu tun, was andere bereits getan haben.<\/span> <span class=\"JLqJ4b ChMk0b\" data-language-for-alternatives=\"de\" data-language-to-translate-into=\"en\" data-phrase-index=\"4\" data-number-of-phrases=\"6\">Wer h\u00f6here Preise rechtfertigen will, muss besser, schlauer und kreativer sein.<\/span> <span class=\"JLqJ4b ChMk0b\" data-language-for-alternatives=\"de\" data-language-to-translate-into=\"en\" data-phrase-index=\"5\" data-number-of-phrases=\"6\">In jedem Fall soll in eine vern\u00fcnftige Produktionshalle, moderne Maschinen, f\u00e4hige Mitarbeiter, Erweiterung des Sortiments, weitere Qualit\u00e4tssteigerungen etc. investiert werden.<\/span><\/span> <\/span><\/span>[\/vc_toggle][vc_toggle title=&#8221;Was zeichnet die hohe Qualit\u00e4t der Royal Wing Bumerangs aus?&#8221; el_id=&#8221;1630602881125-b2e61367-70f5&#8243;]<span class=\"VIiyi\" lang=\"en\"><span class=\"JLqJ4b\" data-language-for-alternatives=\"en\" data-language-to-translate-into=\"de\" data-phrase-index=\"0\"><span class=\"VIiyi\" lang=\"de\"><span class=\"JLqJ4b ChMk0b\" data-language-for-alternatives=\"de\" data-language-to-translate-into=\"en\" data-phrase-index=\"0\" data-number-of-phrases=\"4\">Manches erkennt man erst auf den zweiten Blick, aber es macht einen qualitativen Unterschied.<\/span> <span class=\"JLqJ4b ChMk0b\" data-language-for-alternatives=\"de\" data-language-to-translate-into=\"en\" data-phrase-index=\"1\" data-number-of-phrases=\"4\">Zum Beispiel die Verwendung einer massiven Gravurplatte statt eines &#8220;Gravurblechs&#8221;, geschraubt statt geklebt, solide Befestigung am Rahmen, aufwendige Bemalung des Bumerangs (vielschichtig), Verwendung umweltfreundlicher Farbe (bedeutet eine l\u00e4ngere Trocknungszeit<\/span><span class=\"JLqJ4b ChMk0b\" data-language-for-alternatives=\"de\" data-language-to-translate-into=\"en\" data-phrase-index=\"2\" data-number-of-phrases=\"4\">, was am Ende mehr Zeit und Geld kostet), F\u00e4lschungsschutz usw. F\u00fcr Royal Wing Boomerangs ist nur das Beste gut genug.<\/span> <span class=\"JLqJ4b ChMk0b\" data-language-for-alternatives=\"de\" data-language-to-translate-into=\"en\" data-phrase-index=\"3\" data-number-of-phrases=\"4\">Mehr zum Thema Qualit\u00e4t finden Sie <a href=\"https:\/\/www.royalwingboomerangs.com\/de\/qualitaet\/\">hier<\/a><\/span><\/span> <\/span><\/span>[\/vc_toggle][vc_toggle title=&#8221;Warum w\u00e4re ein Vorwurf der kulturellen Aneignung v\u00f6llig falsch ? &#8221; el_id=&#8221;1630602939796-fe0b344e-a603&#8243;]<span class=\"VIiyi\" lang=\"en\"><span class=\"JLqJ4b\" data-language-for-alternatives=\"en\" data-language-to-translate-into=\"de\" data-phrase-index=\"0\"><span class=\"VIiyi\" lang=\"de\"><span class=\"JLqJ4b ChMk0b\" data-language-for-alternatives=\"de\" data-language-to-translate-into=\"en\" data-phrase-index=\"0\" data-number-of-phrases=\"5\">Leider gibt es seit Jahrhunderten viele Fehlinformationen, die bis heute bestehen.<\/span> <span class=\"JLqJ4b ChMk0b\" data-language-for-alternatives=\"de\" data-language-to-translate-into=\"en\" data-phrase-index=\"1\" data-number-of-phrases=\"5\">Wenn uns jemand mit dem Vorwurf der kulturellen Aneignung konfrontiert, ist es, als ob jemand sagt: &#8220;Wie kannst du das machen, du wei\u00dft schon, dass die Erde flach ist?&#8221;.<\/span> <span class=\"JLqJ4b ChMk0b\" data-language-for-alternatives=\"de\" data-language-to-translate-into=\"en\" data-phrase-index=\"2\" data-number-of-phrases=\"5\">Mit anderen Worten, das verwendete Wissen stammt aus vergangenen Tagen und ist \u00fcberhaupt nicht mehr aktuell.<\/span> <span class=\"JLqJ4b ChMk0b\" data-language-for-alternatives=\"de\" data-language-to-translate-into=\"en\" data-phrase-index=\"3\" data-number-of-phrases=\"5\">Wir m\u00fcssen nichts aneignen, denn wir haben einfach unsere eigene Wurfholz- und Bumerangkultur.<\/span> <span class=\"JLqJ4b ChMk0b\" data-language-for-alternatives=\"de\" data-language-to-translate-into=\"en\" data-phrase-index=\"4\" data-number-of-phrases=\"5\">Mehr Informationen in Textform gibt es hier <a href=\"https:\/\/www.royalwingboomerangs.com\/de\/information\/bumeranggeschichte\/\">Geschichte<\/a> der Bumerangs oder hier als <a href=\"https:\/\/www.youtube.com\/watch?v=zX4KSqLbQjI\" target=\"_blank\" rel=\"noopener\">Video<\/a> bearbeitet<\/span><\/span> <\/span><\/span>[\/vc_toggle][vc_toggle title=&#8221;Ist Ihnen auch die Umwelt wichtig ?&#8221; el_id=&#8221;1630602966655-a003472b-95ad&#8221;]<span class=\"VIiyi\" lang=\"en\"><span class=\"JLqJ4b\" data-language-for-alternatives=\"en\" data-language-to-translate-into=\"de\" data-phrase-index=\"0\"><span class=\"VIiyi\" lang=\"de\"><span class=\"JLqJ4b ChMk0b\" data-language-for-alternatives=\"de\" data-language-to-translate-into=\"en\" data-phrase-index=\"0\" data-number-of-phrases=\"6\">Auf jeden Fall wollen wir zumindest unseren Teil dazu beitragen.<\/span> <span class=\"JLqJ4b ChMk0b\" data-language-for-alternatives=\"de\" data-language-to-translate-into=\"en\" data-phrase-index=\"1\" data-number-of-phrases=\"6\">Beispielsweise verwenden wir f\u00fcr die Bumerangs eine umweltfreundliche Farbe, die Sie sogar f\u00fcr Kinderspielzeug verwenden k\u00f6nnten.<\/span> <span class=\"JLqJ4b ChMk0b\" data-language-for-alternatives=\"de\" data-language-to-translate-into=\"en\" data-phrase-index=\"2\" data-number-of-phrases=\"6\">Aber auch f\u00fcr Versiegelungss\u00f6l, Reparaturspachtel etc. versuchen wir kompatible L\u00f6sungen zu finden. Auch die Stromerzeugung f\u00fcr die Produktion soll in Zukunft mit Solarenergie erzeugt werden.<\/span> <span class=\"JLqJ4b ChMk0b\" data-language-for-alternatives=\"de\" data-language-to-translate-into=\"en\" data-phrase-index=\"3\" data-number-of-phrases=\"6\">Ein weiterer Plan ist die R\u00fcckgewinnung von Wald, der viel mehr CO2 binden und Sauerstoff produzieren k\u00f6nnte als Ackerland, Wiesen usw. Wir m\u00f6chten daher einen Teil des Gewinns verwenden, um Land zu kaufen und in einen bewirtschafteten Mischwald umzuwandeln.<\/span> <span class=\"JLqJ4b ChMk0b\" data-language-for-alternatives=\"de\" data-language-to-translate-into=\"en\" data-phrase-index=\"4\" data-number-of-phrases=\"6\">Der daraus erwirtschaftete Gewinn wird dann zur Deckung der Bewirtungskosten und zum Ankauf von zus\u00e4tzlichem Land verwendet.<\/span> <span class=\"JLqJ4b ChMk0b\" data-language-for-alternatives=\"de\" data-language-to-translate-into=\"en\" data-phrase-index=\"5\" data-number-of-phrases=\"6\">Die Waldfl\u00e4che soll immer gr\u00f6\u00dfer werden, wodurch wir am Ende klimaneutral oder besser klimapositiv produzieren k\u00f6nnen.<\/span><\/span> <\/span><\/span>[\/vc_toggle][\/vc_column][\/vc_row][vc_row][vc_column][vc_column_text]<span class=\"VIiyi\" lang=\"de\"><span class=\"JLqJ4b ChMk0b\" data-language-for-alternatives=\"de\" data-language-to-translate-into=\"en\" data-phrase-index=\"0\" data-number-of-phrases=\"1\">Ben\u00f6tigen Sie weitere Informationen, Bilder in h\u00f6herer Aufl\u00f6sung, Videos, haben Sie Fragen, \u2026 dann <a href=\"https:\/\/www.royalwingboomerangs.com\/de\/kontakt\/\">kontaktieren<\/a> Sie uns bitte.<\/span><\/span> [\/vc_column_text][\/vc_column][\/vc_row]\n","protected":false},"excerpt":{"rendered":"<p>[vc_row][vc_column][vc_column_text]Egal, ob Sie von einem gro\u00dfen Medienunternehmen, einem Fernsehsender, einem Radio, einem Online-Nachrichtendienst oder einem pers\u00f6nlichen Blog kommen, jeder ist willkommen. Wir<\/p>\n","protected":false},"author":2,"featured_media":0,"parent":0,"menu_order":0,"comment_status":"closed","ping_status":"closed","template":"","meta":[],"yoast_head":"<!-- This site is optimized with the Yoast SEO plugin v17.1 - https:\/\/yoast.com\/wordpress\/plugins\/seo\/ -->\n<title>PRESSE - Royal Wing Boomerangs<\/title>\n<meta name=\"robots\" content=\"index, follow, max-snippet:-1, max-image-preview:large, max-video-preview:-1\" \/>\n<link rel=\"canonical\" href=\"https:\/\/www.royalwingboomerangs.com\/de\/presse\/\" \/>\n<meta property=\"og:locale\" content=\"de_DE\" \/>\n<meta property=\"og:type\" content=\"article\" \/>\n<meta property=\"og:title\" content=\"PRESSE - Royal Wing Boomerangs\" \/>\n<meta property=\"og:description\" content=\"[vc_row][vc_column][vc_column_text]Egal, ob Sie von einem gro\u00dfen Medienunternehmen, einem Fernsehsender, einem Radio, einem Online-Nachrichtendienst oder einem pers\u00f6nlichen Blog kommen, jeder ist willkommen. Wir\" \/>\n<meta property=\"og:url\" content=\"https:\/\/www.royalwingboomerangs.com\/de\/presse\/\" \/>\n<meta property=\"og:site_name\" content=\"Royal Wing Boomerangs\" \/>\n<meta property=\"article:modified_time\" content=\"2021-10-22T13:42:41+00:00\" \/>\n<meta name=\"twitter:card\" content=\"summary_large_image\" \/>\n<meta name=\"twitter:label1\" content=\"Gesch\u00e4tzte Lesezeit\" \/>\n\t<meta name=\"twitter:data1\" content=\"5\u00a0Minuten\" \/>\n<script type=\"application\/ld+json\" class=\"yoast-schema-graph\">{\"@context\":\"https:\/\/schema.org\",\"@graph\":[{\"@type\":\"WebSite\",\"@id\":\"https:\/\/www.royalwingboomerangs.com\/en\/#website\",\"url\":\"https:\/\/www.royalwingboomerangs.com\/en\/\",\"name\":\"Royal Wing Boomerangs\",\"description\":\"Manufaktur f\\u00fcr Luxusbumerangs \/ Luxusspielzeug f\\u00fcr Erwachsene, Luxusgeschenk, Luxus, Spielzeug, Werbegeschenke, Wandschmuck, Teuer, Luxusm\\u00f6bel, Kaufen, Hersteller, Unternehmen, Dekoration, Sportartikel\",\"potentialAction\":[{\"@type\":\"SearchAction\",\"target\":{\"@type\":\"EntryPoint\",\"urlTemplate\":\"https:\/\/www.royalwingboomerangs.com\/en\/?s={search_term_string}\"},\"query-input\":\"required name=search_term_string\"}],\"inLanguage\":\"de\"},{\"@type\":\"WebPage\",\"@id\":\"https:\/\/www.royalwingboomerangs.com\/de\/presse\/#webpage\",\"url\":\"https:\/\/www.royalwingboomerangs.com\/de\/presse\/\",\"name\":\"PRESSE - Royal Wing Boomerangs\",\"isPartOf\":{\"@id\":\"https:\/\/www.royalwingboomerangs.com\/en\/#website\"},\"datePublished\":\"2021-10-19T14:13:30+00:00\",\"dateModified\":\"2021-10-22T13:42:41+00:00\",\"breadcrumb\":{\"@id\":\"https:\/\/www.royalwingboomerangs.com\/de\/presse\/#breadcrumb\"},\"inLanguage\":\"de\",\"potentialAction\":[{\"@type\":\"ReadAction\",\"target\":[\"https:\/\/www.royalwingboomerangs.com\/de\/presse\/\"]}]},{\"@type\":\"BreadcrumbList\",\"@id\":\"https:\/\/www.royalwingboomerangs.com\/de\/presse\/#breadcrumb\",\"itemListElement\":[{\"@type\":\"ListItem\",\"position\":1,\"name\":\"Home\",\"item\":\"https:\/\/www.royalwingboomerangs.com\/de\/\"},{\"@type\":\"ListItem\",\"position\":2,\"name\":\"PRESSE\"}]}]}<\/script>\n<!-- \/ Yoast SEO plugin. -->","yoast_head_json":{"title":"PRESSE - Royal Wing Boomerangs","robots":{"index":"index","follow":"follow","max-snippet":"max-snippet:-1","max-image-preview":"max-image-preview:large","max-video-preview":"max-video-preview:-1"},"canonical":"https:\/\/www.royalwingboomerangs.com\/de\/presse\/","og_locale":"de_DE","og_type":"article","og_title":"PRESSE - Royal Wing Boomerangs","og_description":"[vc_row][vc_column][vc_column_text]Egal, ob Sie von einem gro\u00dfen Medienunternehmen, einem Fernsehsender, einem Radio, einem Online-Nachrichtendienst oder einem pers\u00f6nlichen Blog kommen, jeder ist willkommen. Wir","og_url":"https:\/\/www.royalwingboomerangs.com\/de\/presse\/","og_site_name":"Royal Wing Boomerangs","article_modified_time":"2021-10-22T13:42:41+00:00","twitter_card":"summary_large_image","twitter_misc":{"Gesch\u00e4tzte Lesezeit":"5\u00a0Minuten"},"schema":{"@context":"https:\/\/schema.org","@graph":[{"@type":"WebSite","@id":"https:\/\/www.royalwingboomerangs.com\/en\/#website","url":"https:\/\/www.royalwingboomerangs.com\/en\/","name":"Royal Wing Boomerangs","description":"Manufaktur f\u00fcr Luxusbumerangs \/ Luxusspielzeug f\u00fcr Erwachsene, Luxusgeschenk, Luxus, Spielzeug, Werbegeschenke, Wandschmuck, Teuer, Luxusm\u00f6bel, Kaufen, Hersteller, Unternehmen, Dekoration, Sportartikel","potentialAction":[{"@type":"SearchAction","target":{"@type":"EntryPoint","urlTemplate":"https:\/\/www.royalwingboomerangs.com\/en\/?s={search_term_string}"},"query-input":"required name=search_term_string"}],"inLanguage":"de"},{"@type":"WebPage","@id":"https:\/\/www.royalwingboomerangs.com\/de\/presse\/#webpage","url":"https:\/\/www.royalwingboomerangs.com\/de\/presse\/","name":"PRESSE - Royal Wing Boomerangs","isPartOf":{"@id":"https:\/\/www.royalwingboomerangs.com\/en\/#website"},"datePublished":"2021-10-19T14:13:30+00:00","dateModified":"2021-10-22T13:42:41+00:00","breadcrumb":{"@id":"https:\/\/www.royalwingboomerangs.com\/de\/presse\/#breadcrumb"},"inLanguage":"de","potentialAction":[{"@type":"ReadAction","target":["https:\/\/www.royalwingboomerangs.com\/de\/presse\/"]}]},{"@type":"BreadcrumbList","@id":"https:\/\/www.royalwingboomerangs.com\/de\/presse\/#breadcrumb","itemListElement":[{"@type":"ListItem","position":1,"name":"Home","item":"https:\/\/www.royalwingboomerangs.com\/de\/"},{"@type":"ListItem","position":2,"name":"PRESSE"}]}]}},"_links":{"self":[{"href":"https:\/\/www.royalwingboomerangs.com\/de\/wp-json\/wp\/v2\/pages\/8897"}],"collection":[{"href":"https:\/\/www.royalwingboomerangs.com\/de\/wp-json\/wp\/v2\/pages"}],"about":[{"href":"https:\/\/www.royalwingboomerangs.com\/de\/wp-json\/wp\/v2\/types\/page"}],"author":[{"embeddable":true,"href":"https:\/\/www.royalwingboomerangs.com\/de\/wp-json\/wp\/v2\/users\/2"}],"replies":[{"embeddable":true,"href":"https:\/\/www.royalwingboomerangs.com\/de\/wp-json\/wp\/v2\/comments?post=8897"}],"version-history":[{"count":8,"href":"https:\/\/www.royalwingboomerangs.com\/de\/wp-json\/wp\/v2\/pages\/8897\/revisions"}],"predecessor-version":[{"id":8998,"href":"https:\/\/www.royalwingboomerangs.com\/de\/wp-json\/wp\/v2\/pages\/8897\/revisions\/8998"}],"wp:attachment":[{"href":"https:\/\/www.royalwingboomerangs.com\/de\/wp-json\/wp\/v2\/media?parent=8897"}],"curies":[{"name":"wp","href":"https:\/\/api.w.org\/{rel}","templated":true}]}}