{"id":8848,"date":"2021-10-19T13:06:13","date_gmt":"2021-10-19T13:06:13","guid":{"rendered":"https:\/\/www.royalwingboomerangs.com\/?page_id=8848"},"modified":"2021-10-19T14:50:45","modified_gmt":"2021-10-19T14:50:45","slug":"qualitaet","status":"publish","type":"page","link":"https:\/\/www.royalwingboomerangs.com\/de\/qualitaet\/","title":{"rendered":"Qualit\u00e4t"},"content":{"rendered":"[vc_row][vc_column][vc_column_text]\n<h2><span style=\"color: #666666;\"><strong>Produktinformationen zu Royal Wing Boomerangs<\/strong><\/span><\/h2>\n<p>Normale Bumerangs werden in einer gro\u00dfen Vielfalt angeboten. Preislich liegt man dabei meisten in einem Preisbereich um 30 &#8211; 100 EUR. Viel mehr als ein Holz mit Lackschicht bekommt man daf\u00fcr aber auch nicht. Sicherlich fliegen diese und erf\u00fcllen ihren Zweck, aber mit unseren Produkten stossen wir in eine niemals dagewesene Dimension vor. Exklusiver, luxuri\u00f6ser, gr\u00f6\u00dfer und sch\u00f6ner geht eigentlich nicht mehr. Manche Qualit\u00e4tsmerkmale sind Offensichtlich, andere hingegen erf\u00e4hrt man in dieser Beschreibung.<\/p>\n<p>&nbsp;<\/p>\n<h3><span style=\"color: #666666;\"><strong>Umweltaspekte im \u00dcberblick<\/strong><\/span><\/h3>\n<p>Sowohl die Eigene als auch Gesundheit unserer Kunden liegt uns sehr am Herzen. Wann immer es geht, setzen wir daher auf m\u00f6glichst umweltfreundliche Materialien.<\/p>\n<p>&nbsp;<\/p>\n<h3><span style=\"color: #666666;\"><strong>Holz<\/strong><\/span><\/h3>\n<p>Hierbei handelt es sich um ein spezielles finnisches Sperrholz, welches wasserfest verleimt ist, hart und besonders widerstandsf\u00e4hig ist. Es stammt aus nachhaltiger Forstwirtschaft. F\u00fcr unsere Produkte muss also kein Tropenholz aus einem Urwald abgeholzt werden.<\/p>\n<p>&nbsp;<\/p>\n<h3><span style=\"color: #666666;\"><strong>Verpackung<\/strong><\/span><\/h3>\n<p>Jedes Produkt muss irgendwie verpackt werden. Verzichten kann man nicht darauf, aber wir benutzen daf\u00fcr keine oder kaum Folie, sondern Verpackungen mit haupts\u00e4chlichem Bestandteil aus Papier und Karton. Beispielsweise einen Karton, Wellpappe, Papierumschlag, etc., selbst das Klebeband ist aus Papier. \u00d6kologie und Luxus lassen sich damit wunderbar erg\u00e4nzen.<\/p>\n<p>&nbsp;<\/p>\n<h3><span style=\"color: #666666;\"><strong>Lack<\/strong><\/span><\/h3>\n<p>Das ist ein Thema, bei dem uns selber fast schlecht geworden ist. Unfassbar wie viele bedenkliche Lacke es im Handel gibt. Unwissend hatten wir Anfangs diverse Lacke mit Beschreibungsbestandteilen wie<br \/>\n&#8211; nur f\u00fcr gewerbliche Anwender ( Zu gef\u00e4hrlich f\u00fcr private Anwender ? )<br \/>\n&#8211; Verursacht schwere Augenreizung<br \/>\n&#8211; Verursacht allergische Hautreaktionen und Irritationen<br \/>\n&#8211; Verursacht Schl\u00e4frigkeit und Benommenheit<br \/>\n&#8211; Vor Nahrungsmitteln, Getr\u00e4nken und Futtermitteln fernhalten<br \/>\n&#8211; darf nicht zusammen mit Hausm\u00fcll entsorgt werden<br \/>\n&#8211; Nicht in Gew\u00e4sser, Kanalisation oder Grundwasser gelangen lassen<br \/>\n&#8211; Krebserzeugende, erbgutver\u00e4ndernde und fortpflanzungsgef\u00e4hrdende Wirkung<br \/>\n&#8211; muss mit speziellem L\u00f6sungsmittel verd\u00fcnnt werden, welches ebenfalls relativ giftig ist<br \/>\nusw.<\/p>\n<p>Das hat uns komplett zum Umdenken gebracht. Aber Umwelt und Gesundheitsfreundlich zu produzieren ist erheblich aufwendiger. Wir mussten lange nach einer Alternative suchen, was sich aber definitiv gelohnt hat. Die Grundierung, der Farblack und Klarlack sind wasserbasiert und k\u00f6nnen auch mit Wasser verd\u00fcnnt werden ( f\u00fcr die Spritzpistole ). Dieser Lack ist offiziell f\u00fcr Kinderspielzeug ( allein das sagt schon alles ) geeignet und besitzt ein Umweltabzeichen f\u00fcr besonders l\u00f6sungsmittelarme Lacke. Selbst die Reinigung der Spritzpistole etc. kann mit Wasser erfolgen. \u00dcbersch\u00fcssigen Lack kann man eintrocknen lassen und dann mit dem Hausm\u00fcll entsorgen. Von unserer Seite k\u00f6nnen wir Ihnen daher die Bumerangs guten Gewissens verkaufen.<\/p>\n<p>Der Nachteil liegt allerdings in der weitaus h\u00f6heren Trocknungszeit. Auch erreicht der Klarlack nicht ganz die H\u00e4rte eines 2 Komponentenlacks. Wir mussten allerdings keine Sekunde \u00fcberlegen, um die umwelt und gesundheitsfreundiche Variante zu w\u00e4hlen. Das hat in diesem Fall immer oberste Priorit\u00e4t.<\/p>\n<p>&nbsp;<\/p>\n<h3><span style=\"color: #666666;\"><strong>Sonstige Bestandteile wie \u00d6l, Spachtel, Klebstoff, etc.<\/strong><\/span><\/h3>\n<p>Die &#8220;Giftcoctails&#8221; setzten sich auch bei anderen Mitteln weiter fort. So mussten wir f\u00fcr jeden Bestandteil nach entsprechenden Alternativen suchen. Das \u00d6l ist ein Gemisch aus nat\u00fcrlichen \u00d6len, der Holz imitierende Spachtel ist ebenso harmlos, beim Klebstoff wurde auf einen Bioklebstoff zur\u00fcckgegriffen. Wann immer es geht, w\u00e4hlen wir \u00f6kologische Materialien und Hilfsstoffe aus. Das ist zwar teurer, aber soviel sollte einem die Gesundheit und Umwelt wert sein.<\/p>\n<p>&nbsp;<\/p>\n<h3><span style=\"color: #666666;\"><strong>Verwendete Materialien<\/strong><\/span><\/h3>\n<p>Wir verwenden f\u00fcr Royal Wing Boomerangs nur beste Materialien. Dazu geh\u00f6ren auch echtes Gold, Platin sowie Silber in Formen wie Pulver, Flocken, als Blatt und Juwelen. Hier einmal ein genauerer \u00dcberblick f\u00fcr die &#8220;Goldversion&#8221;.<\/p>\n<p>&nbsp;<\/p>\n<h3><span style=\"color: #666666;\"><strong>Rahmen<\/strong><\/span><\/h3>\n<p>&#8211; Massivholz<br \/>\n&#8211; per Hand belegt mit Schlagmetall<br \/>\n&#8211; s\u00e4mtliche Metallteile mit echtem 999 Hartgold vergoldet<br \/>\n&#8211; massive gegossene Gravurplatte<br \/>\n&#8211; inclusive vergoldeter Befestigungshaken<br \/>\n&#8211; edler Samtstoff<\/p>\n<p>&nbsp;<\/p>\n<h3><span style=\"color: #666666;\"><strong>Bumerang<\/strong><\/span><\/h3>\n<p>&#8211; 999er Goldflocken auf der R\u00fcckseite<br \/>\n&#8211; beim Hauptbumerang echtes 999 Goldpulver als Belag f\u00fcr die Fl\u00fcgel<br \/>\n&#8211; Blattgold f\u00fcr das Logo ( sofern ein Logo vorhanden ist )<br \/>\n&#8211; vergoldete gro\u00dfe Juwelenhalterung<br \/>\n&#8211; kleine Juwelenhalter aus vergoldetem Silber<\/p>\n<p>&nbsp;<\/p>\n<h3><span style=\"color: #666666;\"><strong>Juwelen<\/strong><\/span><\/h3>\n<p>Optional k\u00f6nnen Sie aus drei Optionen w\u00e4hlen. Moissanite ( als bester Diamantersatz ), synthetischer Diamant und nat\u00fcrlicher Diamant. Moissanite sind die Standardkonfiguration. Bitte vergleichen Sie nicht &#8220;\u00c4pfel mit Birnen&#8221;, der Preis von Juwelen bestimmt sich aus verschiedensten Qualit\u00e4tsfaktoren wie Farbe, Reinheit, Gr\u00f6\u00dfe\/Gewicht ( Karat ), Schliff, Herkunft, &#8230;<\/p>\n<p>&#8211; Moissanite sind synthetische Steine, aber im Prinzip der bestm\u00f6gliche Diamantersatz. Sie sind fast genauso hart und haben teilweise sogar ein st\u00e4rkeres &#8220;Feuer&#8221;. 2 Kar\u00e4ter in der bestm\u00f6glichen Qualit\u00e4t wie wir sie verwenden, werden im Internet teilweise bis zu 500 EUR verkauft pro St\u00fcck.<\/p>\n<p>&#8211; Synthetische Diamanten sind 100% echte Diamanten, nur eben nicht Nat\u00fcrlich und im Bergbau gef\u00f6rdert. Preislich bekommt man sie weit unter denen von nat\u00fcrlichen Diamanten. Insofern sind sie ebenso eine gute &#8220;Alternative&#8221;. Gerne unterbreiten wir Ihnen auf Anfrage ein Angebot.<\/p>\n<p>&#8211; Nat\u00fcrliche Diamanten sind eine ganz eigene Liga, auch Preislich gesehen. Daf\u00fcr unterliegen sie kaum Wertschwankungen und sind absolut selten. Gerne unterbreiten wir Ihnen auf Anfrage ein Angebot.<\/p>\n<p>&nbsp;<\/p>\n<h3><span style=\"color: #666666;\"><strong>Transporttasche<\/strong><\/span><\/h3>\n<p>&#8211; D &#8211; Ring, Haken und Reissverschluss sind mit echtem Gold vergoldet<br \/>\n&#8211; Die Tasche besteht aus hochwertigem echtem Rindsleder<br \/>\n&#8211; Metallischer und edler Brokatstoff f\u00fcr das Innenfutter<\/p>\n<p>Eine kleine Geschichte, warum wir uns nicht f\u00fcr die noch bessere Qualit\u00e4t von Kalbsleder entschieden haben. Keine Frage, die Qualit\u00e4t von Kalbsleder, also jungen Rindern, weist eine noch feinere, weichere und bessere Struktur auf. Deswegen verwenden sehr viele Luxusmarken dieses Leder, um einen noch h\u00f6heren Preis rechtfertigen zu k\u00f6nnen. Als wir jedoch erfahren haben, dass daf\u00fcr K\u00e4lber mit knapp 22 Wochen ( weniger als 6 Monate ) geschlachtet werden, was nur 2% der nat\u00fcrlichen Lebenserwartung entspricht, war Kalbsleder kein Thema mehr. Wir m\u00f6chten sowas mit unserem Produkt nicht auch noch unterst\u00fctzen. Deshalb verwenden wir sehr hochwertiges Leder von erwachsenen Rindern. Luxus ja, aber nicht auf Kosten von Tieren.<\/p>\n<p>&nbsp;<\/p>\n<h3><span style=\"color: #666666;\"><strong>Luxusbox<\/strong><\/span><\/h3>\n<p>&#8211; Hochwertige Schutzverpackung<\/p>\n<p>&nbsp;<\/p>\n<h3><span style=\"color: #666666;\"><strong>Testphase<\/strong><\/span><\/h3>\n<p>Nicht jeder auf dem Computer entwickelte Bumerang fliegt auch gut. Manchmal muss man die Form weiter verbessern, bis man zu einem hervorragendem Ergebnis kommt. Einige Versionen sahen in Wirklichkeit nicht so gut aus. All das macht die Entwicklung so zeitaufwendig, kompliziert und teuer. Kein Wunder das die Entwicklung eines Autos mehrere Milliarden verschlingt. So viel kostet es uns nat\u00fcrlich nicht, aber wir versuchen mit unserem Budget bestm\u00f6gliche Bumerangs zu bauen.<\/p>\n<p>&nbsp;<\/p>\n<h3><span style=\"color: #666666;\"><strong>Wurftests<\/strong><\/span><\/h3>\n<p>Jeder verkaufte Bumerang wird vor dem Verkauf einem Wurftest unterzogen. Nur wenn er gefangen wurde, verl\u00e4sst er unsere Manufaktur.<\/p>\n<p>&nbsp;<\/p>\n<h3><span style=\"color: #666666;\"><strong>Sicherheit<\/strong><\/span><\/h3>\n<p>Heutzutage wird alles ungeniert kopiert, wobei man den illegalen aber bequemen Weg geht. Man umgeht so hohe Entwicklungskosten und kann das Produkt logischerweise billiger anbieten. Allerdings sind Plagiate meist nur von minderwertiger Qualit\u00e4t. Au\u00dferdem bleibt eine F\u00e4lschung eine F\u00e4lschung, weswegen sie eigentlich wertlos ist. Mit einem Weiterverkauf macht man sich zudem strafbar. Es liegt auch in der Verantwortung des Herstellers sowas m\u00f6glichst zu unterbinden. Auch wir haben verschiedene Ma\u00dfnahmen ergriffen.<\/p>\n<p>&nbsp;<\/p>\n<h3><span style=\"color: #666666;\"><strong>Zertifikate<\/strong><\/span><\/h3>\n<p>Jeder Bumerang wird mit 2 Echtheitszertifikaten ausgeliefert. Einmal f\u00fcr die Edelsteine von einem anerkannten Zertifizierungsinstitut und einmal von uns selbst f\u00fcr die Bumerangs, den Rahmen und Transporttasche. Jeder Bumerang bekommt eine eindeutige Identifizierungsnummer, sodass wir genau wissen \u00fcber wen ein jeweiliger Bumerang verkauft wurde.<\/p>\n<p>&nbsp;<\/p>\n<h3><span style=\"color: #666666;\"><strong>Spezielle Merkmale<\/strong><\/span><\/h3>\n<p>Nebenbei haben wir weitere Sicherheitsmerkmale in die Produkte integriert.<\/p>\n<p>&nbsp;<\/p>\n<h3><span style=\"color: #666666;\"><strong>Lieferumfang<\/strong><\/span><\/h3>\n<p>Rahmen<br \/>\nTransporttasche<br \/>\nTrainingsbumerang<br \/>\nHauptbumerang<br \/>\nLuxusbox<br \/>\nZubeh\u00f6r<\/p>\n<h3><strong>Lieferumfang<\/strong><\/h3>\n<p>Wie man die Bumerangs nutzen m\u00f6chte, das bleibt nat\u00fcrlich jedem selber \u00fcberlassen. Ob reiner Wandschmuck oder Fitnessger\u00e4t, gerade die Vielseitigkeit ist die St\u00e4rke dieses Produkts. Wirft man den Bumerang, dann besteht nat\u00fcrlich immer die Gefahr von Besch\u00e4digungen und Kratzern. Bei normalem und vorsichtigem Umgang k\u00f6nnen sie allerdings einiges vertragen. Wir haben selber Bumerangs, welche nach hunderten von W\u00fcrfen immer noch sehr Ansehnlich aussehen.<\/p>\n<p>Bei der R\u00fcckseite ist es kein Zufall, dass wir hier Goldflocken eingesetzt haben. Besch\u00e4digungen oder Kratzer lassen sich dadurch kaum erkennen. Die Flocken sehen also nicht nur gut aus, sondern sind im Prinzip ein Tarnmuster. Ber\u00fccksichtigt wurde das auch bei der Grundierung, welche im Farbton des Hauptlacks gehalten wurde. Selbst wenn es eine Besch\u00e4digung oder Kratzer gibt, weche den Klarlack und Farblack durchdringen, dann wird man wegen der Grundierung immer noch kaum etwas sehen.<\/p>\n<p>Auch der Klarlack sch\u00fctzt nat\u00fcrlich den Bumerang, auch wenn dieser nicht ganz so hart wie beispielsweise 2K Lacke ( die chemisch aush\u00e4rten ) wird. Siehe Erkl\u00e4rung oben.<\/p>\n<p>Nebenbei, zum Lieferumfang geh\u00f6rt auch ein \u00dcbungsbumerang. Bevor man den wertvollen Hauptbumerang wirft, kann man hiermit erst einmal Erfahrungen sammeln. Dieser ist auf der R\u00fcckseite des Rahmens befestigt.<\/p>\n<p>Sie sehen, bei diesen einzigartigen Bumerangs wurde an wirklich alles gedacht. Es ist ein absolut edles Produkt f\u00fcr ganz besondere Kunden.<\/p>\n[\/vc_column_text][\/vc_column][\/vc_row]\n","protected":false},"excerpt":{"rendered":"<p>[vc_row][vc_column][vc_column_text] Produktinformationen zu Royal Wing Boomerangs Normale Bumerangs werden in einer gro\u00dfen Vielfalt angeboten. Preislich liegt man dabei meisten in einem Preisbereich<\/p>\n","protected":false},"author":2,"featured_media":0,"parent":0,"menu_order":0,"comment_status":"closed","ping_status":"closed","template":"","meta":[],"yoast_head":"<!-- This site is optimized with the Yoast SEO plugin v17.1 - https:\/\/yoast.com\/wordpress\/plugins\/seo\/ -->\n<title>Qualit\u00e4t - Royal Wing Boomerangs<\/title>\n<meta name=\"robots\" content=\"index, follow, max-snippet:-1, max-image-preview:large, max-video-preview:-1\" \/>\n<link rel=\"canonical\" href=\"https:\/\/www.royalwingboomerangs.com\/de\/qualitaet\/\" \/>\n<meta property=\"og:locale\" content=\"de_DE\" \/>\n<meta property=\"og:type\" content=\"article\" \/>\n<meta property=\"og:title\" content=\"Qualit\u00e4t - Royal Wing Boomerangs\" \/>\n<meta property=\"og:description\" content=\"[vc_row][vc_column][vc_column_text] Produktinformationen zu Royal Wing Boomerangs Normale Bumerangs werden in einer gro\u00dfen Vielfalt angeboten. Preislich liegt man dabei meisten in einem Preisbereich\" \/>\n<meta property=\"og:url\" content=\"https:\/\/www.royalwingboomerangs.com\/de\/qualitaet\/\" \/>\n<meta property=\"og:site_name\" content=\"Royal Wing Boomerangs\" \/>\n<meta property=\"article:modified_time\" content=\"2021-10-19T14:50:45+00:00\" \/>\n<meta name=\"twitter:card\" content=\"summary_large_image\" \/>\n<meta name=\"twitter:label1\" content=\"Gesch\u00e4tzte Lesezeit\" \/>\n\t<meta name=\"twitter:data1\" content=\"7\u00a0Minuten\" \/>\n<script type=\"application\/ld+json\" class=\"yoast-schema-graph\">{\"@context\":\"https:\/\/schema.org\",\"@graph\":[{\"@type\":\"WebSite\",\"@id\":\"https:\/\/www.royalwingboomerangs.com\/en\/#website\",\"url\":\"https:\/\/www.royalwingboomerangs.com\/en\/\",\"name\":\"Royal Wing Boomerangs\",\"description\":\"Manufaktur f\\u00fcr Luxusbumerangs \/ Luxusspielzeug f\\u00fcr Erwachsene, Luxusgeschenk, Luxus, Spielzeug, Werbegeschenke, Wandschmuck, Teuer, Luxusm\\u00f6bel, Kaufen, Hersteller, Unternehmen, Dekoration, Sportartikel\",\"potentialAction\":[{\"@type\":\"SearchAction\",\"target\":{\"@type\":\"EntryPoint\",\"urlTemplate\":\"https:\/\/www.royalwingboomerangs.com\/en\/?s={search_term_string}\"},\"query-input\":\"required name=search_term_string\"}],\"inLanguage\":\"de\"},{\"@type\":\"WebPage\",\"@id\":\"https:\/\/www.royalwingboomerangs.com\/de\/qualitaet\/#webpage\",\"url\":\"https:\/\/www.royalwingboomerangs.com\/de\/qualitaet\/\",\"name\":\"Qualit\\u00e4t - Royal Wing Boomerangs\",\"isPartOf\":{\"@id\":\"https:\/\/www.royalwingboomerangs.com\/en\/#website\"},\"datePublished\":\"2021-10-19T13:06:13+00:00\",\"dateModified\":\"2021-10-19T14:50:45+00:00\",\"breadcrumb\":{\"@id\":\"https:\/\/www.royalwingboomerangs.com\/de\/qualitaet\/#breadcrumb\"},\"inLanguage\":\"de\",\"potentialAction\":[{\"@type\":\"ReadAction\",\"target\":[\"https:\/\/www.royalwingboomerangs.com\/de\/qualitaet\/\"]}]},{\"@type\":\"BreadcrumbList\",\"@id\":\"https:\/\/www.royalwingboomerangs.com\/de\/qualitaet\/#breadcrumb\",\"itemListElement\":[{\"@type\":\"ListItem\",\"position\":1,\"name\":\"Home\",\"item\":\"https:\/\/www.royalwingboomerangs.com\/de\/\"},{\"@type\":\"ListItem\",\"position\":2,\"name\":\"Qualit\\u00e4t\"}]}]}<\/script>\n<!-- \/ Yoast SEO plugin. -->","yoast_head_json":{"title":"Qualit\u00e4t - Royal Wing Boomerangs","robots":{"index":"index","follow":"follow","max-snippet":"max-snippet:-1","max-image-preview":"max-image-preview:large","max-video-preview":"max-video-preview:-1"},"canonical":"https:\/\/www.royalwingboomerangs.com\/de\/qualitaet\/","og_locale":"de_DE","og_type":"article","og_title":"Qualit\u00e4t - Royal Wing Boomerangs","og_description":"[vc_row][vc_column][vc_column_text] Produktinformationen zu Royal Wing Boomerangs Normale Bumerangs werden in einer gro\u00dfen Vielfalt angeboten. Preislich liegt man dabei meisten in einem Preisbereich","og_url":"https:\/\/www.royalwingboomerangs.com\/de\/qualitaet\/","og_site_name":"Royal Wing Boomerangs","article_modified_time":"2021-10-19T14:50:45+00:00","twitter_card":"summary_large_image","twitter_misc":{"Gesch\u00e4tzte Lesezeit":"7\u00a0Minuten"},"schema":{"@context":"https:\/\/schema.org","@graph":[{"@type":"WebSite","@id":"https:\/\/www.royalwingboomerangs.com\/en\/#website","url":"https:\/\/www.royalwingboomerangs.com\/en\/","name":"Royal Wing Boomerangs","description":"Manufaktur f\u00fcr Luxusbumerangs \/ Luxusspielzeug f\u00fcr Erwachsene, Luxusgeschenk, Luxus, Spielzeug, Werbegeschenke, Wandschmuck, Teuer, Luxusm\u00f6bel, Kaufen, Hersteller, Unternehmen, Dekoration, Sportartikel","potentialAction":[{"@type":"SearchAction","target":{"@type":"EntryPoint","urlTemplate":"https:\/\/www.royalwingboomerangs.com\/en\/?s={search_term_string}"},"query-input":"required name=search_term_string"}],"inLanguage":"de"},{"@type":"WebPage","@id":"https:\/\/www.royalwingboomerangs.com\/de\/qualitaet\/#webpage","url":"https:\/\/www.royalwingboomerangs.com\/de\/qualitaet\/","name":"Qualit\u00e4t - Royal Wing Boomerangs","isPartOf":{"@id":"https:\/\/www.royalwingboomerangs.com\/en\/#website"},"datePublished":"2021-10-19T13:06:13+00:00","dateModified":"2021-10-19T14:50:45+00:00","breadcrumb":{"@id":"https:\/\/www.royalwingboomerangs.com\/de\/qualitaet\/#breadcrumb"},"inLanguage":"de","potentialAction":[{"@type":"ReadAction","target":["https:\/\/www.royalwingboomerangs.com\/de\/qualitaet\/"]}]},{"@type":"BreadcrumbList","@id":"https:\/\/www.royalwingboomerangs.com\/de\/qualitaet\/#breadcrumb","itemListElement":[{"@type":"ListItem","position":1,"name":"Home","item":"https:\/\/www.royalwingboomerangs.com\/de\/"},{"@type":"ListItem","position":2,"name":"Qualit\u00e4t"}]}]}},"_links":{"self":[{"href":"https:\/\/www.royalwingboomerangs.com\/de\/wp-json\/wp\/v2\/pages\/8848"}],"collection":[{"href":"https:\/\/www.royalwingboomerangs.com\/de\/wp-json\/wp\/v2\/pages"}],"about":[{"href":"https:\/\/www.royalwingboomerangs.com\/de\/wp-json\/wp\/v2\/types\/page"}],"author":[{"embeddable":true,"href":"https:\/\/www.royalwingboomerangs.com\/de\/wp-json\/wp\/v2\/users\/2"}],"replies":[{"embeddable":true,"href":"https:\/\/www.royalwingboomerangs.com\/de\/wp-json\/wp\/v2\/comments?post=8848"}],"version-history":[{"count":5,"href":"https:\/\/www.royalwingboomerangs.com\/de\/wp-json\/wp\/v2\/pages\/8848\/revisions"}],"predecessor-version":[{"id":8914,"href":"https:\/\/www.royalwingboomerangs.com\/de\/wp-json\/wp\/v2\/pages\/8848\/revisions\/8914"}],"wp:attachment":[{"href":"https:\/\/www.royalwingboomerangs.com\/de\/wp-json\/wp\/v2\/media?parent=8848"}],"curies":[{"name":"wp","href":"https:\/\/api.w.org\/{rel}","templated":true}]}}