{"id":7765,"date":"2019-01-10T08:53:22","date_gmt":"2019-01-10T08:53:22","guid":{"rendered":"https:\/\/www.royalwingboomerangs.com\/about-us\/sitemap\/"},"modified":"2021-11-09T09:03:39","modified_gmt":"2021-11-09T09:03:39","slug":"sitemap","status":"publish","type":"page","link":"https:\/\/www.royalwingboomerangs.com\/de\/about-us\/sitemap\/","title":{"rendered":"Sitemap"},"content":{"rendered":"<h2><span style=\"color: #666666;\">Sitemap f\u00fcr bessere Indexierung<\/span><\/h2>\n<p>Normalerweise versucht kein Benutzer etwas \u00fcber eine automatisch generierte Sitemap zu finden. F\u00fcr Suchmaschinen ist es hilfreicher, den Inhalt vollst\u00e4ndig und schnell zu indizieren. Deshalb haben wir auch hier zus\u00e4tzlich eine Sitemap erstellt.<br \/>\n<div id=\"simple-sitemap-container-69f85a31725eb\" class=\"simple-sitemap-container simple-sitemap-container-69f85a31725eb tab-disabled\"><div class=\"simple-sitemap-wrap\"><h3 class=\"post-type\">Seiten<\/h3><ul class=\"simple-sitemap-page main\"><li class=\"sitemap-item page_item page-item-8883\"><a href=\"https:\/\/www.royalwingboomerangs.com\/de\/become-partner\/\">Become Partner<\/a><\/li>\n<li class=\"sitemap-item page_item page-item-8886\"><a href=\"https:\/\/www.royalwingboomerangs.com\/de\/cart\/\">Cart<\/a><\/li>\n<li class=\"sitemap-item page_item page-item-8910\"><a href=\"https:\/\/www.royalwingboomerangs.com\/de\/checkout\/\">Checkout<\/a><\/li>\n<li class=\"sitemap-item page_item page-item-7745\"><a href=\"https:\/\/www.royalwingboomerangs.com\/de\/haendlersuche\/\">H\u00e4ndlersuche<\/a><\/li>\n<li class=\"sitemap-item page_item page-item-7734\"><a href=\"https:\/\/www.royalwingboomerangs.com\/de\/\">Home Furniture 1<\/a><\/li>\n<li class=\"sitemap-item page_item page-item-8999\"><a href=\"https:\/\/www.royalwingboomerangs.com\/de\/home-furniture\/\">Home Furniture 1<\/a><\/li>\n<li class=\"sitemap-item page_item page-item-7748 page_item_has_children\"><a href=\"https:\/\/www.royalwingboomerangs.com\/de\/information\/\">Information<\/a>\n<ul class='children'>\n\t<li class=\"sitemap-item page_item page-item-7751\"><a href=\"https:\/\/www.royalwingboomerangs.com\/de\/information\/anleitung\/\">Anleitung<\/a><\/li>\n\t<li class=\"sitemap-item page_item page-item-7749\"><a href=\"https:\/\/www.royalwingboomerangs.com\/de\/information\/bumeranggeschichte\/\">Bumeranggeschichte<\/a><\/li>\n\t<li class=\"sitemap-item page_item page-item-9149\"><a href=\"https:\/\/www.royalwingboomerangs.com\/de\/information\/investorensuche\/\">Investorensuche<\/a><\/li>\n\t<li class=\"sitemap-item page_item page-item-7752\"><a href=\"https:\/\/www.royalwingboomerangs.com\/de\/information\/medienberichte\/\">Medienberichte<\/a><\/li>\n\t<li class=\"sitemap-item page_item page-item-7750\"><a href=\"https:\/\/www.royalwingboomerangs.com\/de\/information\/verwendung\/\">Verwendungsm\u00f6glichkeiten<\/a><\/li>\n\t<li class=\"sitemap-item page_item page-item-7753\"><a href=\"https:\/\/www.royalwingboomerangs.com\/de\/information\/videos\/\">Videos<\/a><\/li>\n<\/ul>\n<\/li>\n<li class=\"sitemap-item page_item page-item-7766\"><a href=\"https:\/\/www.royalwingboomerangs.com\/de\/kontakt\/\">Kontakt<\/a><\/li>\n<li class=\"sitemap-item page_item page-item-7730\"><a href=\"https:\/\/www.royalwingboomerangs.com\/de\/shop-2\/\">LUXUSBUMERANGS<\/a><\/li>\n<li class=\"sitemap-item page_item page-item-7733\"><a href=\"https:\/\/www.royalwingboomerangs.com\/de\/mein-account\/\">Mein Account<\/a><\/li>\n<li class=\"sitemap-item page_item page-item-8889\"><a href=\"https:\/\/www.royalwingboomerangs.com\/de\/merkliste\/\">MERKLISTE<\/a><\/li>\n<li class=\"sitemap-item page_item page-item-8888\"><a href=\"https:\/\/www.royalwingboomerangs.com\/de\/my-account\/\">My account<\/a><\/li>\n<li class=\"sitemap-item page_item page-item-8895\"><a href=\"https:\/\/www.royalwingboomerangs.com\/de\/payment-methods\/\">Payment Methods<\/a><\/li>\n<li class=\"sitemap-item page_item page-item-8897\"><a href=\"https:\/\/www.royalwingboomerangs.com\/de\/presse\/\">PRESSE<\/a><\/li>\n<li class=\"sitemap-item page_item page-item-8900\"><a href=\"https:\/\/www.royalwingboomerangs.com\/de\/private-clients\/\">Private Clients<\/a><\/li>\n<li class=\"sitemap-item page_item page-item-8848\"><a href=\"https:\/\/www.royalwingboomerangs.com\/de\/qualitaet\/\">Qualit\u00e4t<\/a><\/li>\n<li class=\"sitemap-item page_item page-item-8903\"><a href=\"https:\/\/www.royalwingboomerangs.com\/de\/refund-and-returns-policy\/\">Refund and Returns Policy<\/a><\/li>\n<li class=\"sitemap-item page_item page-item-7755 page_item_has_children\"><a href=\"https:\/\/www.royalwingboomerangs.com\/de\/about-us\/\">\u00dcber uns<\/a>\n<ul class='children'>\n\t<li class=\"sitemap-item page_item page-item-7764\"><a href=\"https:\/\/www.royalwingboomerangs.com\/de\/about-us\/agb\/\">AGB<\/a><\/li>\n\t<li class=\"sitemap-item page_item page-item-7762\"><a href=\"https:\/\/www.royalwingboomerangs.com\/de\/about-us\/datenschutz\/\">Datenschutz<\/a><\/li>\n\t<li class=\"sitemap-item page_item page-item-7761\"><a href=\"https:\/\/www.royalwingboomerangs.com\/de\/about-us\/haeufige-fragen\/\">FAQ<\/a><\/li>\n\t<li class=\"sitemap-item page_item page-item-7763\"><a href=\"https:\/\/www.royalwingboomerangs.com\/de\/about-us\/impressum\/\">IMPRESSUM<\/a><\/li>\n\t<li class=\"sitemap-item page_item page-item-7758\"><a href=\"https:\/\/www.royalwingboomerangs.com\/de\/about-us\/manufaktur\/\">Manufaktur<\/a><\/li>\n\t<li class=\"sitemap-item page_item page-item-7759\"><a href=\"https:\/\/www.royalwingboomerangs.com\/de\/about-us\/sicherheit\/\">Sicherheit<\/a><\/li>\n\t<li class=\"sitemap-item page_item page-item-7765\"><a href=\"https:\/\/www.royalwingboomerangs.com\/de\/about-us\/sitemap\/\">Sitemap<\/a><\/li>\n\t<li class=\"sitemap-item page_item page-item-7760\"><a href=\"https:\/\/www.royalwingboomerangs.com\/de\/about-us\/zahlung-versand\/\">Zahlung &amp; Versand<\/a><\/li>\n<\/ul>\n<\/li>\n<li class=\"sitemap-item page_item page-item-8755\"><a href=\"https:\/\/www.royalwingboomerangs.com\/de\/vorbestellung\/\">Vorbestellungsformular<\/a><\/li>\n<li class=\"sitemap-item page_item page-item-7731\"><a href=\"https:\/\/www.royalwingboomerangs.com\/de\/einkaufswagen\/\">Warenkorb<\/a><\/li>\n<li class=\"sitemap-item page_item page-item-8907\"><a href=\"https:\/\/www.royalwingboomerangs.com\/de\/werbebumerangs\/\">Werbebumerangs<\/a><\/li>\n<li class=\"sitemap-item page_item page-item-7732\"><a href=\"https:\/\/www.royalwingboomerangs.com\/de\/zur-kasse\/\">Zur Kasse<\/a><\/li>\n<\/ul><\/div><\/div><br style=\"clear: both;\">\n","protected":false},"excerpt":{"rendered":"<p>Sitemap f\u00fcr bessere Indexierung Normalerweise versucht kein Benutzer etwas \u00fcber eine automatisch generierte Sitemap zu finden. F\u00fcr Suchmaschinen ist es hilfreicher, den<\/p>\n","protected":false},"author":2,"featured_media":0,"parent":7755,"menu_order":0,"comment_status":"closed","ping_status":"closed","template":"","meta":[],"yoast_head":"<!-- This site is optimized with the Yoast SEO plugin v17.1 - https:\/\/yoast.com\/wordpress\/plugins\/seo\/ -->\n<title>Sitemap - Royal Wing Boomerangs<\/title>\n<meta name=\"robots\" content=\"index, follow, max-snippet:-1, max-image-preview:large, max-video-preview:-1\" \/>\n<link rel=\"canonical\" href=\"https:\/\/www.royalwingboomerangs.com\/de\/about-us\/sitemap\/\" \/>\n<meta property=\"og:locale\" content=\"de_DE\" \/>\n<meta property=\"og:type\" content=\"article\" \/>\n<meta property=\"og:title\" content=\"Sitemap - Royal Wing Boomerangs\" \/>\n<meta property=\"og:description\" content=\"Sitemap f\u00fcr bessere Indexierung Normalerweise versucht kein Benutzer etwas \u00fcber eine automatisch generierte Sitemap zu finden. F\u00fcr Suchmaschinen ist es hilfreicher, den\" \/>\n<meta property=\"og:url\" content=\"https:\/\/www.royalwingboomerangs.com\/de\/about-us\/sitemap\/\" \/>\n<meta property=\"og:site_name\" content=\"Royal Wing Boomerangs\" \/>\n<meta property=\"article:modified_time\" content=\"2021-11-09T09:03:39+00:00\" \/>\n<meta name=\"twitter:card\" content=\"summary_large_image\" \/>\n<script type=\"application\/ld+json\" class=\"yoast-schema-graph\">{\"@context\":\"https:\/\/schema.org\",\"@graph\":[{\"@type\":\"WebSite\",\"@id\":\"https:\/\/www.royalwingboomerangs.com\/en\/#website\",\"url\":\"https:\/\/www.royalwingboomerangs.com\/en\/\",\"name\":\"Royal Wing Boomerangs\",\"description\":\"Manufaktur f\\u00fcr Luxusbumerangs \/ Luxusspielzeug f\\u00fcr Erwachsene, Luxusgeschenk, Luxus, Spielzeug, Werbegeschenke, Wandschmuck, Teuer, Luxusm\\u00f6bel, Kaufen, Hersteller, Unternehmen, Dekoration, Sportartikel\",\"potentialAction\":[{\"@type\":\"SearchAction\",\"target\":{\"@type\":\"EntryPoint\",\"urlTemplate\":\"https:\/\/www.royalwingboomerangs.com\/en\/?s={search_term_string}\"},\"query-input\":\"required name=search_term_string\"}],\"inLanguage\":\"de\"},{\"@type\":\"WebPage\",\"@id\":\"https:\/\/www.royalwingboomerangs.com\/de\/about-us\/sitemap\/#webpage\",\"url\":\"https:\/\/www.royalwingboomerangs.com\/de\/about-us\/sitemap\/\",\"name\":\"Sitemap - Royal Wing Boomerangs\",\"isPartOf\":{\"@id\":\"https:\/\/www.royalwingboomerangs.com\/en\/#website\"},\"datePublished\":\"2019-01-10T08:53:22+00:00\",\"dateModified\":\"2021-11-09T09:03:39+00:00\",\"breadcrumb\":{\"@id\":\"https:\/\/www.royalwingboomerangs.com\/de\/about-us\/sitemap\/#breadcrumb\"},\"inLanguage\":\"de\",\"potentialAction\":[{\"@type\":\"ReadAction\",\"target\":[\"https:\/\/www.royalwingboomerangs.com\/de\/about-us\/sitemap\/\"]}]},{\"@type\":\"BreadcrumbList\",\"@id\":\"https:\/\/www.royalwingboomerangs.com\/de\/about-us\/sitemap\/#breadcrumb\",\"itemListElement\":[{\"@type\":\"ListItem\",\"position\":1,\"name\":\"Home\",\"item\":\"https:\/\/www.royalwingboomerangs.com\/de\/\"},{\"@type\":\"ListItem\",\"position\":2,\"name\":\"\\u00dcber uns\",\"item\":\"https:\/\/www.royalwingboomerangs.com\/de\/about-us\/\"},{\"@type\":\"ListItem\",\"position\":3,\"name\":\"Sitemap\"}]}]}<\/script>\n<!-- \/ Yoast SEO plugin. -->","yoast_head_json":{"title":"Sitemap - Royal Wing Boomerangs","robots":{"index":"index","follow":"follow","max-snippet":"max-snippet:-1","max-image-preview":"max-image-preview:large","max-video-preview":"max-video-preview:-1"},"canonical":"https:\/\/www.royalwingboomerangs.com\/de\/about-us\/sitemap\/","og_locale":"de_DE","og_type":"article","og_title":"Sitemap - Royal Wing Boomerangs","og_description":"Sitemap f\u00fcr bessere Indexierung Normalerweise versucht kein Benutzer etwas \u00fcber eine automatisch generierte Sitemap zu finden. F\u00fcr Suchmaschinen ist es hilfreicher, den","og_url":"https:\/\/www.royalwingboomerangs.com\/de\/about-us\/sitemap\/","og_site_name":"Royal Wing Boomerangs","article_modified_time":"2021-11-09T09:03:39+00:00","twitter_card":"summary_large_image","schema":{"@context":"https:\/\/schema.org","@graph":[{"@type":"WebSite","@id":"https:\/\/www.royalwingboomerangs.com\/en\/#website","url":"https:\/\/www.royalwingboomerangs.com\/en\/","name":"Royal Wing Boomerangs","description":"Manufaktur f\u00fcr Luxusbumerangs \/ Luxusspielzeug f\u00fcr Erwachsene, Luxusgeschenk, Luxus, Spielzeug, Werbegeschenke, Wandschmuck, Teuer, Luxusm\u00f6bel, Kaufen, Hersteller, Unternehmen, Dekoration, Sportartikel","potentialAction":[{"@type":"SearchAction","target":{"@type":"EntryPoint","urlTemplate":"https:\/\/www.royalwingboomerangs.com\/en\/?s={search_term_string}"},"query-input":"required name=search_term_string"}],"inLanguage":"de"},{"@type":"WebPage","@id":"https:\/\/www.royalwingboomerangs.com\/de\/about-us\/sitemap\/#webpage","url":"https:\/\/www.royalwingboomerangs.com\/de\/about-us\/sitemap\/","name":"Sitemap - Royal Wing Boomerangs","isPartOf":{"@id":"https:\/\/www.royalwingboomerangs.com\/en\/#website"},"datePublished":"2019-01-10T08:53:22+00:00","dateModified":"2021-11-09T09:03:39+00:00","breadcrumb":{"@id":"https:\/\/www.royalwingboomerangs.com\/de\/about-us\/sitemap\/#breadcrumb"},"inLanguage":"de","potentialAction":[{"@type":"ReadAction","target":["https:\/\/www.royalwingboomerangs.com\/de\/about-us\/sitemap\/"]}]},{"@type":"BreadcrumbList","@id":"https:\/\/www.royalwingboomerangs.com\/de\/about-us\/sitemap\/#breadcrumb","itemListElement":[{"@type":"ListItem","position":1,"name":"Home","item":"https:\/\/www.royalwingboomerangs.com\/de\/"},{"@type":"ListItem","position":2,"name":"\u00dcber uns","item":"https:\/\/www.royalwingboomerangs.com\/de\/about-us\/"},{"@type":"ListItem","position":3,"name":"Sitemap"}]}]}},"_links":{"self":[{"href":"https:\/\/www.royalwingboomerangs.com\/de\/wp-json\/wp\/v2\/pages\/7765"}],"collection":[{"href":"https:\/\/www.royalwingboomerangs.com\/de\/wp-json\/wp\/v2\/pages"}],"about":[{"href":"https:\/\/www.royalwingboomerangs.com\/de\/wp-json\/wp\/v2\/types\/page"}],"author":[{"embeddable":true,"href":"https:\/\/www.royalwingboomerangs.com\/de\/wp-json\/wp\/v2\/users\/2"}],"replies":[{"embeddable":true,"href":"https:\/\/www.royalwingboomerangs.com\/de\/wp-json\/wp\/v2\/comments?post=7765"}],"version-history":[{"count":3,"href":"https:\/\/www.royalwingboomerangs.com\/de\/wp-json\/wp\/v2\/pages\/7765\/revisions"}],"predecessor-version":[{"id":9025,"href":"https:\/\/www.royalwingboomerangs.com\/de\/wp-json\/wp\/v2\/pages\/7765\/revisions\/9025"}],"up":[{"embeddable":true,"href":"https:\/\/www.royalwingboomerangs.com\/de\/wp-json\/wp\/v2\/pages\/7755"}],"wp:attachment":[{"href":"https:\/\/www.royalwingboomerangs.com\/de\/wp-json\/wp\/v2\/media?parent=7765"}],"curies":[{"name":"wp","href":"https:\/\/api.w.org\/{rel}","templated":true}]}}