{"id":7763,"date":"2019-01-10T08:51:41","date_gmt":"2019-01-10T08:51:41","guid":{"rendered":"https:\/\/www.royalwingboomerangs.com\/about-us\/imprint\/"},"modified":"2021-10-22T10:22:30","modified_gmt":"2021-10-22T10:22:30","slug":"impressum","status":"publish","type":"page","link":"https:\/\/www.royalwingboomerangs.com\/de\/about-us\/impressum\/","title":{"rendered":"IMPRESSUM"},"content":{"rendered":"[vc_row][vc_column][vc_column_text]\n<h2><span style=\"color: #666666;\"><strong>Impressum von ROYAL WING BOOMERANGS.<br \/>\n<\/strong><\/span><\/h2>\n<p>Das Kopieren oder Reproduzieren von Inhalten dieser Homepage ist untersagt. Jegliche Weiterverwendung, Ver\u00e4nderung oder Ver\u00f6ffentlichung bedarf der Zustimmung von uns. Bilder geh\u00f6ren den Urheberrechtsbesitzern. Sollten Sie der Meinung sein, da\u00df ein Urheberrecht verletzt wurde, machen Sie uns darauf aufmerksam. Wir werden diese Bilder dann sofort entfernen.<\/p>\n<p>Bitte beachten Sie, da\u00df Beitr\u00e4ge welche nicht der Redaktion entstammen, nicht unbedingt deren Meinung wiederspiegelt, sondern des jeweiligen Autoren. F\u00fcr unverlangt eingeschickte Beitr\u00e4ge, sei es in Text oder Bildform wird keine Haftung \u00fcbernommen. Wir behalten uns au\u00dferdem das Recht vor, Beitr\u00e4ge zu k\u00fcrzen, ver\u00e4ndern oder zu l\u00f6schen. Bitte haben Sie Verst\u00e4ndnis.<\/p>\n<p>Royal Wing Boomerangs<br \/>\nMarco Sa\u00df<br \/>\nIfflandstrasse 35<br \/>\n30169 Hanover<br \/>\nGermany<\/p>\n<p><span style=\"color: #666666;\"><strong>Telefon:<\/strong><\/span> +49 (0) 511\/16 65 94 68<br \/>\n<span style=\"color: #666666;\"><strong>Mailadresse:<\/strong><\/span> contact@royalwingboomerangs.com<br \/>\n<span style=\"color: #666666;\"><strong>Homepage:<\/strong><\/span> www.royalwingboomerangs.com<br \/>\n<span style=\"color: #666666;\"><strong>USt.- IdNr:<\/strong><\/span> DE 224220222<\/p>\n<p>Bez\u00fcglich Abmahnungen: Wir sind stets bem\u00fcht, den Inhalt dieser Homepage frei von Copyrightverletzungen, Verst\u00f6\u00dfe gegen Dritte oder gesetzliche Bestimmungen zu halten. Sollte dennoch einmal ein Fall auftreten, so bitten wir darum mit uns in Kontakt zu treten. Solche F\u00e4lle k\u00f6nnen ohne Rechtsbeistand und hohen Kosten problemlos gel\u00f6st werden. Wir werden die strittigen Bilder oder Textpassagen dann sofort entfernen. Abmahnungen sind somit unn\u00f6tig.<\/p>\n<p><strong>Haftung f\u00fcr Inhalte<\/strong><br \/>\nDie Inhalte unserer Seiten wurden mit gr\u00f6\u00dfter Sorgfalt erstellt. F\u00fcr die Richtigkeit, Vollst\u00e4ndigkeit und Aktualit\u00e4t der Inhalte k\u00f6nnen wir jedoch keine Gew\u00e4hr \u00fcbernehmen. Als Diensteanbieter sind wir gem\u00e4\u00df \u00a7 7 Abs.1 TMG f\u00fcr eigene Inhalte auf diesen Seiten nach den allgemeinen Gesetzen verantwortlich. Nach \u00a7\u00a7 8 bis 10 TMG sind wir als Diensteanbieter jedoch nicht verpflichtet, \u00fcbermittelte oder gespeicherte fremde Informationen zu \u00fcberwachen oder nach Umst\u00e4nden zu forschen, die auf eine rechtswidrige T\u00e4tigkeit hinweisen. Verpflichtungen zur Entfernung oder Sperrung der Nutzung von Informationen nach den allgemeinen Gesetzen bleiben hiervon unber\u00fchrt. Eine diesbez\u00fcgliche Haftung ist jedoch erst ab dem Zeitpunkt der Kenntnis einer konkreten Rechtsverletzung m\u00f6glich. Bei bekannt werden von entsprechenden Rechtsverletzungen werden wir diese Inhalte umgehend entfernen.<\/p>\n<p><strong>Haftung f\u00fcr Links<\/strong><br \/>\nUnser Angebot enth\u00e4lt Links zu externen Webseiten Dritter, auf deren Inhalte wir keinen Einfluss haben. Deshalb k\u00f6nnen wir f\u00fcr diese fremden Inhalte auch keine Gew\u00e4hr \u00fcbernehmen. F\u00fcr die Inhalte der verlinkten Seiten ist stets der jeweilige Anbieter oder Betreiber der Seiten verantwortlich. Die verlinkten Seiten wurden zum Zeitpunkt der Verlinkung auf m\u00f6gliche Rechtsverst\u00f6\u00dfe \u00fcberpr\u00fcft. Rechtswidrige Inhalte waren zum Zeitpunkt der Verlinkung nicht erkennbar. Eine permanente inhaltliche Kontrolle der verlinkten Seiten ist jedoch ohne konkrete Anhaltspunkte einer Rechtsverletzung nicht zumutbar. Bei bekannt werden von Rechtsverletzungen werden wir derartige Links umgehend entfernen.<\/p>\n<p><strong>Urheberrecht<\/strong><br \/>\nDie durch die Seitenbetreiber erstellten Inhalte und Werke auf diesen Seiten unterliegen dem deutschen Urheberrecht. Beitr\u00e4ge Dritter sind als solche gekennzeichnet. Die Vervielf\u00e4ltigung, Bearbeitung, Verbreitung und jede Art der Verwertung au\u00dferhalb der Grenzen des Urheberrechtes bed\u00fcrfen der schriftlichen Zustimmung des jeweiligen Autors bzw. Erstellers. Downloads und Kopien dieser Seite sind nur f\u00fcr den privaten, nicht kommerziellen Gebrauch gestattet. Die Betreiber der Seiten sind bem\u00fcht, stets die Urheberrechte anderer zu beachten bzw. auf selbst erstellte sowie lizenzfreie Werke zur\u00fcckzugreifen.<\/p>\n<p><strong>Datenschutz<\/strong><br \/>\nSoweit auf unseren Seiten personenbezogene Daten (beispielsweise Name, Anschrift oder eMail-Adressen) erhoben werden, erfolgt dies soweit m\u00f6glich stets auf freiwilliger Basis. Die Nutzung der Angebote und Dienste ist, soweit m\u00f6glich, stets ohne Angabe personenbezogener Daten m\u00f6glich. Wir weisen darauf hin, dass die Daten\u00fcbertragung im Internet (z.B. bei der Kommunikation per E-Mail) Sicherheitsl\u00fccken aufweisen kann. Ein l\u00fcckenloser Schutz der Daten vor dem Zugriff durch Dritte ist nicht m\u00f6glich. Der Nutzung von im Rahmen der Impressumspflicht ver\u00f6ffentlichten Kontaktdaten durch Dritte zur \u00dcbersendung von nicht ausdr\u00fccklich angeforderter Werbung und Informationsmaterialien wird hiermit ausdr\u00fccklich widersprochen. Die Betreiber der Seiten behalten sich ausdr\u00fccklich rechtliche Schritte im Falle der unverlangten Zusendung von Werbeinformationen, etwa durch Spam-Mails, vor.<\/p>\n<p><strong>Quelle:<\/strong> eRecht24.de \u2013 Rechtsberatung von Anwalt S\u00f6ren Siebert\u00a0 <a href=\"http:\/\/www.e-recht24.de\/\" target=\"_blank\" rel=\"noopener\">http:\/\/www.e-recht24.de\/<\/a><br \/>\nFolgende Bilder von Fotolia, Freepik, Pixabay und anderen Quellen werden von uns genutzt:<\/p>\n<p>\u00a9 <a href=\"https:\/\/www.freepik.com\/free-photos-vectors\/background\"> Background vector created by freepik &#8211; www.freepik.com <\/a><br \/>\n\u00a9 <a href=\"https:\/\/www.freepik.com\/free-photos-vectors\/background\"> Background vector created by vector_corp &#8211; www.freepik.com <\/a><br \/>\n\u00a9 https:\/\/www.freepik.com\/free-vector\/dark-luxury-golden-template_722094.htm#page=1&amp;query=luxury%20background&amp;position=39<br \/>\n\u00a9 https:\/\/pixabay.com\/de\/photos\/landschaft-sun-himmel-reflexion-1931729\/<br \/>\n\u00a9 https:\/\/pixabay.com\/de\/photos\/adler-seeadler- grabvogel-raubvogel-3522239\/<br \/>\n\u00a9 https:\/\/pixabay.com\/de\/photos\/diamanten-schwarzer- background-1693393\/<br \/>\n\u00a9 https:\/\/pixabay.com\/de\/illustrations\/goldbarren-gold-w%C3%A4hrung-reichenum-1744773\/<br \/>\n\u00a9 https:\/\/pixabay.com\/de\/illustrations\/glitzern-gold-metallischen-1967767\/<br \/>\n\u00a9 Photo by Katie Harp on Unsplash<br \/>\n\u00a9 https:\/\/all-free-download.com\/free-vector\/download\/damask-seamless-pattern-art-background_579129.html<br \/>\n\u00a9 https:\/\/pixabay.com\/de\/photos\/h%C3%B6hle-malerei-pr%C3%A4historische-936619\/[\/vc_column_text][\/vc_column][\/vc_row]\n","protected":false},"excerpt":{"rendered":"<p>[vc_row][vc_column][vc_column_text] Impressum von ROYAL WING BOOMERANGS. Das Kopieren oder Reproduzieren von Inhalten dieser Homepage ist untersagt. Jegliche Weiterverwendung, Ver\u00e4nderung oder Ver\u00f6ffentlichung bedarf<\/p>\n","protected":false},"author":2,"featured_media":0,"parent":7755,"menu_order":0,"comment_status":"closed","ping_status":"closed","template":"","meta":[],"yoast_head":"<!-- This site is optimized with the Yoast SEO plugin v17.1 - https:\/\/yoast.com\/wordpress\/plugins\/seo\/ -->\n<title>IMPRESSUM - Royal Wing Boomerangs<\/title>\n<meta name=\"description\" content=\"Impressum vom Bumeranghersteller Royal Wing Boomerangs\" \/>\n<meta name=\"robots\" content=\"index, follow, max-snippet:-1, max-image-preview:large, max-video-preview:-1\" \/>\n<link rel=\"canonical\" href=\"https:\/\/www.royalwingboomerangs.com\/de\/about-us\/impressum\/\" \/>\n<meta property=\"og:locale\" content=\"de_DE\" \/>\n<meta property=\"og:type\" content=\"article\" \/>\n<meta property=\"og:title\" content=\"IMPRESSUM - Royal Wing Boomerangs\" \/>\n<meta property=\"og:description\" content=\"Impressum vom Bumeranghersteller Royal Wing Boomerangs\" \/>\n<meta property=\"og:url\" content=\"https:\/\/www.royalwingboomerangs.com\/de\/about-us\/impressum\/\" \/>\n<meta property=\"og:site_name\" content=\"Royal Wing Boomerangs\" \/>\n<meta property=\"article:modified_time\" content=\"2021-10-22T10:22:30+00:00\" \/>\n<meta name=\"twitter:card\" content=\"summary_large_image\" \/>\n<script type=\"application\/ld+json\" class=\"yoast-schema-graph\">{\"@context\":\"https:\/\/schema.org\",\"@graph\":[{\"@type\":\"WebSite\",\"@id\":\"https:\/\/www.royalwingboomerangs.com\/en\/#website\",\"url\":\"https:\/\/www.royalwingboomerangs.com\/en\/\",\"name\":\"Royal Wing Boomerangs\",\"description\":\"Manufaktur f\\u00fcr Luxusbumerangs \/ Luxusspielzeug f\\u00fcr Erwachsene, Luxusgeschenk, Luxus, Spielzeug, Werbegeschenke, Wandschmuck, Teuer, Luxusm\\u00f6bel, Kaufen, Hersteller, Unternehmen, Dekoration, Sportartikel\",\"potentialAction\":[{\"@type\":\"SearchAction\",\"target\":{\"@type\":\"EntryPoint\",\"urlTemplate\":\"https:\/\/www.royalwingboomerangs.com\/en\/?s={search_term_string}\"},\"query-input\":\"required name=search_term_string\"}],\"inLanguage\":\"de\"},{\"@type\":\"WebPage\",\"@id\":\"https:\/\/www.royalwingboomerangs.com\/de\/about-us\/impressum\/#webpage\",\"url\":\"https:\/\/www.royalwingboomerangs.com\/de\/about-us\/impressum\/\",\"name\":\"IMPRESSUM - Royal Wing Boomerangs\",\"isPartOf\":{\"@id\":\"https:\/\/www.royalwingboomerangs.com\/en\/#website\"},\"datePublished\":\"2019-01-10T08:51:41+00:00\",\"dateModified\":\"2021-10-22T10:22:30+00:00\",\"description\":\"Impressum vom Bumeranghersteller Royal Wing Boomerangs\",\"breadcrumb\":{\"@id\":\"https:\/\/www.royalwingboomerangs.com\/de\/about-us\/impressum\/#breadcrumb\"},\"inLanguage\":\"de\",\"potentialAction\":[{\"@type\":\"ReadAction\",\"target\":[\"https:\/\/www.royalwingboomerangs.com\/de\/about-us\/impressum\/\"]}]},{\"@type\":\"BreadcrumbList\",\"@id\":\"https:\/\/www.royalwingboomerangs.com\/de\/about-us\/impressum\/#breadcrumb\",\"itemListElement\":[{\"@type\":\"ListItem\",\"position\":1,\"name\":\"Home\",\"item\":\"https:\/\/www.royalwingboomerangs.com\/de\/\"},{\"@type\":\"ListItem\",\"position\":2,\"name\":\"\\u00dcber uns\",\"item\":\"https:\/\/www.royalwingboomerangs.com\/de\/about-us\/\"},{\"@type\":\"ListItem\",\"position\":3,\"name\":\"IMPRESSUM\"}]}]}<\/script>\n<!-- \/ Yoast SEO plugin. -->","yoast_head_json":{"title":"IMPRESSUM - Royal Wing Boomerangs","description":"Impressum vom Bumeranghersteller Royal Wing Boomerangs","robots":{"index":"index","follow":"follow","max-snippet":"max-snippet:-1","max-image-preview":"max-image-preview:large","max-video-preview":"max-video-preview:-1"},"canonical":"https:\/\/www.royalwingboomerangs.com\/de\/about-us\/impressum\/","og_locale":"de_DE","og_type":"article","og_title":"IMPRESSUM - Royal Wing Boomerangs","og_description":"Impressum vom Bumeranghersteller Royal Wing Boomerangs","og_url":"https:\/\/www.royalwingboomerangs.com\/de\/about-us\/impressum\/","og_site_name":"Royal Wing Boomerangs","article_modified_time":"2021-10-22T10:22:30+00:00","twitter_card":"summary_large_image","schema":{"@context":"https:\/\/schema.org","@graph":[{"@type":"WebSite","@id":"https:\/\/www.royalwingboomerangs.com\/en\/#website","url":"https:\/\/www.royalwingboomerangs.com\/en\/","name":"Royal Wing Boomerangs","description":"Manufaktur f\u00fcr Luxusbumerangs \/ Luxusspielzeug f\u00fcr Erwachsene, Luxusgeschenk, Luxus, Spielzeug, Werbegeschenke, Wandschmuck, Teuer, Luxusm\u00f6bel, Kaufen, Hersteller, Unternehmen, Dekoration, Sportartikel","potentialAction":[{"@type":"SearchAction","target":{"@type":"EntryPoint","urlTemplate":"https:\/\/www.royalwingboomerangs.com\/en\/?s={search_term_string}"},"query-input":"required name=search_term_string"}],"inLanguage":"de"},{"@type":"WebPage","@id":"https:\/\/www.royalwingboomerangs.com\/de\/about-us\/impressum\/#webpage","url":"https:\/\/www.royalwingboomerangs.com\/de\/about-us\/impressum\/","name":"IMPRESSUM - Royal Wing Boomerangs","isPartOf":{"@id":"https:\/\/www.royalwingboomerangs.com\/en\/#website"},"datePublished":"2019-01-10T08:51:41+00:00","dateModified":"2021-10-22T10:22:30+00:00","description":"Impressum vom Bumeranghersteller Royal Wing Boomerangs","breadcrumb":{"@id":"https:\/\/www.royalwingboomerangs.com\/de\/about-us\/impressum\/#breadcrumb"},"inLanguage":"de","potentialAction":[{"@type":"ReadAction","target":["https:\/\/www.royalwingboomerangs.com\/de\/about-us\/impressum\/"]}]},{"@type":"BreadcrumbList","@id":"https:\/\/www.royalwingboomerangs.com\/de\/about-us\/impressum\/#breadcrumb","itemListElement":[{"@type":"ListItem","position":1,"name":"Home","item":"https:\/\/www.royalwingboomerangs.com\/de\/"},{"@type":"ListItem","position":2,"name":"\u00dcber uns","item":"https:\/\/www.royalwingboomerangs.com\/de\/about-us\/"},{"@type":"ListItem","position":3,"name":"IMPRESSUM"}]}]}},"_links":{"self":[{"href":"https:\/\/www.royalwingboomerangs.com\/de\/wp-json\/wp\/v2\/pages\/7763"}],"collection":[{"href":"https:\/\/www.royalwingboomerangs.com\/de\/wp-json\/wp\/v2\/pages"}],"about":[{"href":"https:\/\/www.royalwingboomerangs.com\/de\/wp-json\/wp\/v2\/types\/page"}],"author":[{"embeddable":true,"href":"https:\/\/www.royalwingboomerangs.com\/de\/wp-json\/wp\/v2\/users\/2"}],"replies":[{"embeddable":true,"href":"https:\/\/www.royalwingboomerangs.com\/de\/wp-json\/wp\/v2\/comments?post=7763"}],"version-history":[{"count":6,"href":"https:\/\/www.royalwingboomerangs.com\/de\/wp-json\/wp\/v2\/pages\/7763\/revisions"}],"predecessor-version":[{"id":8975,"href":"https:\/\/www.royalwingboomerangs.com\/de\/wp-json\/wp\/v2\/pages\/7763\/revisions\/8975"}],"up":[{"embeddable":true,"href":"https:\/\/www.royalwingboomerangs.com\/de\/wp-json\/wp\/v2\/pages\/7755"}],"wp:attachment":[{"href":"https:\/\/www.royalwingboomerangs.com\/de\/wp-json\/wp\/v2\/media?parent=7763"}],"curies":[{"name":"wp","href":"https:\/\/api.w.org\/{rel}","templated":true}]}}