{"id":7758,"date":"2019-01-10T08:49:55","date_gmt":"2019-01-10T08:49:55","guid":{"rendered":"https:\/\/www.royalwingboomerangs.com\/about-us\/manufactory\/"},"modified":"2021-10-18T11:58:12","modified_gmt":"2021-10-18T11:58:12","slug":"manufaktur","status":"publish","type":"page","link":"https:\/\/www.royalwingboomerangs.com\/de\/about-us\/manufaktur\/","title":{"rendered":"Manufaktur"},"content":{"rendered":"[vc_row][vc_column][vc_column_text]\n<h2><span style=\"color: #666666;\">Deutsche Manufaktur f\u00fcr Luxusbumerangs &#8211; Royal Wing Boomerangs<\/span><\/h2>\n<p>Jeder kennt heutzutage Bumerangs, allerdings eher in Verbindung mit Kinderspielzeugen. Wir von Royal Wing Boomerangs erschaffen mit unseren Produkten eine ganz neue Dimension. Im wahrsten Sinne des Wortes, denn f\u00fcr Bumerangs sind unsere Exemplare gro\u00df und schwer. Das klassifiziert sie eher f\u00fcr Erwachsene, ob nun als Sportger\u00e4t oder Wandschmuck. Als Manufaktur bieten wir Ihnen ein absolut hochwertiges und ausgereiftes Produkt an, welches es weltweit in solcher Ausf\u00fchrung noch nicht gab. ALLE Bumerangs werden grunds\u00e4tzlich vor Auslieferung auf einwandfreie Flugeigenschaften getestet. Sie k\u00f6nnen uns daher in jeglicher Hinsicht absolut vertrauen, denn wir setzen immer auf zufriedene Kunden und langfristige Gesch\u00e4ftsbeziehungen.<\/p>\n<p>&nbsp;<\/p>\n<h3><span style=\"color: #666666;\">Entwicklung<\/span><\/h3>\n<p>Alle unsere Modelle sind in einer langwierigen Entwicklungsphase entstanden. Das bedeutet sehr viel Arbeit, testen, um\u00e4ndern, verwerfen, neu anfangen, usw. Einige Designs fliegen ausgezeichnet, entsprechen allerdings nicht unseren Anforderungen f\u00fcr edles Aussehen. Bei anderen Bumerangs ist es umgekehrt. Hinter jedem aus unserer Sicht perfekten Royal Wing steckt also sehr viel Leidenschaft, Arbeit und Kreativit\u00e4t. Es lohnt sich auch immer mal wieder bei uns vorbeizuschauen, denn wir entwickeln st\u00e4ndig weitere Luxusbumerangs. Die N\u00e4chsten stehen schon in den &#8220;Startl\u00f6chern&#8221;.<\/p>\n<p>&nbsp;<\/p>\n<h3><span style=\"color: #666666;\">Qualit\u00e4t<\/span><\/h3>\n<p>Erfolgreich kann man in einer Branche nur sein, wenn man von Herzen wirklich Leidenschaft zeigt. Von der Planung bis zum Endprodukt wird nichts dem Zufall \u00fcberlassen. Selbst kleinste Details k\u00f6nnen den feinen Unterschied ausmachen, wobei diese oft noch nicht einmal Sichtbar sein m\u00fcssen. Zum Beispiel, ob der Bumerang vorher einge\u00f6lt und grundiert wurde, oder welche Inhaltsstoffe bei Lacken verwendet werden, usw. Sie k\u00f6nnen sich sicher sein, bei Royal Wing Boomerangs setzen wir nur beste Rohstoffe und Materialien f\u00fcr ein absolut edles Endprodukt ein. Im Gegensatz zu manch anderem auf dem Markt befindlichen Bumerang, sind unsere in jedem Fall bei richtiger Handhabung fangbar. Aussehen und Qualit\u00e4t sind so gut, dass alle Royal Wings auch echte Schmuckst\u00fccke f\u00fcr die Wand sind, verschenkt werden k\u00f6nnen, usw.<\/p>\n<p>Ein weiterer Beleg f\u00fcr die Materialqualit\u00e4t sind der hochwertige Massivholzrahmen mit Schlagmetall, gegossenes und vergoldetes Messingschild, edle Luxusverpackung, &#8230;<\/p>\n<p>&nbsp;<\/p>\n<h3><span style=\"color: #666666;\">Umweltfreundlich<\/span><\/h3>\n<p>Dieses Kapitel soll alle Menschen und Bumerangfreunde etwas &#8220;wachr\u00fctteln&#8221;, denn bei der Produktion werden meistens sehr viele Giftstoffe verwendet. Es erfordert sehr viel mehr Zeit und Geld, wenn man wirklich Gesundheits und Umweltfreundlich herstellen m\u00f6chte. Der Schutz unserer Kunden, aber auch uns selber, ist uns sehr wichtig. Als Beispiel m\u00f6chten wir die Lacke nennen. Die Robustesten und H\u00e4rtesten sind 2K Lacke, oft auch als Klavierlack bezeichnet. Dieser h\u00e4rtet in einer chemischen Reaktion. Wenn Sie sich aber die Inhaltsstoffe ansehen, dann verstehen Sie warum es eine Empfehlung nur f\u00fcr gewerbliche Anwender gibt. Giftig f\u00fcr Wasserorganismen, verursacht schwere Augenreizung, allergische Hautreaktionen, nicht einatmen, \u00c4tzwirkung, Krebserzeugende, erbgutver\u00e4ndernde und fortpflanzungsgef\u00e4hrdende Wirkung, Trinkwassergef\u00e4hrdung, &#8230; Schon beim Durchlesen ist uns schlecht geworden. Das muss nicht sein, denn es gibt Alternativen.<\/p>\n<p>F\u00fcr Bumerangs werden auch gerne Autolacke in Spraydosen verwendet, aber auch diese sind nicht Gesundheits und Umweltfreundlich, da sie hohe Mengen an L\u00f6sungsmitteln enthalten, dazu Weichmacher und andere Zusatzstoffe.<\/p>\n<p>Wir verwenden f\u00fcr die Bumerangs hingegen wasserverd\u00fcnnbare und wasserbasierte Lacke von einem Lackhersteller mit im Vergleich sehr wenig L\u00f6sungsmitteln. Dieser Lack ist sogar mit einem bekannten Umweltzeichen &#8220;Blauer Engel&#8221; ausgezeichnet und kann auch f\u00fcr Kinderspielzeug verwendet werden. Das spricht f\u00fcr sich, denn bei Kinderspielzeug wird normalerweise ganz genau hingesehen und gepr\u00fcft. Sagen wir es so, mit jedem Lack muss sorgsam umgegangen werden, aber wir versuchen unsere Produkte so Gesundheits und Umweltfreundlich wie m\u00f6glich zu machen. Es gibt nur einen Nachteil dabei, denn es macht die Produktion teurer. Wasserbasierte Lacke trocknen erheblich langsamer und aufgrund dessen k\u00f6nnten sich auch l\u00e4ngere Zeit Staubpartikel absetzen. Die Gesundheit hat allerdings immer Priorit\u00e4t, weswegen es der richtige Weg ist.<\/p>\n<p>Auch an anderen Stellen achten wir darauf, beispielsweise wird f\u00fcr Holzarbeiten ein sogenannter Bioleim verwendet, usw.<\/p>\n<p><strong>Fazit:<\/strong> Solche Unterschiede sieht man als Kunde nicht, aber auch sowas kann den Qualit\u00e4tsunterschied ausmachen.<\/p>\n<p>&nbsp;<\/p>\n<h3><span style=\"color: #666666;\">Sonderw\u00fcnsche<\/span><\/h3>\n<p>Sonderw\u00fcnsche sind auf Anfrage nat\u00fcrlich ebenfalls ( meistens ) m\u00f6glich. Beispielsweise, wenn echte Diamanten gew\u00fcnscht sind, die Bumerangs eine Farbe bekommen sollen, usw. Sprechen Sie uns an, damit wir gemeinsam nach einer L\u00f6sung suchen k\u00f6nnen.<\/p>\n<p>&nbsp;<\/p>\n<h3><span style=\"color: #666666;\">Sicherheit &amp; Vertrauen<\/span><\/h3>\n<p>Vertrauen ist die Basis von langfristigen Gesch\u00e4ftsbeziehungen und zufriedenen Kunden. Sie k\u00f6nnen sich in jeglicher Hinsicht sicher sein, dass wir alles f\u00fcr ein bestm\u00f6gliches Produkt und reibungslosen Ablauf von Lieferungen tun werden. Wir sorgen f\u00fcr 100% Transparenz und haben f\u00fcr Vorschl\u00e4ge, Hinweise, Tipps und Fragen stets ein offenes Ohr. Gerne k\u00f6nnen Sie uns unter der Nummer 0511 -16659468 anrufen, oder schreiben Sie uns eine Nachricht <a href=\"https:\/\/www.royalwingboomerangs.com\/de\/contact\/\">Kontakt<\/a><\/p>\n<p>&nbsp;<\/p>\n<h3><span style=\"color: #666666;\">Materialien<\/span><\/h3>\n<p>Manche Personen unterliegen bei Bumerangs einem Irrtum. Das beste Material ist nicht massives Holz, da es sehr leicht brechen kann. Jeder Profi wird immer auf Exemplare aus speziellem Birkenflugsperrholz zur\u00fcckgreifen. Dabei gilt, je mehr Schichten, desto besser. Unsere \u00dcbungsbumerangs haben bei 4mm 8 Schichten und die 5mm Hauptbumerangs 10 Schichten. Besser geht es eigentlich nicht. Aber auch an anderen Stellen zeigt sich unser Qualit\u00e4tsanspruch. Beispielsweise erkennt man es am Massivholzrahmen, welcher per Hand mit Schlagmetall belegt wurde, alle Kleinteile zur Befestigung mit echtem Gold vergoldet sind, das Messingschild nicht gestanzt, sondern massiv aus Messing gegossen und danach vergoldet wurde, etc. Auch am Hauptbumerang wird echtes Gold in Form von Pulver, Blattgold und Goldflocken verwendet. Selbst die Edelsteine sind wertvoll und eben nicht aus einfachem Glas. Kein Wunder also, wenn man Royal Wing Bumerangs fast schon als Schmuckst\u00fcck und Kunstwerk einstufen kann.<\/p>\n<p>&nbsp;<\/p>\n<h3><span style=\"color: #666666;\">Internationale Premiummarke<\/span><\/h3>\n<p>Unsere Produkte sind so einzigartig, dass sie bereits weltweit bekannt sind. Damit verbunden ist auch unsere Marke, mit der man Qualit\u00e4t, Vertrauen und Luxus verbindet.<\/p>\n<p>&nbsp;<\/p>\n<h3><span style=\"color: #666666;\">Weltweites Vertriebsnetzwerk<\/span><\/h3>\n<p>Royal Wing Bumerangs kann man weltweit kaufen, denn daf\u00fcr sorgen unsere vielen Vertriebspartner. Ob Juwelier, Galerie, Gro\u00dfh\u00e4ndler, Shopbetreiber, Luxusartikelh\u00e4ndler, Beh\u00f6rde oder sonstige Gesch\u00e4ftspartner, wir freuen uns jederzeit und gerne \u00fcber weitere Verk\u00e4ufer. Sie m\u00f6chten ebenfalls dabei sein ? Dann registrieren Sie sich einfach \u00fcber unsere Homepage, oder nehmen Sie Kontakt mit uns auf. <a href=\"https:\/\/www.royalwingboomerangs.com\/de\/contact\/\">Anfrage<\/a><\/p>\n<p>&nbsp;<\/p>\n<h3><span style=\"color: #666666;\">More Offers<\/span><\/h3>\n<h5>Werbebumerangs:<\/h5>\n<p><strong>A:<\/strong> F\u00fcr Unternehmen bieten wir auch den Service an, einen ganz eigenen Bumerang zu entwickeln und zu produzieren. Mit Ihrem gro\u00dfen Goldlogo oder Platinlogo. Sie k\u00f6nnen solche Bumerangs dann an Ihre Kunden entweder verschenken ( z.B. als Treuebonus ), oder aber einfach verkaufen. Wegen der Entwicklungskosten lohnt sich das nat\u00fcrlich nur bei etwas gr\u00f6\u00dferen St\u00fcckzahlen. Fragen Sie uns einfach, gemeinsam finden wir eine L\u00f6sung.<\/p>\n<p><strong>B:<\/strong> F\u00fcr Privatleute bieten wir Promotionvideos an. Es handelt sich dabei um eine Mischung aus Schulung und Spa\u00df haben mit unserem Bumerangsortiment, eventuell kombiniert mit einer anderen Bet\u00e4tigung wie Golf, RC Rennmodellboot fahren, Kart, Angeln, etc. Es ist gedacht f\u00fcr Menschen, welche im Rampenlicht stehen wollen und m\u00fcssen, z.B. Schauspieler, Politiker, Sportler, usw. Die ganze Sache wird gefilmt werden, sodass ein interessantes Video entsteht, welches dann widerrum bei Youtube etc. ver\u00f6ffentlicht werden kann. Auch wir w\u00fcrden es dann gerne in unseren Kanal und Webseite einstellen. Die Preise richten sich nach Anzahl der Tage, Land, Aufwand, usw. Anfragen werden gerne entgegen genommen.<\/p>\n<p><a href=\"https:\/\/www.royalwingboomerangs.com\/en\/promotional-boomerangs\/\">More Informations to promotional Boomerangs<\/a><\/p>\n<h3><span style=\"color: #666666;\">Fazit:<\/span><\/h3>\n<p>Mit Royal Wing Boomerangs haben Sie als Gesch\u00e4ftspartner einen zuverl\u00e4ssigen und starken Partner an der Seite. F\u00fcr Verbraucher bieten wir absolut hochwertige Luxusbumerangs an, welche nicht nur gefangen werden k\u00f6nnen, sondern auch als Geschenk, Wandschmuck, usw. eine tolle Option sind.<\/p>\n<p><strong><span style=\"color: #ff0000;\"><span style=\"color: #000000;\">*<\/span> Wichtig: <\/span><\/strong>Informationen zum geschichtlichen Ursprung von Bumerangs\u00a0 <strong><a href=\"https:\/\/www.royalwingboomerangs.com\/de\/information\/history\/\">Ansehen<\/a>.<\/strong><br \/>\n<span style=\"color: #ff0000;\"><strong><span style=\"color: #000000;\">*<\/span> Wichtig: <\/strong><\/span>Versionen mit synthetischen oder echten Diamanten m\u00f6glich auf <strong><a href=\"https:\/\/www.royalwingboomerangs.com\/de\/contact\/\">Anfrage<\/a><\/strong>. [\/vc_column_text][\/vc_column][\/vc_row]\n","protected":false},"excerpt":{"rendered":"<p>[vc_row][vc_column][vc_column_text] Deutsche Manufaktur f\u00fcr Luxusbumerangs &#8211; Royal Wing Boomerangs Jeder kennt heutzutage Bumerangs, allerdings eher in Verbindung mit Kinderspielzeugen. Wir von Royal<\/p>\n","protected":false},"author":2,"featured_media":0,"parent":7755,"menu_order":0,"comment_status":"closed","ping_status":"closed","template":"","meta":[],"yoast_head":"<!-- This site is optimized with the Yoast SEO plugin v17.1 - https:\/\/yoast.com\/wordpress\/plugins\/seo\/ -->\n<title>Deutsche Manufaktur f\u00fcr Luxusbumerangs - Royal Wing Boomerangs<\/title>\n<meta name=\"description\" content=\"Premium Hersteller aus Deutschland mit dem Anspruch die besten, edelsten und hochwertigsten Bumerangs zu bauen.\" \/>\n<meta name=\"robots\" content=\"index, follow, max-snippet:-1, max-image-preview:large, max-video-preview:-1\" \/>\n<link rel=\"canonical\" href=\"https:\/\/www.royalwingboomerangs.com\/de\/about-us\/manufaktur\/\" \/>\n<meta property=\"og:locale\" content=\"de_DE\" \/>\n<meta property=\"og:type\" content=\"article\" \/>\n<meta property=\"og:title\" content=\"Deutsche Manufaktur f\u00fcr Luxusbumerangs - Royal Wing Boomerangs\" \/>\n<meta property=\"og:description\" content=\"Premium Hersteller aus Deutschland mit dem Anspruch die besten, edelsten und hochwertigsten Bumerangs zu bauen.\" \/>\n<meta property=\"og:url\" content=\"https:\/\/www.royalwingboomerangs.com\/de\/about-us\/manufaktur\/\" \/>\n<meta property=\"og:site_name\" content=\"Royal Wing Boomerangs\" \/>\n<meta property=\"article:modified_time\" content=\"2021-10-18T11:58:12+00:00\" \/>\n<meta name=\"twitter:card\" content=\"summary_large_image\" \/>\n<meta name=\"twitter:label1\" content=\"Gesch\u00e4tzte Lesezeit\" \/>\n\t<meta name=\"twitter:data1\" content=\"6\u00a0Minuten\" \/>\n<script type=\"application\/ld+json\" class=\"yoast-schema-graph\">{\"@context\":\"https:\/\/schema.org\",\"@graph\":[{\"@type\":\"WebSite\",\"@id\":\"https:\/\/www.royalwingboomerangs.com\/en\/#website\",\"url\":\"https:\/\/www.royalwingboomerangs.com\/en\/\",\"name\":\"Royal Wing Boomerangs\",\"description\":\"Manufaktur f\\u00fcr Luxusbumerangs \/ Luxusspielzeug f\\u00fcr Erwachsene, Luxusgeschenk, Luxus, Spielzeug, Werbegeschenke, Wandschmuck, Teuer, Luxusm\\u00f6bel, Kaufen, Hersteller, Unternehmen, Dekoration, Sportartikel\",\"potentialAction\":[{\"@type\":\"SearchAction\",\"target\":{\"@type\":\"EntryPoint\",\"urlTemplate\":\"https:\/\/www.royalwingboomerangs.com\/en\/?s={search_term_string}\"},\"query-input\":\"required name=search_term_string\"}],\"inLanguage\":\"de\"},{\"@type\":\"WebPage\",\"@id\":\"https:\/\/www.royalwingboomerangs.com\/de\/about-us\/manufaktur\/#webpage\",\"url\":\"https:\/\/www.royalwingboomerangs.com\/de\/about-us\/manufaktur\/\",\"name\":\"Deutsche Manufaktur f\\u00fcr Luxusbumerangs - Royal Wing Boomerangs\",\"isPartOf\":{\"@id\":\"https:\/\/www.royalwingboomerangs.com\/en\/#website\"},\"datePublished\":\"2019-01-10T08:49:55+00:00\",\"dateModified\":\"2021-10-18T11:58:12+00:00\",\"description\":\"Premium Hersteller aus Deutschland mit dem Anspruch die besten, edelsten und hochwertigsten Bumerangs zu bauen.\",\"breadcrumb\":{\"@id\":\"https:\/\/www.royalwingboomerangs.com\/de\/about-us\/manufaktur\/#breadcrumb\"},\"inLanguage\":\"de\",\"potentialAction\":[{\"@type\":\"ReadAction\",\"target\":[\"https:\/\/www.royalwingboomerangs.com\/de\/about-us\/manufaktur\/\"]}]},{\"@type\":\"BreadcrumbList\",\"@id\":\"https:\/\/www.royalwingboomerangs.com\/de\/about-us\/manufaktur\/#breadcrumb\",\"itemListElement\":[{\"@type\":\"ListItem\",\"position\":1,\"name\":\"Home\",\"item\":\"https:\/\/www.royalwingboomerangs.com\/de\/\"},{\"@type\":\"ListItem\",\"position\":2,\"name\":\"\\u00dcber uns\",\"item\":\"https:\/\/www.royalwingboomerangs.com\/de\/about-us\/\"},{\"@type\":\"ListItem\",\"position\":3,\"name\":\"Manufaktur\"}]}]}<\/script>\n<!-- \/ Yoast SEO plugin. -->","yoast_head_json":{"title":"Deutsche Manufaktur f\u00fcr Luxusbumerangs - Royal Wing Boomerangs","description":"Premium Hersteller aus Deutschland mit dem Anspruch die besten, edelsten und hochwertigsten Bumerangs zu bauen.","robots":{"index":"index","follow":"follow","max-snippet":"max-snippet:-1","max-image-preview":"max-image-preview:large","max-video-preview":"max-video-preview:-1"},"canonical":"https:\/\/www.royalwingboomerangs.com\/de\/about-us\/manufaktur\/","og_locale":"de_DE","og_type":"article","og_title":"Deutsche Manufaktur f\u00fcr Luxusbumerangs - Royal Wing Boomerangs","og_description":"Premium Hersteller aus Deutschland mit dem Anspruch die besten, edelsten und hochwertigsten Bumerangs zu bauen.","og_url":"https:\/\/www.royalwingboomerangs.com\/de\/about-us\/manufaktur\/","og_site_name":"Royal Wing Boomerangs","article_modified_time":"2021-10-18T11:58:12+00:00","twitter_card":"summary_large_image","twitter_misc":{"Gesch\u00e4tzte Lesezeit":"6\u00a0Minuten"},"schema":{"@context":"https:\/\/schema.org","@graph":[{"@type":"WebSite","@id":"https:\/\/www.royalwingboomerangs.com\/en\/#website","url":"https:\/\/www.royalwingboomerangs.com\/en\/","name":"Royal Wing Boomerangs","description":"Manufaktur f\u00fcr Luxusbumerangs \/ Luxusspielzeug f\u00fcr Erwachsene, Luxusgeschenk, Luxus, Spielzeug, Werbegeschenke, Wandschmuck, Teuer, Luxusm\u00f6bel, Kaufen, Hersteller, Unternehmen, Dekoration, Sportartikel","potentialAction":[{"@type":"SearchAction","target":{"@type":"EntryPoint","urlTemplate":"https:\/\/www.royalwingboomerangs.com\/en\/?s={search_term_string}"},"query-input":"required name=search_term_string"}],"inLanguage":"de"},{"@type":"WebPage","@id":"https:\/\/www.royalwingboomerangs.com\/de\/about-us\/manufaktur\/#webpage","url":"https:\/\/www.royalwingboomerangs.com\/de\/about-us\/manufaktur\/","name":"Deutsche Manufaktur f\u00fcr Luxusbumerangs - Royal Wing Boomerangs","isPartOf":{"@id":"https:\/\/www.royalwingboomerangs.com\/en\/#website"},"datePublished":"2019-01-10T08:49:55+00:00","dateModified":"2021-10-18T11:58:12+00:00","description":"Premium Hersteller aus Deutschland mit dem Anspruch die besten, edelsten und hochwertigsten Bumerangs zu bauen.","breadcrumb":{"@id":"https:\/\/www.royalwingboomerangs.com\/de\/about-us\/manufaktur\/#breadcrumb"},"inLanguage":"de","potentialAction":[{"@type":"ReadAction","target":["https:\/\/www.royalwingboomerangs.com\/de\/about-us\/manufaktur\/"]}]},{"@type":"BreadcrumbList","@id":"https:\/\/www.royalwingboomerangs.com\/de\/about-us\/manufaktur\/#breadcrumb","itemListElement":[{"@type":"ListItem","position":1,"name":"Home","item":"https:\/\/www.royalwingboomerangs.com\/de\/"},{"@type":"ListItem","position":2,"name":"\u00dcber uns","item":"https:\/\/www.royalwingboomerangs.com\/de\/about-us\/"},{"@type":"ListItem","position":3,"name":"Manufaktur"}]}]}},"_links":{"self":[{"href":"https:\/\/www.royalwingboomerangs.com\/de\/wp-json\/wp\/v2\/pages\/7758"}],"collection":[{"href":"https:\/\/www.royalwingboomerangs.com\/de\/wp-json\/wp\/v2\/pages"}],"about":[{"href":"https:\/\/www.royalwingboomerangs.com\/de\/wp-json\/wp\/v2\/types\/page"}],"author":[{"embeddable":true,"href":"https:\/\/www.royalwingboomerangs.com\/de\/wp-json\/wp\/v2\/users\/2"}],"replies":[{"embeddable":true,"href":"https:\/\/www.royalwingboomerangs.com\/de\/wp-json\/wp\/v2\/comments?post=7758"}],"version-history":[{"count":30,"href":"https:\/\/www.royalwingboomerangs.com\/de\/wp-json\/wp\/v2\/pages\/7758\/revisions"}],"predecessor-version":[{"id":8789,"href":"https:\/\/www.royalwingboomerangs.com\/de\/wp-json\/wp\/v2\/pages\/7758\/revisions\/8789"}],"up":[{"embeddable":true,"href":"https:\/\/www.royalwingboomerangs.com\/de\/wp-json\/wp\/v2\/pages\/7755"}],"wp:attachment":[{"href":"https:\/\/www.royalwingboomerangs.com\/de\/wp-json\/wp\/v2\/media?parent=7758"}],"curies":[{"name":"wp","href":"https:\/\/api.w.org\/{rel}","templated":true}]}}