{"id":7752,"date":"2020-05-28T23:19:49","date_gmt":"2020-05-28T23:19:49","guid":{"rendered":"https:\/\/www.royalwingboomerangs.com\/information\/media\/"},"modified":"2021-11-18T15:54:42","modified_gmt":"2021-11-18T15:54:42","slug":"medienberichte","status":"publish","type":"page","link":"https:\/\/www.royalwingboomerangs.com\/de\/information\/medienberichte\/","title":{"rendered":"Medienberichte"},"content":{"rendered":"[vc_row][vc_column][vc_column_text]\n<h2><span style=\"color: #666666;\">Medienberichte aus aller Welt<\/span><\/h2>\n<p>Hier ver\u00f6ffentlichen wir Medien, welche \u00fcber uns bereits weltweit berichtet haben. Magazine, Zeitungen, Radiosender, Fernsehen, Nachrichtenportale, &#8230;<\/p>\n<p>Anfragen f\u00fcr Interviews, Vorstellung unserer Produkte f\u00fcr das Fernsehen, usw. sind ebenfalls erw\u00fcnscht.<\/p>\n<p>Hier finden Sie f\u00fcr Ihre Berichte nebenbei auch einige Bilder, welche zum Zwecke der Berichterstattung verwendet werden d\u00fcrfen. <a href=\"https:\/\/www.royalwingboomerangs.com\/de\/contact\/\">Ansehen<\/a> Fehlt etwas ? Dann nehmen Sie Kontakt zu uns auf, gerne stellen wir Ihnen entsprechendes Material zur Verf\u00fcgung.<\/p>\n[\/vc_column_text][\/vc_column][\/vc_row][vc_row][vc_column width=&#8221;1\/3&#8243;][vc_single_image image=&#8221;9027&#8243; img_size=&#8221;full&#8221; onclick=&#8221;custom_link&#8221; img_link_target=&#8221;_blank&#8221; link=&#8221;https:\/\/www.designpakhuis.nl\/royal-wing-luxe-boomerangs\/&#8221;][vc_column_text css=&#8221;.vc_custom_1637250263393{margin-top: -20px !important;}&#8221;]Designblog aus der Niederlande[\/vc_column_text][\/vc_column][vc_column width=&#8221;1\/3&#8243;][vc_single_image image=&#8221;9038&#8243; img_size=&#8221;425&#215;74&#8243; onclick=&#8221;custom_link&#8221; img_link_target=&#8221;_blank&#8221; link=&#8221;https:\/\/www.luxuslupe.de\/edle-luxusbumerangs-als-wanddekoration-und-sportgeraet\/&#8221; css=&#8221;.vc_custom_1636713020719{margin-left: -15px !important;}&#8221;][vc_column_text css=&#8221;.vc_custom_1636713382316{margin-top: -20px !important;}&#8221;]Deutscher Luxusblog[\/vc_column_text][\/vc_column][vc_column width=&#8221;1\/3&#8243;][vc_single_image image=&#8221;9056&#8243; img_size=&#8221;full&#8221; onclick=&#8221;custom_link&#8221; img_link_target=&#8221;_blank&#8221; link=&#8221;https:\/\/coolsten.de\/royal-wing-boomerangs\/&#8221;][vc_column_text css=&#8221;.vc_custom_1637250350396{margin-top: -20px !important;}&#8221;]Deutscher Designproduktblog[\/vc_column_text][\/vc_column][\/vc_row]\n","protected":false},"excerpt":{"rendered":"<p>[vc_row][vc_column][vc_column_text] Medienberichte aus aller Welt Hier ver\u00f6ffentlichen wir Medien, welche \u00fcber uns bereits weltweit berichtet haben. Magazine, Zeitungen, Radiosender, Fernsehen, Nachrichtenportale, &#8230;<\/p>\n","protected":false},"author":2,"featured_media":0,"parent":7748,"menu_order":0,"comment_status":"closed","ping_status":"closed","template":"","meta":[],"yoast_head":"<!-- This site is optimized with the Yoast SEO plugin v17.1 - https:\/\/yoast.com\/wordpress\/plugins\/seo\/ -->\n<title>Medienberichte - Royal Wing Boomerangs<\/title>\n<meta name=\"description\" content=\"Berichte \u00fcber unsere Luxusbumerangs und Bumerangmanufaktur aus aller Welt.\" \/>\n<meta name=\"robots\" content=\"index, follow, max-snippet:-1, max-image-preview:large, max-video-preview:-1\" \/>\n<link rel=\"canonical\" href=\"https:\/\/www.royalwingboomerangs.com\/de\/information\/medienberichte\/\" \/>\n<meta property=\"og:locale\" content=\"de_DE\" \/>\n<meta property=\"og:type\" content=\"article\" \/>\n<meta property=\"og:title\" content=\"Medienberichte - Royal Wing Boomerangs\" \/>\n<meta property=\"og:description\" content=\"Berichte \u00fcber unsere Luxusbumerangs und Bumerangmanufaktur aus aller Welt.\" \/>\n<meta property=\"og:url\" content=\"https:\/\/www.royalwingboomerangs.com\/de\/information\/medienberichte\/\" \/>\n<meta property=\"og:site_name\" content=\"Royal Wing Boomerangs\" \/>\n<meta property=\"article:modified_time\" content=\"2021-11-18T15:54:42+00:00\" \/>\n<meta name=\"twitter:card\" content=\"summary_large_image\" \/>\n<meta name=\"twitter:label1\" content=\"Gesch\u00e4tzte Lesezeit\" \/>\n\t<meta name=\"twitter:data1\" content=\"1\u00a0Minute\" \/>\n<script type=\"application\/ld+json\" class=\"yoast-schema-graph\">{\"@context\":\"https:\/\/schema.org\",\"@graph\":[{\"@type\":\"WebSite\",\"@id\":\"https:\/\/www.royalwingboomerangs.com\/en\/#website\",\"url\":\"https:\/\/www.royalwingboomerangs.com\/en\/\",\"name\":\"Royal Wing Boomerangs\",\"description\":\"Manufaktur f\\u00fcr Luxusbumerangs \/ Luxusspielzeug f\\u00fcr Erwachsene, Luxusgeschenk, Luxus, Spielzeug, Werbegeschenke, Wandschmuck, Teuer, Luxusm\\u00f6bel, Kaufen, Hersteller, Unternehmen, Dekoration, Sportartikel\",\"potentialAction\":[{\"@type\":\"SearchAction\",\"target\":{\"@type\":\"EntryPoint\",\"urlTemplate\":\"https:\/\/www.royalwingboomerangs.com\/en\/?s={search_term_string}\"},\"query-input\":\"required name=search_term_string\"}],\"inLanguage\":\"de\"},{\"@type\":\"WebPage\",\"@id\":\"https:\/\/www.royalwingboomerangs.com\/de\/information\/medienberichte\/#webpage\",\"url\":\"https:\/\/www.royalwingboomerangs.com\/de\/information\/medienberichte\/\",\"name\":\"Medienberichte - Royal Wing Boomerangs\",\"isPartOf\":{\"@id\":\"https:\/\/www.royalwingboomerangs.com\/en\/#website\"},\"datePublished\":\"2020-05-28T23:19:49+00:00\",\"dateModified\":\"2021-11-18T15:54:42+00:00\",\"description\":\"Berichte \\u00fcber unsere Luxusbumerangs und Bumerangmanufaktur aus aller Welt.\",\"breadcrumb\":{\"@id\":\"https:\/\/www.royalwingboomerangs.com\/de\/information\/medienberichte\/#breadcrumb\"},\"inLanguage\":\"de\",\"potentialAction\":[{\"@type\":\"ReadAction\",\"target\":[\"https:\/\/www.royalwingboomerangs.com\/de\/information\/medienberichte\/\"]}]},{\"@type\":\"BreadcrumbList\",\"@id\":\"https:\/\/www.royalwingboomerangs.com\/de\/information\/medienberichte\/#breadcrumb\",\"itemListElement\":[{\"@type\":\"ListItem\",\"position\":1,\"name\":\"Home\",\"item\":\"https:\/\/www.royalwingboomerangs.com\/de\/\"},{\"@type\":\"ListItem\",\"position\":2,\"name\":\"Information\",\"item\":\"https:\/\/www.royalwingboomerangs.com\/de\/information\/\"},{\"@type\":\"ListItem\",\"position\":3,\"name\":\"Medienberichte\"}]}]}<\/script>\n<!-- \/ Yoast SEO plugin. -->","yoast_head_json":{"title":"Medienberichte - Royal Wing Boomerangs","description":"Berichte \u00fcber unsere Luxusbumerangs und Bumerangmanufaktur aus aller Welt.","robots":{"index":"index","follow":"follow","max-snippet":"max-snippet:-1","max-image-preview":"max-image-preview:large","max-video-preview":"max-video-preview:-1"},"canonical":"https:\/\/www.royalwingboomerangs.com\/de\/information\/medienberichte\/","og_locale":"de_DE","og_type":"article","og_title":"Medienberichte - Royal Wing Boomerangs","og_description":"Berichte \u00fcber unsere Luxusbumerangs und Bumerangmanufaktur aus aller Welt.","og_url":"https:\/\/www.royalwingboomerangs.com\/de\/information\/medienberichte\/","og_site_name":"Royal Wing Boomerangs","article_modified_time":"2021-11-18T15:54:42+00:00","twitter_card":"summary_large_image","twitter_misc":{"Gesch\u00e4tzte Lesezeit":"1\u00a0Minute"},"schema":{"@context":"https:\/\/schema.org","@graph":[{"@type":"WebSite","@id":"https:\/\/www.royalwingboomerangs.com\/en\/#website","url":"https:\/\/www.royalwingboomerangs.com\/en\/","name":"Royal Wing Boomerangs","description":"Manufaktur f\u00fcr Luxusbumerangs \/ Luxusspielzeug f\u00fcr Erwachsene, Luxusgeschenk, Luxus, Spielzeug, Werbegeschenke, Wandschmuck, Teuer, Luxusm\u00f6bel, Kaufen, Hersteller, Unternehmen, Dekoration, Sportartikel","potentialAction":[{"@type":"SearchAction","target":{"@type":"EntryPoint","urlTemplate":"https:\/\/www.royalwingboomerangs.com\/en\/?s={search_term_string}"},"query-input":"required name=search_term_string"}],"inLanguage":"de"},{"@type":"WebPage","@id":"https:\/\/www.royalwingboomerangs.com\/de\/information\/medienberichte\/#webpage","url":"https:\/\/www.royalwingboomerangs.com\/de\/information\/medienberichte\/","name":"Medienberichte - Royal Wing Boomerangs","isPartOf":{"@id":"https:\/\/www.royalwingboomerangs.com\/en\/#website"},"datePublished":"2020-05-28T23:19:49+00:00","dateModified":"2021-11-18T15:54:42+00:00","description":"Berichte \u00fcber unsere Luxusbumerangs und Bumerangmanufaktur aus aller Welt.","breadcrumb":{"@id":"https:\/\/www.royalwingboomerangs.com\/de\/information\/medienberichte\/#breadcrumb"},"inLanguage":"de","potentialAction":[{"@type":"ReadAction","target":["https:\/\/www.royalwingboomerangs.com\/de\/information\/medienberichte\/"]}]},{"@type":"BreadcrumbList","@id":"https:\/\/www.royalwingboomerangs.com\/de\/information\/medienberichte\/#breadcrumb","itemListElement":[{"@type":"ListItem","position":1,"name":"Home","item":"https:\/\/www.royalwingboomerangs.com\/de\/"},{"@type":"ListItem","position":2,"name":"Information","item":"https:\/\/www.royalwingboomerangs.com\/de\/information\/"},{"@type":"ListItem","position":3,"name":"Medienberichte"}]}]}},"_links":{"self":[{"href":"https:\/\/www.royalwingboomerangs.com\/de\/wp-json\/wp\/v2\/pages\/7752"}],"collection":[{"href":"https:\/\/www.royalwingboomerangs.com\/de\/wp-json\/wp\/v2\/pages"}],"about":[{"href":"https:\/\/www.royalwingboomerangs.com\/de\/wp-json\/wp\/v2\/types\/page"}],"author":[{"embeddable":true,"href":"https:\/\/www.royalwingboomerangs.com\/de\/wp-json\/wp\/v2\/users\/2"}],"replies":[{"embeddable":true,"href":"https:\/\/www.royalwingboomerangs.com\/de\/wp-json\/wp\/v2\/comments?post=7752"}],"version-history":[{"count":8,"href":"https:\/\/www.royalwingboomerangs.com\/de\/wp-json\/wp\/v2\/pages\/7752\/revisions"}],"predecessor-version":[{"id":9060,"href":"https:\/\/www.royalwingboomerangs.com\/de\/wp-json\/wp\/v2\/pages\/7752\/revisions\/9060"}],"up":[{"embeddable":true,"href":"https:\/\/www.royalwingboomerangs.com\/de\/wp-json\/wp\/v2\/pages\/7748"}],"wp:attachment":[{"href":"https:\/\/www.royalwingboomerangs.com\/de\/wp-json\/wp\/v2\/media?parent=7752"}],"curies":[{"name":"wp","href":"https:\/\/api.w.org\/{rel}","templated":true}]}}