{"id":7750,"date":"2019-01-10T07:53:29","date_gmt":"2019-01-10T07:53:29","guid":{"rendered":"https:\/\/www.royalwingboomerangs.com\/information\/usage\/"},"modified":"2021-10-18T17:17:39","modified_gmt":"2021-10-18T17:17:39","slug":"verwendung","status":"publish","type":"page","link":"https:\/\/www.royalwingboomerangs.com\/de\/information\/verwendung\/","title":{"rendered":"Verwendungsm\u00f6glichkeiten"},"content":{"rendered":"[vc_row][vc_column][vc_column_text]\n<h2><span style=\"color: #666666;\"><strong>Vielseitige Verwendung der Royal Wing Bumerangs<\/strong><\/span><\/h2>\n<p>Bislang hat man weltweit alle Bumerangs mehr oder weniger ausschlie\u00dflich als Sportger\u00e4t benutzt. Keine Frage, das ist sicherlich auch der haupts\u00e4chliche Zweck eine Menge an Spass damit zu haben. Aber Royal Wing Boomerangs macht mit seiner Kreativit\u00e4t und Entwicklungen weitaus mehr daraus. In dieser Form hat es Luxusbumerangs noch nie gegeben, aber lassen Sie sich selbst von den vielf\u00e4ltigen Verwendungsm\u00f6glichkeiten \u00fcberzeugen.<\/p>\n<p>&nbsp;<\/p>\n<h3><span style=\"color: #666666;\"><strong>Sportger\u00e4t mit Spassfaktor<\/strong><\/span><\/h3>\n<p>Wie bereits erw\u00e4hnt, handelt es sich bei den Royal Wing Bumerangs um Sportger\u00e4te, welche zwar auch ab 16 Jahren benutzt werden k\u00f6nnten, aber eigentlich eher f\u00fcr Erwachsene konzipiert sind. Wer den &#8220;Dreh&#8221; raus hat, der wird damit eine Menge an Spa\u00df haben. Dieser steigert sich mit der Anzahl der Modelle, denn jedes hat ganz eigene Eigenschaften. Theoretisch kann man sich Tage, Wochen oder Monate damit besch\u00e4ftigen. Irgendwas ist immer anders, der Wind, das Wetter, die Umgebung, Freunde, usw., sodass nie Langeweile aufkommt. Wenn nicht so, wie sollte dann ein sportliches und spa\u00dfbringendes Hobby aussehen ?<\/p>\n<p>&nbsp;<\/p>\n<h3><span style=\"color: #666666;\"><strong>Dekoration<\/strong><\/span><\/h3>\n<p>Einen 30 Euro Bumerang w\u00fcrde man wohl kaum demonstrativ an die Wand nageln. Unsere Luxusbumerangs sind da ein ganz anderes Kaliber. Allein das gegossene Gravurschild aus gegossenem und vergoldetem Messing kostet schon fast das Dreifache. Alle Bestandteile f\u00fcgen sich bei den Royal Wing Bumerangs wie ein Puzzle zu einem Kunstwerk zusammen. Ein echtes &#8220;Schmuckst\u00fcck&#8221; im wahrsten Sinne des Wortes, nicht zuletzt auch durch die verwendeten Edelmetalle und Edelsteine. Selbst die Verpackung unterstreicht den Anspruch einer Luxusdekoration f\u00fcr h\u00f6chste Anspr\u00fcche. Man kann diese Bumerangs ohne Zweifel als Sportger\u00e4t benutzen, gleichzeitig aber auch seine Wohnungseinrichtung aufwerten.<\/p>\n<p>&nbsp;<\/p>\n<h3><span style=\"color: #666666;\"><strong>Statussymbol<\/strong><\/span><\/h3>\n<p>Man zeigt in der Regel was man hat. Andere k\u00f6nnen anhand dessen den sozialen Status ablesen, da sich nicht jeder solche exklusiven, edlen und teuren Luxusprodukte leisten k\u00f6nnen. Auch Royal Wing Bumerangs geh\u00f6ren in jedem Fall dazu. In jedem Fall werden diese f\u00fcr erh\u00f6hte Aufmerksamkeit und Bewunderung sorgen.<\/p>\n<p>&nbsp;<\/p>\n<h3><span style=\"color: #666666;\"><strong>Geschenk<\/strong><\/span><\/h3>\n<p>Ob f\u00fcr Freunde, Familie oder Gesch\u00e4ftspartner, mit Geschenken zeigt man seine Wertsch\u00e4tzung. Gerade deshalb sind unsere Produkte genau die richtige Wahl. Sie sind einzigartig, wertvoll, vielseitig und sch\u00f6n anzusehen. Vor allem w\u00e4re das doch mal wirklich etwas Neues, im Gegensatz zum &#8220;Standardgeschenk&#8221; Wein, Parfum, Gutscheine, Geld, usw., bei denen man eigentlich immer nur Falsch liegen kann.<\/p>\n<p>&nbsp;<\/p>\n<h3><span style=\"color: #666666;\"><strong>Gesch\u00e4ftsveredelung<\/strong><\/span><\/h3>\n<p>Unsere Bumerangs k\u00f6nnen nicht nur privat als Dekoration f\u00fcr zu Hause genutzt werden, sondern man kann damit auch Restaurants, Kneipen, Arztpraxen, Verkaufsr\u00e4ume wie beim Juwelier, Galerien, usw. aufwerten. Eine edle Inneneinrichtung zieht damit ausgestattet nat\u00fcrlich auch indirekt Kunden an.<\/p>\n<p>&nbsp;<\/p>\n<h3><span style=\"color: #666666;\"><strong>Gesundheit<\/strong><\/span><\/h3>\n<p>Dieser Aspekt wird leider v\u00f6llig vergessen oder untersch\u00e4tzt. Heutzutage kommt man viel zu selten raus in die Natur. Auch Bewegungsmangel sorgt nicht gerade f\u00fcr einen guten Gesundheitszustand. Viel zu oft sucht und findet man Gr\u00fcnde doch lieber zu Hause, oder im B\u00fcro zu bleiben. Man braucht einen Aufh\u00e4nger, eine interessante Besch\u00e4ftigung die Spa\u00df macht und gleichzeitig einen positiven Nebeneffekt besitzt. Das trifft genau auf den Bumerangsport zu. Man ist in der Natur, bleibt st\u00e4ndig in Bewegung, ohne sich v\u00f6llig zu \u00fcberanstrengen. M\u00f6chte man auch etwas entfernter runterkommende Bumerangs auffangen, dann kommt man aber durchaus auch ins Schwitzen. Im Hinterkopf sollte man daher immer haben, dass die eigene Gesundheit unbezahlbar ist, denn dann f\u00e4llt einem eine Investition in Royal Wing Bumerangs auch leichter. Egal ob man nun einen, f\u00fcnf, zehn oder das komplette Programm kauft.<\/p>\n<p>&nbsp;<\/p>\n<h3><span style=\"color: #666666;\"><strong>Verbindet Menschen<\/strong><\/span><\/h3>\n<p>Man kann sich ohne Probleme ganz allein mit Bumerangs besch\u00e4ftigen, aber gerade in Gesellschaft macht es umso mehr Spa\u00df. Selbst mit v\u00f6llig fremden Menschen kommt man so ins Gespr\u00e4ch. Insbesondere auch unsere Herzensbumerangs ( kommen sp\u00e4ter ) sprechen f\u00fcr sich. Verschenkt kann man damit andeuten, dass jemand ein goldenes Herz hat, oder eine bestimmte Person jemanden sehr viel bedeutet.<\/p>\n<p>&nbsp;<\/p>\n<h3><span style=\"color: #666666;\"><strong>Einzigartiges Produkt besitzen<\/strong><\/span><\/h3>\n<p>Seltenheit und Exklusivit\u00e4t hat schon immer bei den Menschen f\u00fcr Interesse gesorgt. Man will sich mit solchen Produkten in das Rampenlicht stellen und so Begehrlich wie das Luxusprodukt selber werden. In jedem Fall wird so auch das eigene Selbstbewu\u00dftsein gest\u00e4rkt. Innerhalb einer gewissen Bev\u00f6lkerungsgruppe gibt es schon sowas wie, wer hat den gr\u00f6\u00dften, l\u00e4ngsten, teuersten, besten, exklusivsten, &#8230;.. Einzigartiger als Royal Wing Bumerangs geht eigentlich nicht mehr.<\/p>\n<p>&nbsp;<\/p>\n<h3><span style=\"color: #666666;\"><strong>Aufmerksamkeit erregen<\/strong><\/span><\/h3>\n<p>Schweigen ist Silber, reden ist Gold. Damit schafft man Gesch\u00e4ftskontakte, hat also mehr Erfolg im Beruf. Aber auch bei der Partnersuche und anderen sozialen Kontakten ist das sicherlich Hilfreich. Gespr\u00e4chsthemen fallen jedoch nicht vom Himmel, sondern man muss selbst Gelegenheiten schaffen. Wenn man sich die hundertste Uhr gekauft hat, ist das sicher auch nicht mehr so ein toller &#8220;Aufh\u00e4nger&#8221;. Mit einem Bumerang, einer Kollektion oder dem ganzen Programm h\u00e4tte man mal einen ganz neuen Aspekt in der Hinterhand. Viel tun muss man dabei eigentlich nicht, denn oft wird man von anderen ohne Zutun beim Werfen oder Hausbesuch angesprochen.<\/p>\n<p>&nbsp;<\/p>\n<h3><span style=\"color: #666666;\"><strong>Sammelleidenschaft<\/strong><\/span><\/h3>\n<p>Es gibt Menschen, welche alles M\u00f6gliche sammeln. Puppen, Feuerzeuge, Autos, Schuhe, M\u00fcnzen, Briefmarken, Handtaschen, Waffen, &#8230; Nat\u00fcrlich kann man auch Royal Wing Bumerangs sammeln, zumal wir unser Angebot st\u00e4ndig erweitern. Aktuell sind 26 verschiedene Bumerangs erh\u00e4ltlich, aber weitere Exemplare befinden sich bereits in der Entwicklung.<\/p>\n<p>&nbsp;<\/p>\n<h3><span style=\"color: #666666;\"><strong>Sich einfach mal etwas g\u00f6nnen<\/strong><\/span><\/h3>\n<p>Muss jede Ausgabe 100% einen Sinn machen ? Oder muss man sich eventuell rechtfertigen ? Viele und immer mehr besitzen soviel Geld, dass man es bis zum Lebensende eh nicht mehr ausgeben kann. Am Schluss bleibt nur verschenken oder vererben an Hinterbliebene, denn mit ins Grab nehmen kann man sein Verm\u00f6gen bekanntlich nicht. Warum also nicht einfach mal sich was Gutes tun und etwas g\u00f6nnen ? Mit Bumerangs von Royal Wing hat man wenigstens zu Lebzeiten noch etwas davon.<\/p>\n<p>&nbsp;<\/p>\n<h3><span style=\"color: #666666;\"><strong>Werbung f\u00fcr Unternehmen<\/strong><\/span><\/h3>\n<p>Ein positiver Effekt ergibt sich f\u00fcr Unternehmen bei unseren <a href=\"https:\/\/www.royalwingboomerangs.com\/de\/contact\/\">Werbebumerangs<\/a>. Gerne produzieren wir f\u00fcr Sie Bumerangs mit Ihrem Logo, bei gr\u00f6\u00dferer St\u00fcckzahl sogar mit eigenem Design. Diese k\u00f6nnten Sie an potentielle Kunden verschenken, oder nat\u00fcrlich an wichtige Bestandskunden, Gesch\u00e4ftspartner, usw. Sinnbildlich k\u00f6nnte man es zum Beispiel so deuten. &#8220;Wir w\u00fcrden uns freuen, wenn Sie immer wieder zu uns zur\u00fcckkehren w\u00fcrden. &#8221; Geld verdienen l\u00e4sst sich mit unseren Luxusbumerangs nat\u00fcrlich ebenfalls.<\/p>\n<p>&nbsp;<\/p>\n<h3><span style=\"color: #666666;\"><strong>Gratisbeilage<\/strong><\/span><\/h3>\n<p>Unsere Bumerangs kann man bei sehr teuren Luxusprodukten auch als zus\u00e4tzliche Beilage nutzen. Beispielsweise beim Kauf eines Luxusautos, Hubschrauber, Privatjet, Luxusyacht, Privatinsel, Luxusvilla, Wohnmobil, usw. Auf diese Weise vertieft man die Kundenbindung mit einem zus\u00e4tzlichen &#8220;Extra&#8221;.<\/p>\n<p><strong>Fazit:<\/strong> Wie man sieht, ergeben sich mit Luxusbumerangs von Royal Wing unz\u00e4hlige M\u00f6glichkeiten. Deswegen lohnt es sich noch mehr diese zu kaufen.[\/vc_column_text][\/vc_column][\/vc_row]\n","protected":false},"excerpt":{"rendered":"<p>[vc_row][vc_column][vc_column_text] Vielseitige Verwendung der Royal Wing Bumerangs Bislang hat man weltweit alle Bumerangs mehr oder weniger ausschlie\u00dflich als Sportger\u00e4t benutzt. Keine Frage,<\/p>\n","protected":false},"author":2,"featured_media":0,"parent":7748,"menu_order":0,"comment_status":"closed","ping_status":"closed","template":"","meta":[],"yoast_head":"<!-- This site is optimized with the Yoast SEO plugin v17.1 - https:\/\/yoast.com\/wordpress\/plugins\/seo\/ -->\n<title>Vielseitige Verwendung der Royal Wing Bumerangs als Statussymbol, Geschenk, Sportger\u00e4t, Dekoration und zur F\u00f6rderung der Gesundheit<\/title>\n<meta name=\"description\" content=\"Unsere Luxusbumerangs sind weitaus mehr als ein reines Sportger\u00e4t mit Spassfaktor. Auch das macht diese so wertvoll.\" \/>\n<meta name=\"robots\" content=\"index, follow, max-snippet:-1, max-image-preview:large, max-video-preview:-1\" \/>\n<link rel=\"canonical\" href=\"https:\/\/www.royalwingboomerangs.com\/de\/information\/verwendung\/\" \/>\n<meta property=\"og:locale\" content=\"de_DE\" \/>\n<meta property=\"og:type\" content=\"article\" \/>\n<meta property=\"og:title\" content=\"Vielseitige Verwendung der Royal Wing Bumerangs als Statussymbol, Geschenk, Sportger\u00e4t, Dekoration und zur F\u00f6rderung der Gesundheit\" \/>\n<meta property=\"og:description\" content=\"Unsere Luxusbumerangs sind weitaus mehr als ein reines Sportger\u00e4t mit Spassfaktor. Auch das macht diese so wertvoll.\" \/>\n<meta property=\"og:url\" content=\"https:\/\/www.royalwingboomerangs.com\/de\/information\/verwendung\/\" \/>\n<meta property=\"og:site_name\" content=\"Royal Wing Boomerangs\" \/>\n<meta property=\"article:modified_time\" content=\"2021-10-18T17:17:39+00:00\" \/>\n<meta name=\"twitter:card\" content=\"summary_large_image\" \/>\n<meta name=\"twitter:label1\" content=\"Gesch\u00e4tzte Lesezeit\" \/>\n\t<meta name=\"twitter:data1\" content=\"6\u00a0Minuten\" \/>\n<script type=\"application\/ld+json\" class=\"yoast-schema-graph\">{\"@context\":\"https:\/\/schema.org\",\"@graph\":[{\"@type\":\"WebSite\",\"@id\":\"https:\/\/www.royalwingboomerangs.com\/en\/#website\",\"url\":\"https:\/\/www.royalwingboomerangs.com\/en\/\",\"name\":\"Royal Wing Boomerangs\",\"description\":\"Manufaktur f\\u00fcr Luxusbumerangs \/ Luxusspielzeug f\\u00fcr Erwachsene, Luxusgeschenk, Luxus, Spielzeug, Werbegeschenke, Wandschmuck, Teuer, Luxusm\\u00f6bel, Kaufen, Hersteller, Unternehmen, Dekoration, Sportartikel\",\"potentialAction\":[{\"@type\":\"SearchAction\",\"target\":{\"@type\":\"EntryPoint\",\"urlTemplate\":\"https:\/\/www.royalwingboomerangs.com\/en\/?s={search_term_string}\"},\"query-input\":\"required name=search_term_string\"}],\"inLanguage\":\"de\"},{\"@type\":\"WebPage\",\"@id\":\"https:\/\/www.royalwingboomerangs.com\/de\/information\/verwendung\/#webpage\",\"url\":\"https:\/\/www.royalwingboomerangs.com\/de\/information\/verwendung\/\",\"name\":\"Vielseitige Verwendung der Royal Wing Bumerangs als Statussymbol, Geschenk, Sportger\\u00e4t, Dekoration und zur F\\u00f6rderung der Gesundheit\",\"isPartOf\":{\"@id\":\"https:\/\/www.royalwingboomerangs.com\/en\/#website\"},\"datePublished\":\"2019-01-10T07:53:29+00:00\",\"dateModified\":\"2021-10-18T17:17:39+00:00\",\"description\":\"Unsere Luxusbumerangs sind weitaus mehr als ein reines Sportger\\u00e4t mit Spassfaktor. Auch das macht diese so wertvoll.\",\"breadcrumb\":{\"@id\":\"https:\/\/www.royalwingboomerangs.com\/de\/information\/verwendung\/#breadcrumb\"},\"inLanguage\":\"de\",\"potentialAction\":[{\"@type\":\"ReadAction\",\"target\":[\"https:\/\/www.royalwingboomerangs.com\/de\/information\/verwendung\/\"]}]},{\"@type\":\"BreadcrumbList\",\"@id\":\"https:\/\/www.royalwingboomerangs.com\/de\/information\/verwendung\/#breadcrumb\",\"itemListElement\":[{\"@type\":\"ListItem\",\"position\":1,\"name\":\"Home\",\"item\":\"https:\/\/www.royalwingboomerangs.com\/de\/\"},{\"@type\":\"ListItem\",\"position\":2,\"name\":\"Information\",\"item\":\"https:\/\/www.royalwingboomerangs.com\/de\/information\/\"},{\"@type\":\"ListItem\",\"position\":3,\"name\":\"Verwendungsm\\u00f6glichkeiten\"}]}]}<\/script>\n<!-- \/ Yoast SEO plugin. -->","yoast_head_json":{"title":"Vielseitige Verwendung der Royal Wing Bumerangs als Statussymbol, Geschenk, Sportger\u00e4t, Dekoration und zur F\u00f6rderung der Gesundheit","description":"Unsere Luxusbumerangs sind weitaus mehr als ein reines Sportger\u00e4t mit Spassfaktor. Auch das macht diese so wertvoll.","robots":{"index":"index","follow":"follow","max-snippet":"max-snippet:-1","max-image-preview":"max-image-preview:large","max-video-preview":"max-video-preview:-1"},"canonical":"https:\/\/www.royalwingboomerangs.com\/de\/information\/verwendung\/","og_locale":"de_DE","og_type":"article","og_title":"Vielseitige Verwendung der Royal Wing Bumerangs als Statussymbol, Geschenk, Sportger\u00e4t, Dekoration und zur F\u00f6rderung der Gesundheit","og_description":"Unsere Luxusbumerangs sind weitaus mehr als ein reines Sportger\u00e4t mit Spassfaktor. Auch das macht diese so wertvoll.","og_url":"https:\/\/www.royalwingboomerangs.com\/de\/information\/verwendung\/","og_site_name":"Royal Wing Boomerangs","article_modified_time":"2021-10-18T17:17:39+00:00","twitter_card":"summary_large_image","twitter_misc":{"Gesch\u00e4tzte Lesezeit":"6\u00a0Minuten"},"schema":{"@context":"https:\/\/schema.org","@graph":[{"@type":"WebSite","@id":"https:\/\/www.royalwingboomerangs.com\/en\/#website","url":"https:\/\/www.royalwingboomerangs.com\/en\/","name":"Royal Wing Boomerangs","description":"Manufaktur f\u00fcr Luxusbumerangs \/ Luxusspielzeug f\u00fcr Erwachsene, Luxusgeschenk, Luxus, Spielzeug, Werbegeschenke, Wandschmuck, Teuer, Luxusm\u00f6bel, Kaufen, Hersteller, Unternehmen, Dekoration, Sportartikel","potentialAction":[{"@type":"SearchAction","target":{"@type":"EntryPoint","urlTemplate":"https:\/\/www.royalwingboomerangs.com\/en\/?s={search_term_string}"},"query-input":"required name=search_term_string"}],"inLanguage":"de"},{"@type":"WebPage","@id":"https:\/\/www.royalwingboomerangs.com\/de\/information\/verwendung\/#webpage","url":"https:\/\/www.royalwingboomerangs.com\/de\/information\/verwendung\/","name":"Vielseitige Verwendung der Royal Wing Bumerangs als Statussymbol, Geschenk, Sportger\u00e4t, Dekoration und zur F\u00f6rderung der Gesundheit","isPartOf":{"@id":"https:\/\/www.royalwingboomerangs.com\/en\/#website"},"datePublished":"2019-01-10T07:53:29+00:00","dateModified":"2021-10-18T17:17:39+00:00","description":"Unsere Luxusbumerangs sind weitaus mehr als ein reines Sportger\u00e4t mit Spassfaktor. Auch das macht diese so wertvoll.","breadcrumb":{"@id":"https:\/\/www.royalwingboomerangs.com\/de\/information\/verwendung\/#breadcrumb"},"inLanguage":"de","potentialAction":[{"@type":"ReadAction","target":["https:\/\/www.royalwingboomerangs.com\/de\/information\/verwendung\/"]}]},{"@type":"BreadcrumbList","@id":"https:\/\/www.royalwingboomerangs.com\/de\/information\/verwendung\/#breadcrumb","itemListElement":[{"@type":"ListItem","position":1,"name":"Home","item":"https:\/\/www.royalwingboomerangs.com\/de\/"},{"@type":"ListItem","position":2,"name":"Information","item":"https:\/\/www.royalwingboomerangs.com\/de\/information\/"},{"@type":"ListItem","position":3,"name":"Verwendungsm\u00f6glichkeiten"}]}]}},"_links":{"self":[{"href":"https:\/\/www.royalwingboomerangs.com\/de\/wp-json\/wp\/v2\/pages\/7750"}],"collection":[{"href":"https:\/\/www.royalwingboomerangs.com\/de\/wp-json\/wp\/v2\/pages"}],"about":[{"href":"https:\/\/www.royalwingboomerangs.com\/de\/wp-json\/wp\/v2\/types\/page"}],"author":[{"embeddable":true,"href":"https:\/\/www.royalwingboomerangs.com\/de\/wp-json\/wp\/v2\/users\/2"}],"replies":[{"embeddable":true,"href":"https:\/\/www.royalwingboomerangs.com\/de\/wp-json\/wp\/v2\/comments?post=7750"}],"version-history":[{"count":5,"href":"https:\/\/www.royalwingboomerangs.com\/de\/wp-json\/wp\/v2\/pages\/7750\/revisions"}],"predecessor-version":[{"id":8823,"href":"https:\/\/www.royalwingboomerangs.com\/de\/wp-json\/wp\/v2\/pages\/7750\/revisions\/8823"}],"up":[{"embeddable":true,"href":"https:\/\/www.royalwingboomerangs.com\/de\/wp-json\/wp\/v2\/pages\/7748"}],"wp:attachment":[{"href":"https:\/\/www.royalwingboomerangs.com\/de\/wp-json\/wp\/v2\/media?parent=7750"}],"curies":[{"name":"wp","href":"https:\/\/api.w.org\/{rel}","templated":true}]}}